{"id":2998,"date":"2020-09-17T18:31:54","date_gmt":"2020-09-17T15:31:54","guid":{"rendered":"https:\/\/silveshills.com\/home\/"},"modified":"2025-12-16T12:33:18","modified_gmt":"2025-12-16T09:33:18","slug":"home","status":"publish","type":"page","link":"https:\/\/silveshills.com\/de\/","title":{"rendered":"Silves Hills"},"content":{"rendered":"\n    <section class=\"hero hero-video-block\">\n        <div class=\"video-wrapper\">\n            <video autoplay muted loop playsinline id=\"bg-video\">\n                <source src=\"https:\/\/silveshills.com\/wp-content\/uploads\/2025\/12\/Silves-Hills_BALANCE_DE_UUS.mp4\" type=\"video\/mp4\">\n                Your browser does not support HTML5 video.\n            <\/video>\n        <\/div>\n\n        <div class=\"hero-content\">\n                            <h1>Silves Hills<\/h1>\n                    <\/div>\n            <\/section>\n\n\n\n<section class=\"cta-block text-center\" >\n    <div class=\"small_container\">\n        <div class=\"cta_content\">\n                            <div class=\"subtitle-text\">\n                    <p>Finde dein Gleichgewicht<\/p>\n                <\/div>\n            \n                            <div class=\"cta_text fade-in-up\"><h2>Nachhaltige Villen im zeitlosen Herzen der Algarve<\/h2>\n<p>Entdecken Sie einen Lebensstil, der f\u00fcr dauerhaftes Wohlbefinden konzipiert ist. Nur wenige Minuten vom urspr\u00fcnglichen Silves entfernt liegt Silves Hills, ein besonderes Ensemble umweltbewusster Villen mit privaten Pools, begr\u00fcnten D\u00e4chern und Panoramablick. Eingebettet in eine Gemeinschaft, wo Natur, Gesundheit, Gl\u00fcck und Verbundenheit an erster Stelle stehen.<\/p>\n<\/div>\n            \n                            <a href=\"https:\/\/silveshills.com\/de\/hauser\/\" \n                    class=\"cta_btn cta-btn btn\" data-cta=\"Finde deine Villa\"\n                    target=\"_self\">\n                    Finde deine Villa                <\/a>\n                    <\/div>\n    <\/div>\n<\/section>\n\n\n<section class=\"boxes-grid-block\"  \n    style=\"background-color: #ffffff;\">\n    <div class=\"container-fluid px-0\">\n        <div class=\"boxes_grid_content\">\n                                            <div class=\"box_item fade-in-up\">\n                                            <div class=\"box_image\">\n                            <img decoding=\"async\" class=\"w-100 h-100\" src=\"https:\/\/silveshills.com\/wp-content\/uploads\/2025\/11\/pexels-mali-68468-3-min-2.webp\" width=\"472\" height=\"543\" alt=\"\" \/>\n                        <\/div>\n                                                                <h3 class=\"box_title\">HAUS<\/h3>\n                                                                <div class=\"box_text mx-auto\"><p>Skandinavisches Design f\u00fcr das Leben in Portugal<\/p>\n<\/div>\n                                    <\/div>\n                                            <div class=\"box_item fade-in-up\">\n                                            <div class=\"box_image\">\n                            <img decoding=\"async\" class=\"w-100 h-100\" src=\"https:\/\/silveshills.com\/wp-content\/uploads\/2025\/11\/Rectangle-min-2.webp\" width=\"472\" height=\"543\" alt=\"\" \/>\n                        <\/div>\n                                                                <h3 class=\"box_title\">FRIEDEN<\/h3>\n                                                                <div class=\"box_text mx-auto\"><p>Ein Zufluchtsort f\u00fcr Herz und Seele<\/p>\n<\/div>\n                                    <\/div>\n                                            <div class=\"box_item fade-in-up\">\n                                            <div class=\"box_image\">\n                            <img decoding=\"async\" class=\"w-100 h-100\" src=\"https:\/\/silveshills.com\/wp-content\/uploads\/2025\/11\/pexels-mali-68468-5-min-2.webp\" width=\"480\" height=\"543\" alt=\"\" \/>\n                        <\/div>\n                                                                <h3 class=\"box_title\">NATUR<\/h3>\n                                                                <div class=\"box_text mx-auto\"><p>Unber\u00fchrte Gelassenheit vor deiner Haust\u00fcr<\/p>\n<\/div>\n                                    <\/div>\n                    <\/div>\n    <\/div>\n<\/section>\n\n\n<section id=\"map_background\" class=\"map-background-block\" >\n    <div class=\"container position-relative\">\n        <div class=\"row align-items-center\">\n            <div class=\"map-background-content col col-md-6 col-12 d-flex justify-content-center\">\n                <div class=\"map-background-content-inside text-md-start text-center\">\n                                            <div class=\"subtitle-text\">\n                            <p>SILVES HILLS<\/p>\n                        <\/div>\n                    \n                                            <div class=\"map_bg_text\">\n                            <h2>Wo das Leben auf<br \/>\ndie Natur trifft<\/h2>\n<p><span style=\"font-weight: 400;\">Auf einem 65 Hektar gro\u00dfen Grundst\u00fcck in Hanglage im Herzen der portugiesischen Algarve gelegen, bietet Silves Hills Raum, Ruhe und ein starkes Heimatgef\u00fchl. Genie\u00dfen Sie von Ihrem Haus in Hanglage aus den weiten Blick auf die Berge von Monchique, den direkten Zugang zu Wander- und Radwegen und die N\u00e4he zu den besten Str\u00e4nden, Golfpl\u00e4tzen und Annehmlichkeiten der Region.<\/span><\/p>\n                        <\/div>\n                    \n                                            <a href=\"\/de\/ort\/\" \n                            class=\"btn\"\n                            target=\"_self\">\n                            Standort erkunden                        <\/a>\n                                    <\/div>\n            <\/div>\n                            <div class=\"image-col col col-md-6 col-12\">\n                    <div class=\"image-wrap text-end\">\n                        <img decoding=\"async\" src=\"https:\/\/silveshills.com\/wp-content\/uploads\/2025\/11\/Group-2740-3.svg\" width=\"716\" height=\"973\" alt=\"\" \/>\n                    <\/div>\n                <\/div>\n                    <\/div>\n    <\/div>\n<\/section>\n\n\n<section  class=\"three-columns-block\">\n    <div class=\"container\">\n                <div class=\"col-row d-flex\">\n                            <div class=\"img-container\">\n                    <div class=\"img-wrapper position-relative h-100 overflow-hidden\">\n                        <img decoding=\"async\" class=\"position-absolute w-100 h-100\" src=\"https:\/\/silveshills.com\/wp-content\/uploads\/2025\/11\/shutterstock_2210367441-1-min-2.webp\" alt=\"\">\n                    <\/div>\n                <\/div>\n                        <div class=\"text-container fade-in-up d-flex align-items-center text-lg-start text-center\">\n                <div class=\"text-wrapper\">\n                                            <div class=\"subtitle-text\">\n                            <p>Entfernung: direkt vor deiner Haust\u00fcr<\/p>\n                        <\/div>\n                    \n                                            <div class=\"column-content d-flex flex-column align-items-lg-start align-items-center\">\n                            <h2>Monchique-<br \/>\nGebirge<\/h2>\n<p>Im Westen erhebt sich das Monchique-Gebirge in bewaldeter Stille und bietet malerische Wanderwege, Wellness-Oasen und Thermalquellen. Im nahe gelegenen Caldas de Monchique flie\u00dft noch immer Heilwasser, das schon in der R\u00f6merzeit bekannt war.<\/p>\n                        <\/div>\n                                    <\/div>\n            <\/div>\n        <\/div>\n                <div class=\"col-row d-flex\">\n                            <div class=\"img-container\">\n                    <div class=\"img-wrapper position-relative h-100 overflow-hidden\">\n                        <img decoding=\"async\" class=\"position-absolute w-100 h-100\" src=\"https:\/\/silveshills.com\/wp-content\/uploads\/2025\/11\/shutterstock_1323132176-1-min-2.webp\" alt=\"\">\n                    <\/div>\n                <\/div>\n                        <div class=\"text-container fade-in-up d-flex align-items-center text-lg-start text-center\">\n                <div class=\"text-wrapper\">\n                                            <div class=\"subtitle-text\">\n                            <p>Entfernung: 1,8 KM<\/p>\n                        <\/div>\n                    \n                                            <div class=\"column-content d-flex flex-column align-items-lg-start align-items-center\">\n                            <h2>Die historische<br \/>\nStadt Silves<\/h2>\n<p>Nur wenige Minuten entfernt liegt Silves, die ehemalige Hauptstadt der Algarve \u2013 reich an maurischer Geschichte und gekr\u00f6nt von einer Burg aus rotem Stein. Hier finden Sie die perfekte Mischung aus kultureller Tiefe und ruhigem Charme, nur wenige Minuten von Ihrem R\u00fcckzugsort entfernt.<\/p>\n                        <\/div>\n                                    <\/div>\n            <\/div>\n        <\/div>\n                <div class=\"col-row d-flex\">\n                            <div class=\"img-container\">\n                    <div class=\"img-wrapper position-relative h-100 overflow-hidden\">\n                        <img decoding=\"async\" class=\"position-absolute w-100 h-100\" src=\"https:\/\/silveshills.com\/wp-content\/uploads\/2025\/03\/fb24a2749665fa4f9cfdf7034d1107bf.webp\" alt=\"\">\n                    <\/div>\n                <\/div>\n                        <div class=\"text-container fade-in-up d-flex align-items-center text-lg-start text-center\">\n                <div class=\"text-wrapper\">\n                                            <div class=\"subtitle-text\">\n                            <p>Entfernung: 30 KM<\/p>\n                        <\/div>\n                    \n                                            <div class=\"column-content d-flex flex-column align-items-lg-start align-items-center\">\n                            <h2>Praia da<br \/>\nFal\u00e9sia<\/h2>\n<p>Wo feurig rote Klippen auf den endlosen Atlantik treffen, erstreckt sich Praia da Fal\u00e9sia \u00fcber 6 km \u2013 ein goldenes Sandband, hinter dem sich rostfarbene Steilk\u00fcsten und windgekr\u00fcmmte Kiefern erheben. Spazieren Sie bei Sonnenaufgang entlang des Strandes und f\u00fchlen Sie sich wie der einzige Mensch auf Erden.<\/p>\n                        <\/div>\n                                    <\/div>\n            <\/div>\n        <\/div>\n            <\/div>\n<\/section>\n\n\n<section class=\"location-concept-block bg-white text-center\">\n    <div class=\"small_container fade-in-up\">\n                    <div class=\"subtitle-text d-flex align-items-center justify-content-center mx-auto\">\n                <p>Silves Hills<\/p>\n            <\/div>\n                            <div class=\"block-text d-flex flex-column align-items-center justify-content-center mx-auto\">\n                <h2>Wo Ruhe und Natur den Ton angeben<\/h2>\n<p>Silves Hills ist f\u00fcr Menschen gemacht, die mehr suchen als nur ein Zuhause \u2013 f\u00fcr jene, die echte Balance und Lebensqualit\u00e4t sch\u00e4tzen.<br \/>\nW\u00e4hrend andere Projekte mit Gr\u00f6\u00dfe, Lautst\u00e4rke und K\u00fcstenn\u00e4he werben, geht Silves Hills bewusst einen anderen Weg: den Weg der Stille und Nat\u00fcrlichkeit.<br \/>\nIn der nahe der letzten gesch\u00fctzten Naturpark seiner Art in der Algarve gelegen, ist Silves Hills ein Ort, an dem Ruhe nicht nur ein Extra ist, sondern das Herzst\u00fcck des Lebens.<\/p>\n            <\/div>\n        \n                    <a class=\"btn d-inline-block\" href=\"https:\/\/silveshills.com\/de\/die-vision-hinter-einem-einzigartigen-standort-interview-mit-kristjan-thor-vaehi\/\" target=\"_self\">MEHR LESEN<\/a>\n        \n                    <div class=\"image-wrap-author\">\n                                    <img decoding=\"async\" src=\"https:\/\/silveshills.com\/wp-content\/uploads\/2025\/11\/Group-2723-3.svg\" width=\"334\" height=\"83\" alt=\"\" \/>\n                                                    <div class=\"image-wrap-author-text\">\n                        <p>Kristjan-Thor V\u00e4hi<br \/>\r\nGr\u00fcnder und CEO von Invego<\/p>\n                    <\/div>\n                            <\/div>\n        \n                    <div class=\"image-wrap\">\n                <img decoding=\"async\" src=\"https:\/\/silveshills.com\/wp-content\/uploads\/2025\/11\/Rectangle-402-min-2.webp\" width=\"1024\" height=\"571\" alt=\"\" \/>\n            <\/div>\n            <\/div>\n<\/section>\n\n\n<section class=\"cta-block text-center\" >\n    <div class=\"small_container\">\n        <div class=\"cta_content\">\n                            <div class=\"subtitle-text\">\n                    <p>F\u00dcR GANSJ\u00c4HRIGES WOHNEN ENTWORFEN<\/p>\n                <\/div>\n            \n                            <div class=\"cta_text fade-in-up\"><h2>DIE FERIENSAISON ERWEITERT \u2013<br \/>\nAUF 365 TAGE IM JAHR<\/h2>\n<\/div>\n            \n                    <\/div>\n    <\/div>\n<\/section>\n\n\n<section class=\"image-block full-width-image\" >\n    \n    <img decoding=\"async\" class=\"w-100\" src=\"https:\/\/silveshills.com\/wp-content\/uploads\/2025\/11\/Quinta-do-Pateiro_270123-1-16-1-min-2.webp\" width=\"1440\" height=\"830\" alt=\"\" \/>\n\n    <\/section>\n\n\n<section class=\"info-boxes-grid-block\" >\n    <div class=\"small_container\">\n        <div class=\"columns_wrapper\">\n                            <div class=\"info-item fade-in-up\">\n                    <div class=\"info-item-nr\">\n                        <h2>01<\/h2>\n                    <\/div>\n                                            <p>Jede Villa verf\u00fcgt \u00fcber einen exklusiven privaten beheizten Pool, den Sie das ganze Jahr \u00fcber genie\u00dfen k\u00f6nnen.<\/p>\n                                    <\/div>\n                            <div class=\"info-item fade-in-up\">\n                    <div class=\"info-item-nr\">\n                        <h2>02<\/h2>\n                    <\/div>\n                                            <p>Die raumhohen Fenster lassen sich nahtlos \u00f6ffnen und erweitern Ihren Wohnraum nach drau\u00dfen, sodass Sie die Natur in Ihr Zuhause holen k\u00f6nnen.<\/p>\n                                    <\/div>\n                            <div class=\"info-item fade-in-up\">\n                    <div class=\"info-item-nr\">\n                        <h2>03<\/h2>\n                    <\/div>\n                                            <p>Entworfen f\u00fcr das ganzj\u00e4hrige Wohnen, aber auch perfekt f\u00fcr k\u00fcrzere Urlaube.<\/p>\n                                    <\/div>\n                            <div class=\"info-item fade-in-up\">\n                    <div class=\"info-item-nr\">\n                        <h2>04<\/h2>\n                    <\/div>\n                                            <p>Gebaut nach den h\u00f6chsten Standards, mit modernsten Heiz- und K\u00fchlsystemen f\u00fcr h\u00f6chsten Komfort und beste Effizienz.<\/p>\n                                    <\/div>\n                    <\/div>\n    <\/div>\n<\/section>\n\n\n\n\n<section class=\"cta-block text-center\" >\n    <div class=\"small_container\">\n        <div class=\"cta_content\">\n            \n                            <div class=\"cta_text fade-in-up\"><h2>Sie k\u00f6nnen aus drei Villentypen w\u00e4hlen.<\/h2>\n<\/div>\n            \n                            <a href=\"https:\/\/silveshills.com\/de\/hauser\/\" \n                    class=\"cta_btn cta-btn btn\" data-cta=\"Jetzt entdecken\"\n                    target=\"_self\">\n                    Jetzt entdecken                <\/a>\n                    <\/div>\n    <\/div>\n<\/section>\n\n\n<section class=\"image-block\" >\n            <div class=\"container\">\n    \n    <img decoding=\"async\" class=\"w-100\" src=\"https:\/\/silveshills.com\/wp-content\/uploads\/2025\/11\/Quinta-do-Pateiro_270123-1-11-1-min-2.webp\" width=\"1027\" height=\"652\" alt=\"\" \/>\n\n            <\/div>\n    <\/section>\n\n\n<section class=\"timeline-block-container\">\n    <div class=\"small_container\">\n        <div class=\"timeline-header\">\n                                        <h2>Zeitplan<\/h2>\n                    <\/div>\n        \n        <div class=\"timeline\">\n                                                                    <div class=\"timeline-item\">\n                        <div class=\"timeline-box fade-in-up text-uppercase\">BAUBEGINN DER VILLEN<br \/>\r\nDER PHASE I<\/div>\n                        <div class=\"timeline-lines position-relative w-100\">\n                            <div class=\"timeline-line mx-auto\"><\/div>\n                            <div class=\"timeline-line-2 position-absolute bottom-0 start-0\"><\/div>\n                            <div class=\"timeline-line-3 position-absolute bottom-0 end-0\"><\/div>\n                        <\/div>\n                        <div class=\"timeline-date\">\n                            <h2 class=\"year d-block\">2026<\/h2>\n                            <span class=\"quarter text-uppercase\"><\/span>\n                        <\/div>\n                    <\/div>\n                                                        <div class=\"timeline-item\">\n                        <div class=\"timeline-box fade-in-up text-uppercase\">BAUBEGINN DER VILLEN<br \/>\r\nDER PHASE II<\/div>\n                        <div class=\"timeline-lines position-relative w-100\">\n                            <div class=\"timeline-line mx-auto\"><\/div>\n                            <div class=\"timeline-line-2 position-absolute bottom-0 start-0\"><\/div>\n                            <div class=\"timeline-line-3 position-absolute bottom-0 end-0\"><\/div>\n                        <\/div>\n                        <div class=\"timeline-date\">\n                            <h2 class=\"year d-block\">2027<\/h2>\n                            <span class=\"quarter text-uppercase\"><\/span>\n                        <\/div>\n                    <\/div>\n                                                        <div class=\"timeline-item\">\n                        <div class=\"timeline-box fade-in-up text-uppercase\">BAUBEGINN DER VILLEN<br \/>\r\nDER PHASE III<\/div>\n                        <div class=\"timeline-lines position-relative w-100\">\n                            <div class=\"timeline-line mx-auto\"><\/div>\n                            <div class=\"timeline-line-2 position-absolute bottom-0 start-0\"><\/div>\n                            <div class=\"timeline-line-3 position-absolute bottom-0 end-0\"><\/div>\n                        <\/div>\n                        <div class=\"timeline-date\">\n                            <h2 class=\"year d-block\">2028<\/h2>\n                            <span class=\"quarter text-uppercase\"><\/span>\n                        <\/div>\n                    <\/div>\n                                                        <div class=\"timeline-item\">\n                        <div class=\"timeline-box fade-in-up text-uppercase\">ABSCHLUSS DER<br \/>\r\nENTWICKLUNG<\/div>\n                        <div class=\"timeline-lines position-relative w-100\">\n                            <div class=\"timeline-line mx-auto\"><\/div>\n                            <div class=\"timeline-line-2 position-absolute bottom-0 start-0\"><\/div>\n                            <div class=\"timeline-line-3 position-absolute bottom-0 end-0\"><\/div>\n                        <\/div>\n                        <div class=\"timeline-date\">\n                            <h2 class=\"year d-block\">2031<\/h2>\n                            <span class=\"quarter text-uppercase\">CA.<\/span>\n                        <\/div>\n                    <\/div>\n                                    <\/div>\n    <\/div>\n<\/section>\n\n\r\n<section class=\"media-grid-block position-relative\">\r\n    <div class=\"container\">\r\n        <div class=\"row d-md-flex d-none\">\r\n            <div class=\"col-first col col-md col-12\">\r\n                <div class=\"media-first fade-in-up\">\r\n                                            <div class=\"first-image position-relative\">\r\n                            <img decoding=\"async\" class=\"position-absolute top-0 start-0 w-100 h-100 object-fit-cover\" src=\"https:\/\/silveshills.com\/wp-content\/uploads\/2025\/11\/katie-luka-nT3yYHJPv0c-unsplash-1-min-3.webp\" width=\"441\" height=\"662\" alt=\"\" \/>\r\n                        <\/div>\r\n                                    <\/div>\r\n            <\/div>\r\n            <div class=\"col-second col col-md col-12\">\r\n                <div class=\"media-second fade-in-up\">\r\n                                            <div class=\"second-image position-relative\">\r\n                            <img decoding=\"async\" class=\"w-100 h-100 object-fit-cover\" src=\"https:\/\/silveshills.com\/wp-content\/uploads\/2025\/11\/rui-alves-MNn6Z9sGsvQ-unsplash-1-min-2.webp\" width=\"736\" height=\"563\" alt=\"\" \/>\r\n                        <\/div>\r\n                                    <\/div>\r\n                <div class=\"media-third fade-in-up\">\r\n                                            <div class=\"third-image position-relative\">\r\n                            <img decoding=\"async\" class=\"position-absolute top-0 start-0 w-100 h-100 object-fit-cover\" src=\"https:\/\/silveshills.com\/wp-content\/uploads\/2025\/11\/valeriia-petrova-dAoowMLbYcI-unsplash-1-min-2.webp\" width=\"412\" height=\"311\" alt=\"\" \/>\r\n                        <\/div>\r\n                                    <\/div>\r\n            <\/div>\r\n        <\/div>\r\n\r\n        <div class=\"row d-md-none d-flex\">\r\n            <div class=\"col-first col-12\">\r\n                <div class=\"media-second fade-in-up\">\r\n                                            <div class=\"second-image position-relative\">\r\n                            <img decoding=\"async\" class=\"w-100 h-100 object-fit-cover\" src=\"https:\/\/silveshills.com\/wp-content\/uploads\/2025\/11\/rui-alves-MNn6Z9sGsvQ-unsplash-1-min-2.webp\" width=\"736\" height=\"563\" alt=\"\" \/>\r\n                        <\/div>\r\n                                    <\/div>\r\n            <\/div>\r\n        <\/div>\r\n        <div class=\"row d-md-none d-flex\">\r\n            <div class=\"col-first col col-md col-6\">\r\n                <div class=\"media-first fade-in-up\">\r\n                                            <div class=\"first-image position-relative\">\r\n                            <img decoding=\"async\" class=\"position-absolute top-0 start-0 w-100 h-100 object-fit-cover\" src=\"https:\/\/silveshills.com\/wp-content\/uploads\/2025\/11\/katie-luka-nT3yYHJPv0c-unsplash-1-min-3.webp\" width=\"441\" height=\"662\" alt=\"\" \/>\r\n                        <\/div>\r\n                                    <\/div>\r\n            <\/div>\r\n            <div class=\"col-second col col-md col-6\">\r\n                <div class=\"media-third fade-in-up\">\r\n                                            <div class=\"third-image position-relative\">\r\n                            <img decoding=\"async\" class=\"position-absolute top-0 start-0 w-100 h-100 object-fit-cover\" src=\"https:\/\/silveshills.com\/wp-content\/uploads\/2025\/11\/valeriia-petrova-dAoowMLbYcI-unsplash-1-min-2.webp\" width=\"412\" height=\"311\" alt=\"\" \/>\r\n                        <\/div>\r\n                                    <\/div>\r\n            <\/div>\r\n        <\/div>\r\n    <\/div>\r\n<\/section>","protected":false},"excerpt":{"rendered":"","protected":false},"author":1,"featured_media":1936,"parent":0,"menu_order":0,"comment_status":"closed","ping_status":"closed","template":"page-templates\/template-custom-page.php","meta":{"_acf_changed":false,"footnotes":""},"class_list":["post-2998","page","type-page","status-publish","has-post-thumbnail","hentry"],"acf":[],"_links":{"self":[{"href":"https:\/\/silveshills.com\/de\/wp-json\/wp\/v2\/pages\/2998","targetHints":{"allow":["GET"]}}],"collection":[{"href":"https:\/\/silveshills.com\/de\/wp-json\/wp\/v2\/pages"}],"about":[{"href":"https:\/\/silveshills.com\/de\/wp-json\/wp\/v2\/types\/page"}],"author":[{"embeddable":true,"href":"https:\/\/silveshills.com\/de\/wp-json\/wp\/v2\/users\/1"}],"replies":[{"embeddable":true,"href":"https:\/\/silveshills.com\/de\/wp-json\/wp\/v2\/comments?post=2998"}],"version-history":[{"count":24,"href":"https:\/\/silveshills.com\/de\/wp-json\/wp\/v2\/pages\/2998\/revisions"}],"predecessor-version":[{"id":3935,"href":"https:\/\/silveshills.com\/de\/wp-json\/wp\/v2\/pages\/2998\/revisions\/3935"}],"wp:featuredmedia":[{"embeddable":true,"href":"https:\/\/silveshills.com\/de\/wp-json\/wp\/v2\/media\/1936"}],"wp:attachment":[{"href":"https:\/\/silveshills.com\/de\/wp-json\/wp\/v2\/media?parent=2998"}],"curies":[{"name":"wp","href":"https:\/\/api.w.org\/{rel}","templated":true}]}}