{"id":3029,"date":"2025-03-05T04:29:21","date_gmt":"2025-03-05T01:29:21","guid":{"rendered":"https:\/\/silveshills.com\/amenities\/"},"modified":"2025-11-27T12:41:33","modified_gmt":"2025-11-27T09:41:33","slug":"ausstattung","status":"publish","type":"page","link":"https:\/\/silveshills.com\/de\/ausstattung\/","title":{"rendered":"Ausstattung"},"content":{"rendered":"\n<section class=\"amenities-hero-block\">\n    <div class=\"small_container\">\n        <div class=\"title-container\">\n            <h1 class=\"fade-in-up\">Entdecken Sie einen Lebensstil, bei dem Ausgewogenheit im Vordergrund steht.<\/h1>\n        <\/div>\n\n        <div class=\"text-container fade-in-up\">\n            <p>Im Herzen der Algarve gelegen, ist Silves Hills mehr als nur ein Resort \u2013 es ist ein Lifestyle-Reiseziel f\u00fcr diejenigen, die die perfekte Balance aus Luxus, Natur und Wohlbefinden suchen. Ganz gleich, ob Sie sich hier entspannen, aktiv sein oder Ihre Workation verbringen m\u00f6chten, unsere erstklassigen Annehmlichkeiten und die atemberaubende Umgebung bieten Ihnen ein unvergleichliches Erlebnis.<\/p>\n        <\/div>\n    <\/div>\n<\/section>\n\n\n<section id=\"slider_section\" class=\"slider_wrapper image-boxes-slider-block\" >\n    <div class=\"slider-container\">\n        <div class=\"swiper image-boxes-slider\">\n            <div class=\"swiper-wrapper\">\n                                    <div class=\"swiper-slide\">\n                                                    <div class=\"img_container\">\n                                <img decoding=\"async\" src=\"https:\/\/silveshills.com\/wp-content\/uploads\/2025\/03\/Group-2660.png\" alt=\"\">\n                            <\/div>\n                                                <div class=\"slide_content\">\n                                                            <p>Das abenteuer erwartet sie<\/p>\n                                                    <\/div>\n                    <\/div>\n                                    <div class=\"swiper-slide\">\n                                                    <div class=\"img_container\">\n                                <img decoding=\"async\" src=\"https:\/\/silveshills.com\/wp-content\/uploads\/2025\/03\/Group-2659.png\" alt=\"\">\n                            <\/div>\n                                                <div class=\"slide_content\">\n                                                            <p>Golfen im paradies<\/p>\n                                                    <\/div>\n                    <\/div>\n                                    <div class=\"swiper-slide\">\n                                                    <div class=\"img_container\">\n                                <img decoding=\"async\" src=\"https:\/\/silveshills.com\/wp-content\/uploads\/2025\/03\/5738571-uhd_2160_4096_25fps-9.png\" alt=\"\">\n                            <\/div>\n                                                <div class=\"slide_content\">\n                                                            <p>Bleiben sie aktiv und voller energie<\/p>\n                                                    <\/div>\n                    <\/div>\n                                    <div class=\"swiper-slide\">\n                                                    <div class=\"img_container\">\n                                <img decoding=\"async\" src=\"https:\/\/silveshills.com\/wp-content\/uploads\/2025\/03\/3596844-uhd_3840_2160_25fps-37.png\" alt=\"\">\n                            <\/div>\n                                                <div class=\"slide_content\">\n                                                            <p>Geniessen sie authentische sinneseindr\u00fccke<\/p>\n                                                    <\/div>\n                    <\/div>\n                                    <div class=\"swiper-slide\">\n                                                    <div class=\"img_container\">\n                                <img decoding=\"async\" src=\"https:\/\/silveshills.com\/wp-content\/uploads\/2025\/03\/3596844-uhd_3840_2160_25fps-39.png\" alt=\"\">\n                            <\/div>\n                                                <div class=\"slide_content\">\n                                                            <p>Entdecken sie die k\u00fcste der algarve<\/p>\n                                                    <\/div>\n                    <\/div>\n                                    <div class=\"swiper-slide\">\n                                                    <div class=\"img_container\">\n                                <img decoding=\"async\" src=\"https:\/\/silveshills.com\/wp-content\/uploads\/2025\/03\/3596844-uhd_3840_2160_25fps-38.png\" alt=\"\">\n                            <\/div>\n                                                <div class=\"slide_content\">\n                                                            <p>Arbeit und freizeit nahtlos verbinden<\/p>\n                                                    <\/div>\n                    <\/div>\n                                    <div class=\"swiper-slide\">\n                                                    <div class=\"img_container\">\n                                <img decoding=\"async\" src=\"https:\/\/silveshills.com\/wp-content\/uploads\/2025\/03\/3596844-uhd_3840_2160_25fps-41.png\" alt=\"\">\n                            <\/div>\n                                                <div class=\"slide_content\">\n                                                            <p>F\u00fcr familien konzipiert<\/p>\n                                                    <\/div>\n                    <\/div>\n                                    <div class=\"swiper-slide\">\n                                                    <div class=\"img_container\">\n                                <img decoding=\"async\" src=\"https:\/\/silveshills.com\/wp-content\/uploads\/2025\/03\/3596844-uhd_3840_2160_25fps-40.png\" alt=\"\">\n                            <\/div>\n                                                <div class=\"slide_content\">\n                                                            <p>Personalisierter concierge-service<\/p>\n                                                    <\/div>\n                    <\/div>\n                            <\/div>\n        <\/div>\n    <\/div>\n<\/section>\n\n\n\n\n<section class=\"paragraph-block\">\n    <div class=\"small_container\">\n        <div class=\"text-container fade-in-up\">\n            <h2>Ihr exklusiver R\u00fcckzugsort erwartet Sie<\/h2>\n<p>Ob Sie nun ein zweites Zuhause, einen luxuri\u00f6sen R\u00fcckzugsort oder eine einfache Mietinvestition suchen, Silves Hills bietet eine au\u00dfergew\u00f6hnliche Mischung aus Wohlbefinden, Abenteuer und Ruhe.<\/p>\n        <\/div>\n    <\/div>\n<\/section>\n\n\n<section class=\"video-block\" >\n    <div class=\"video-wrapper\">\n        <video autoplay muted loop playsinline id=\"bg-video\">\n            <source src=\"https:\/\/silveshills.com\/wp-content\/uploads\/2025\/03\/Amenities-leht-sealne-video-1.mp4\" type=\"video\/mp4\">\n            Your browser does not support HTML5 video.\n        <\/video>\n    <\/div>\n\n    <\/section>\n\n\n<section class=\"image-block full-width-image\" >\n    \n    <img decoding=\"async\" class=\"w-100\" src=\"https:\/\/silveshills.com\/wp-content\/uploads\/2025\/11\/Group-2718-min.png\" width=\"2160\" height=\"1083\" alt=\"\" \/>\n\n    <\/section>","protected":false},"excerpt":{"rendered":"","protected":false},"author":1,"featured_media":0,"parent":0,"menu_order":0,"comment_status":"closed","ping_status":"closed","template":"page-templates\/template-custom-page.php","meta":{"_acf_changed":false,"footnotes":""},"class_list":["post-3029","page","type-page","status-publish","hentry"],"acf":[],"_links":{"self":[{"href":"https:\/\/silveshills.com\/de\/wp-json\/wp\/v2\/pages\/3029","targetHints":{"allow":["GET"]}}],"collection":[{"href":"https:\/\/silveshills.com\/de\/wp-json\/wp\/v2\/pages"}],"about":[{"href":"https:\/\/silveshills.com\/de\/wp-json\/wp\/v2\/types\/page"}],"author":[{"embeddable":true,"href":"https:\/\/silveshills.com\/de\/wp-json\/wp\/v2\/users\/1"}],"replies":[{"embeddable":true,"href":"https:\/\/silveshills.com\/de\/wp-json\/wp\/v2\/comments?post=3029"}],"version-history":[{"count":6,"href":"https:\/\/silveshills.com\/de\/wp-json\/wp\/v2\/pages\/3029\/revisions"}],"predecessor-version":[{"id":3422,"href":"https:\/\/silveshills.com\/de\/wp-json\/wp\/v2\/pages\/3029\/revisions\/3422"}],"wp:attachment":[{"href":"https:\/\/silveshills.com\/de\/wp-json\/wp\/v2\/media?parent=3029"}],"curies":[{"name":"wp","href":"https:\/\/api.w.org\/{rel}","templated":true}]}}