{"id":3576,"date":"2025-11-27T15:09:11","date_gmt":"2025-11-27T12:09:11","guid":{"rendered":"https:\/\/silveshills.com\/sustainability\/"},"modified":"2026-03-25T12:20:33","modified_gmt":"2026-03-25T09:20:33","slug":"nachhaltigkeit","status":"publish","type":"page","link":"https:\/\/silveshills.com\/de\/nachhaltigkeit\/","title":{"rendered":"Nachhaltigkeit"},"content":{"rendered":"\n<section class=\"text-image-block\">\n    <div class=\"container fade-in-up\">\n                    <div class=\"text_wrapper-full mx-auto\">\n                <svg class=\"svg_slash mx-auto\" xmlns=\"http:\/\/www.w3.org\/2000\/svg\" width=\"35\" height=\"23\" viewBox=\"0 0 35 23\" fill=\"none\">\n                    <path d=\"M30.3642 0L0 23H4.63576L35 0H30.3642Z\" fill=\"#6E6E6E\" \/>\n                <\/svg>\n                <h2 style=\"text-align: center;\">Nachhaltigkeit<\/h2>\n<p style=\"text-align: center;\">Bei Silves Hills trifft Spitzenarchitektur auf Nachhaltigkeit &#8211;<br \/>\nnicht als Zusatz, sondern als Grundlage.<br \/>\nVon Energier\u00fcckgewinnung und begr\u00fcnten D\u00e4chern bis hin zu erhaltenen Landschaften &#8211; jedes Detail respektiert die Natur und verbessert Ihre Lebensqualit\u00e4t.<\/p>\n            <\/div>\n        \n        <div class=\"row align-items-center flex-row-reverse\">\n            <div class=\"text col col-md-6 col-12\">\n                                    <div class=\"list mx-auto d-flex flex-column align-items-center justify-content-center text-center\">\n                                                    <p>Silves Hills wird im Einklang\r\nmit der Natur gebaut.<\/p>\n                                                                                                            <div class=\"list-item d-flex flex-column align-items-center justify-content-center\">\n                                    <svg xmlns=\"http:\/\/www.w3.org\/2000\/svg\" width=\"18\" height=\"12\" viewBox=\"0 0 18 12\" fill=\"none\">\n                                        <path d=\"M15.6159 0L0 12H2.38411L18 0H15.6159Z\" fill=\"#6E6E6E\"\/>\n                                    <\/svg>\n                                    <p>L\u00fcftung mit Energier\u00fcckgewinnung sorgt rund umm die Uhr f\u00fcr frische Luft und gewinnt \u00fcber 80% der W\u00e4rme zur\u00fcck.<\/p>\n                                <\/div>\n                                                                                                                <div class=\"list-item d-flex flex-column align-items-center justify-content-center\">\n                                    <svg xmlns=\"http:\/\/www.w3.org\/2000\/svg\" width=\"18\" height=\"12\" viewBox=\"0 0 18 12\" fill=\"none\">\n                                        <path d=\"M15.6159 0L0 12H2.38411L18 0H15.6159Z\" fill=\"#6E6E6E\"\/>\n                                    <\/svg>\n                                    <p>W\u00e4rmepumpensysteme bieten effiziente, umweltfreundliche Heiz- und K\u00fchlm\u00f6glichkeiten.<\/p>\n                                <\/div>\n                                                                                                                <div class=\"list-item d-flex flex-column align-items-center justify-content-center\">\n                                    <svg xmlns=\"http:\/\/www.w3.org\/2000\/svg\" width=\"18\" height=\"12\" viewBox=\"0 0 18 12\" fill=\"none\">\n                                        <path d=\"M15.6159 0L0 12H2.38411L18 0H15.6159Z\" fill=\"#6E6E6E\"\/>\n                                    <\/svg>\n                                    <p>Die Architektur integriert Verschalung, thermische Masse und wonneabweisende Verglasung.<\/p>\n                                <\/div>\n                                                                        <\/div>\n                            <\/div>\n\n            <div class=\"image col col-md-6 col-12\">\n                <img decoding=\"async\" src=\"https:\/\/silveshills.com\/wp-content\/uploads\/2025\/11\/Rectangle-411-min.webp\" width=\"1170\" height=\"1300\" alt=\"\" \/>\n            <\/div>\n        <\/div>\n    <\/div>\n<\/section>\n\n\n<section class=\"text-image-block\">\n    <div class=\"container fade-in-up\">\n                    <div class=\"text_wrapper-full mx-auto\">\n                <svg class=\"svg_slash mx-auto\" xmlns=\"http:\/\/www.w3.org\/2000\/svg\" width=\"35\" height=\"23\" viewBox=\"0 0 35 23\" fill=\"none\">\n                    <path d=\"M30.3642 0L0 23H4.63576L35 0H30.3642Z\" fill=\"#6E6E6E\" \/>\n                <\/svg>\n                            <\/div>\n        \n        <div class=\"row align-items-center\">\n            <div class=\"text col col-md-6 col-12\">\n                                    <div class=\"list mx-auto d-flex flex-column align-items-center justify-content-center text-center\">\n                                                                                                            <div class=\"list-item d-flex flex-column align-items-center justify-content-center\">\n                                    <svg xmlns=\"http:\/\/www.w3.org\/2000\/svg\" width=\"18\" height=\"12\" viewBox=\"0 0 18 12\" fill=\"none\">\n                                        <path d=\"M15.6159 0L0 12H2.38411L18 0H15.6159Z\" fill=\"#6E6E6E\"\/>\n                                    <\/svg>\n                                    <p>Begr\u00fcnte D\u00e4cher verbessern sowohl die Energieeffizienz als auch die Aussicht.<\/p>\n                                <\/div>\n                                                                                                                <div class=\"list-item d-flex flex-column align-items-center justify-content-center\">\n                                    <svg xmlns=\"http:\/\/www.w3.org\/2000\/svg\" width=\"18\" height=\"12\" viewBox=\"0 0 18 12\" fill=\"none\">\n                                        <path d=\"M15.6159 0L0 12H2.38411L18 0H15.6159Z\" fill=\"#6E6E6E\"\/>\n                                    <\/svg>\n                                    <p>Einheimische Bepflanzung reduziert Wasserverbrauch, Pflegeaufwand und Umweltbelastung.<\/p>\n                                <\/div>\n                                                                                                                <div class=\"list-item d-flex flex-column align-items-center justify-content-center\">\n                                    <svg xmlns=\"http:\/\/www.w3.org\/2000\/svg\" width=\"18\" height=\"12\" viewBox=\"0 0 18 12\" fill=\"none\">\n                                        <path d=\"M15.6159 0L0 12H2.38411L18 0H15.6159Z\" fill=\"#6E6E6E\"\/>\n                                    <\/svg>\n                                    <p>Nur 7 von 64 Hektar sind bebaut, wodurch die umliegende Naturlandschaft erhalten bleibt.<\/p>\n                                <\/div>\n                                                                        <\/div>\n                            <\/div>\n\n            <div class=\"image col col-md-6 col-12\">\n                <img decoding=\"async\" src=\"https:\/\/silveshills.com\/wp-content\/uploads\/2025\/11\/Rectangle-411-1-min.webp\" width=\"1170\" height=\"1300\" alt=\"\" \/>\n            <\/div>\n        <\/div>\n    <\/div>\n<\/section>\n\n\n<section class=\"post-image-block full-width-image\" >\n    <div class=\"post-image-wrapper fade-in-up\">\n        <img decoding=\"async\" src=\"https:\/\/silveshills.com\/wp-content\/uploads\/2025\/11\/Group-2735-min-scaled-1.webp\" width=\"2560\" height=\"1097\" alt=\"\" \/>\n    <\/div>\n<\/section>","protected":false},"excerpt":{"rendered":"","protected":false},"author":1,"featured_media":0,"parent":0,"menu_order":0,"comment_status":"closed","ping_status":"closed","template":"page-templates\/template-no-title.php","meta":{"_acf_changed":false,"footnotes":""},"class_list":["post-3576","page","type-page","status-publish","hentry"],"acf":[],"_links":{"self":[{"href":"https:\/\/silveshills.com\/de\/wp-json\/wp\/v2\/pages\/3576","targetHints":{"allow":["GET"]}}],"collection":[{"href":"https:\/\/silveshills.com\/de\/wp-json\/wp\/v2\/pages"}],"about":[{"href":"https:\/\/silveshills.com\/de\/wp-json\/wp\/v2\/types\/page"}],"author":[{"embeddable":true,"href":"https:\/\/silveshills.com\/de\/wp-json\/wp\/v2\/users\/1"}],"replies":[{"embeddable":true,"href":"https:\/\/silveshills.com\/de\/wp-json\/wp\/v2\/comments?post=3576"}],"version-history":[{"count":2,"href":"https:\/\/silveshills.com\/de\/wp-json\/wp\/v2\/pages\/3576\/revisions"}],"predecessor-version":[{"id":6352,"href":"https:\/\/silveshills.com\/de\/wp-json\/wp\/v2\/pages\/3576\/revisions\/6352"}],"wp:attachment":[{"href":"https:\/\/silveshills.com\/de\/wp-json\/wp\/v2\/media?parent=3576"}],"curies":[{"name":"wp","href":"https:\/\/api.w.org\/{rel}","templated":true}]}}