{"id":1818,"date":"2020-09-17T18:31:54","date_gmt":"2020-09-17T15:31:54","guid":{"rendered":"https:\/\/silveshills.com\/home\/"},"modified":"2025-12-16T12:32:37","modified_gmt":"2025-12-16T09:32:37","slug":"home","status":"publish","type":"page","link":"https:\/\/silveshills.com\/fr\/","title":{"rendered":"Silves Hills"},"content":{"rendered":"\n    <section class=\"hero hero-video-block\">\n        <div class=\"video-wrapper\">\n            <video autoplay muted loop playsinline id=\"bg-video\">\n                <source src=\"https:\/\/silveshills.com\/wp-content\/uploads\/2025\/12\/Silves-Hills_BALANCE_FR_UUS.mp4\" type=\"video\/mp4\">\n                Your browser does not support HTML5 video.\n            <\/video>\n        <\/div>\n\n        <div class=\"hero-content\">\n                            <h1>Silves Hills<\/h1>\n                    <\/div>\n            <\/section>\n\n\n\n<section class=\"cta-block text-center\" >\n    <div class=\"small_container\">\n        <div class=\"cta_content\">\n                            <div class=\"subtitle-text\">\n                    <p>Trouvez votre \u00e9quilibre<br \/><br \/>\r\n<\/p>\n                <\/div>\n            \n                            <div class=\"cta_text fade-in-up\"><h2>Villas \u00e9coresponsables au c\u0153ur<br \/>\nintemporel de l&rsquo;Algarve<\/h2>\n<p>Entrez dans un art de vivre pens\u00e9 pour votre bien-\u00eatre durable. \u00c0 quelques pas de l\u2019authentique Silves, Silves Hills d\u00e9voile une collection exclusive de villas \u00e9coresponsables, dot\u00e9es de piscines priv\u00e9es, de toits verts et de vues panoramiques \u00e0 couper le souffle. Un lieu d\u2019exception o\u00f9 nature, sant\u00e9, bonheur et connexion humaine sont au c\u0153ur de chaque instant.<\/p>\n<\/div>\n            \n                            <a href=\"https:\/\/silveshills.com\/fr\/maisons\/\" \n                    class=\"cta_btn cta-btn btn\" data-cta=\"Trouvez votre villa\"\n                    target=\"_self\">\n                    Trouvez votre villa                <\/a>\n                    <\/div>\n    <\/div>\n<\/section>\n\n\n<section class=\"boxes-grid-block\"  \n    style=\"background-color: #ffffff;\">\n    <div class=\"container-fluid px-0\">\n        <div class=\"boxes_grid_content\">\n                                            <div class=\"box_item fade-in-up\">\n                                            <div class=\"box_image\">\n                            <img decoding=\"async\" class=\"w-100 h-100\" src=\"https:\/\/silveshills.com\/wp-content\/uploads\/2025\/11\/pexels-mali-68468-3-min-1.webp\" width=\"472\" height=\"543\" alt=\"\" \/>\n                        <\/div>\n                                                                <h3 class=\"box_title\">MAISON<\/h3>\n                                                                <div class=\"box_text mx-auto\"><p>Le design scandinave au rythme du Portugal<\/p>\n<\/div>\n                                    <\/div>\n                                            <div class=\"box_item fade-in-up\">\n                                            <div class=\"box_image\">\n                            <img decoding=\"async\" class=\"w-100 h-100\" src=\"https:\/\/silveshills.com\/wp-content\/uploads\/2025\/11\/Rectangle-min-1.webp\" width=\"472\" height=\"543\" alt=\"\" \/>\n                        <\/div>\n                                                                <h3 class=\"box_title\">PAIX<\/h3>\n                                                                <div class=\"box_text mx-auto\"><p>Un havre pour votre \u00e2me<\/p>\n<\/div>\n                                    <\/div>\n                                            <div class=\"box_item fade-in-up\">\n                                            <div class=\"box_image\">\n                            <img decoding=\"async\" class=\"w-100 h-100\" src=\"https:\/\/silveshills.com\/wp-content\/uploads\/2025\/11\/pexels-mali-68468-5-min-1.webp\" width=\"480\" height=\"543\" alt=\"\" \/>\n                        <\/div>\n                                                                <h3 class=\"box_title\">NATURE<\/h3>\n                                                                <div class=\"box_text mx-auto\"><p>La s\u00e9r\u00e9nit\u00e9 intacte \u00e0 port\u00e9e de main<\/p>\n<\/div>\n                                    <\/div>\n                    <\/div>\n    <\/div>\n<\/section>\n\n\n<section id=\"map_background\" class=\"map-background-block\" >\n    <div class=\"container position-relative\">\n        <div class=\"row align-items-center\">\n            <div class=\"map-background-content col col-md-6 col-12 d-flex justify-content-center\">\n                <div class=\"map-background-content-inside text-md-start text-center\">\n                                            <div class=\"subtitle-text\">\n                            <p>SILVES HILLS<\/p>\n                        <\/div>\n                    \n                                            <div class=\"map_bg_text\">\n                            <h2>L\u00e0 o\u00f9 la vie rencontre<br \/>\nla nature<\/h2>\n<p><span style=\"font-weight: 400;\">Situ\u00e9 sur 65 hectares en pleine propri\u00e9t\u00e9, sur les collines au c\u0153ur de l\u2019Algarve portugaise, Silves Hills vous offre espace, s\u00e9r\u00e9nit\u00e9 et un fort sentiment d\u2019appartenance. Depuis votre maison perch\u00e9e, profitez de vues panoramiques sur les montagnes de Monchique, d\u2019un acc\u00e8s direct aux sentiers de randonn\u00e9e et de v\u00e9lo, ainsi que d\u2019une proximit\u00e9 id\u00e9ale avec les plus belles plages, parcours de golf et commodit\u00e9s de la r\u00e9gion.<\/span><\/p>\n                        <\/div>\n                    \n                                            <a href=\"\/fr\/emplacement\/\" \n                            class=\"btn\"\n                            target=\"_self\">\n                            Explorer l&#039;emplacement                        <\/a>\n                                    <\/div>\n            <\/div>\n                            <div class=\"image-col col col-md-6 col-12\">\n                    <div class=\"image-wrap text-end\">\n                        <img decoding=\"async\" src=\"https:\/\/silveshills.com\/wp-content\/uploads\/2025\/11\/Group-2740-2.svg\" width=\"716\" height=\"973\" alt=\"\" \/>\n                    <\/div>\n                <\/div>\n                    <\/div>\n    <\/div>\n<\/section>\n\n\n<section  class=\"three-columns-block\">\n    <div class=\"container\">\n                <div class=\"col-row d-flex\">\n                            <div class=\"img-container\">\n                    <div class=\"img-wrapper position-relative h-100 overflow-hidden\">\n                        <img decoding=\"async\" class=\"position-absolute w-100 h-100\" src=\"https:\/\/silveshills.com\/wp-content\/uploads\/2025\/11\/shutterstock_2210367441-1-min-1.webp\" alt=\"\">\n                    <\/div>\n                <\/div>\n                        <div class=\"text-container fade-in-up d-flex align-items-center text-lg-start text-center\">\n                <div class=\"text-wrapper\">\n                                            <div class=\"subtitle-text\">\n                            <p>La distance: \u00e0 votre porte<\/p>\n                        <\/div>\n                    \n                                            <div class=\"column-content d-flex flex-column align-items-lg-start align-items-center\">\n                            <h2>Montagnes de<br \/>\nMonchique<\/h2>\n<p>\u00c0 l\u2019ouest, les montagnes de Monchique s\u2019\u00e9l\u00e8vent dans un calme bois\u00e9, offrant des sentiers pittoresques, des retraites bien-\u00eatre et des sources thermales. \u00c0 proximit\u00e9, \u00e0 Caldas de Monchique, coulent encore les eaux bienfaisantes de l\u2019\u00e9poque romaine.<\/p>\n                        <\/div>\n                                    <\/div>\n            <\/div>\n        <\/div>\n                <div class=\"col-row d-flex\">\n                            <div class=\"img-container\">\n                    <div class=\"img-wrapper position-relative h-100 overflow-hidden\">\n                        <img decoding=\"async\" class=\"position-absolute w-100 h-100\" src=\"https:\/\/silveshills.com\/wp-content\/uploads\/2025\/11\/shutterstock_1323132176-1-min-1.webp\" alt=\"\">\n                    <\/div>\n                <\/div>\n                        <div class=\"text-container fade-in-up d-flex align-items-center text-lg-start text-center\">\n                <div class=\"text-wrapper\">\n                                            <div class=\"subtitle-text\">\n                            <p>La distance: 1,8 KM<\/p>\n                        <\/div>\n                    \n                                            <div class=\"column-content d-flex flex-column align-items-lg-start align-items-center\">\n                            <h2>La ville historique<br \/>\nSilves<\/h2>\n<p>\u00c0 quelques minutes seulement s\u2019\u00e9l\u00e8ve Silves, l\u2019ancienne capitale de l\u2019Algarve \u2013 impr\u00e9gn\u00e9e d\u2019histoire mauresque et couronn\u00e9e d\u2019un ch\u00e2teau de pierre rouge. Un mariage parfait de richesse culturelle et de charme discret, \u00e0 deux pas de votre refuge.<\/p>\n                        <\/div>\n                                    <\/div>\n            <\/div>\n        <\/div>\n                <div class=\"col-row d-flex\">\n                            <div class=\"img-container\">\n                    <div class=\"img-wrapper position-relative h-100 overflow-hidden\">\n                        <img decoding=\"async\" class=\"position-absolute w-100 h-100\" src=\"https:\/\/silveshills.com\/wp-content\/uploads\/2025\/03\/fb24a2749665fa4f9cfdf7034d1107bf.webp\" alt=\"\">\n                    <\/div>\n                <\/div>\n                        <div class=\"text-container fade-in-up d-flex align-items-center text-lg-start text-center\">\n                <div class=\"text-wrapper\">\n                                            <div class=\"subtitle-text\">\n                            <p>La distance: 30 KM<\/p>\n                        <\/div>\n                    \n                                            <div class=\"column-content d-flex flex-column align-items-lg-start align-items-center\">\n                            <h2>Plage de<br \/>\nFalesia<\/h2>\n<p>L\u00e0 o\u00f9 les falaises rougeoyantes embrassent l\u2019Atlantique infini, Praia da Fal\u00e9sia s\u2019\u00e9tend sur six kilom\u00e8tres \u2013 un ruban d\u2019or bord\u00e9 de falaises aux teintes de rouille et de pins caress\u00e9s par le vent. Parcourez-la au lever du soleil et sentez-vous l\u2019unique \u00e2me au monde.<\/p>\n                        <\/div>\n                                    <\/div>\n            <\/div>\n        <\/div>\n            <\/div>\n<\/section>\n\n\n<section class=\"location-concept-block bg-white text-center\">\n    <div class=\"small_container fade-in-up\">\n                    <div class=\"subtitle-text d-flex align-items-center justify-content-center mx-auto\">\n                <p>Silves Hills<\/p>\n            <\/div>\n                            <div class=\"block-text d-flex flex-column align-items-center justify-content-center mx-auto\">\n                <h2 style=\"text-align: center;\">L\u2019Art de Vivre en Harmonie avec la Nature<\/h2>\n<p style=\"text-align: center;\">Silves Hills s\u2019adresse \u00e0 ceux qui recherchent bien plus qu\u2019un simple lieu de vie \u2014 \u00e0 ceux qui aspirent \u00e0 un \u00e9quilibre profond entre s\u00e9r\u00e9nit\u00e9 et authenticit\u00e9.<br \/>\nAlors que la plupart des projets immobiliers misent sur le gigantisme, le bruit et la proximit\u00e9 du littoral, Silves Hills choisit une voie diff\u00e9rente : celle du calme absolu.<br \/>\nProche du dernier parc naturel prot\u00e9g\u00e9 de l\u2019Algarve, ce havre de paix offre une exp\u00e9rience o\u00f9 la tranquillit\u00e9 n\u2019est pas un luxe, mais une \u00e9vidence.<\/p>\n            <\/div>\n        \n                    <a class=\"btn d-inline-block\" href=\"https:\/\/silveshills.com\/fr\/la-vision-derriere-un-lieu-unique-entretien-avec-kirstjan-thor-vahi\/\" target=\"_blank\">LIRE LA SUITE<\/a>\n        \n                    <div class=\"image-wrap-author\">\n                                    <img decoding=\"async\" src=\"https:\/\/silveshills.com\/wp-content\/uploads\/2025\/11\/Group-2723-2.svg\" width=\"334\" height=\"83\" alt=\"\" \/>\n                                                    <div class=\"image-wrap-author-text\">\n                        <p>Kristjan-Thor V\u00e4hi<br \/>\r\nFondateur et PDG d\u2019Invego<\/p>\n                    <\/div>\n                            <\/div>\n        \n                    <div class=\"image-wrap\">\n                <img decoding=\"async\" src=\"https:\/\/silveshills.com\/wp-content\/uploads\/2025\/11\/Rectangle-402-min-1.webp\" width=\"1024\" height=\"571\" alt=\"\" \/>\n            <\/div>\n            <\/div>\n<\/section>\n\n\n<section class=\"cta-block text-center\" >\n    <div class=\"small_container\">\n        <div class=\"cta_content\">\n                            <div class=\"subtitle-text\">\n                    <p>CON\u00c7U POUR VIVRE TOUTE L\u2019 ANN\u00c9E <\/p>\n                <\/div>\n            \n                            <div class=\"cta_text fade-in-up\"><h2>PROLONGE LA SAISON<br \/>\nDES VACANCES \u2013<br \/>\nPENDANT 365 JOURS PAR AN<\/h2>\n<\/div>\n            \n                    <\/div>\n    <\/div>\n<\/section>\n\n\n<section class=\"image-block full-width-image\" >\n    \n    <img decoding=\"async\" class=\"w-100\" src=\"https:\/\/silveshills.com\/wp-content\/uploads\/2025\/11\/Quinta-do-Pateiro_270123-1-16-1-min-1.webp\" width=\"1440\" height=\"830\" alt=\"\" \/>\n\n    <\/section>\n\n\n<section class=\"info-boxes-grid-block\" >\n    <div class=\"small_container\">\n        <div class=\"columns_wrapper\">\n                            <div class=\"info-item fade-in-up\">\n                    <div class=\"info-item-nr\">\n                        <h2>01<\/h2>\n                    <\/div>\n                                            <p>Chaque villa poss\u00e8de une piscine priv\u00e9e chauff\u00e9e, exclusive, pour en profiter toute l\u2019ann\u00e9e.<\/p>\n                                    <\/div>\n                            <div class=\"info-item fade-in-up\">\n                    <div class=\"info-item-nr\">\n                        <h2>02<\/h2>\n                    <\/div>\n                                            <p>Les baies vitr\u00e9es du sol au plafond s\u2019ouvrent compl\u00e8tement, prolongeant votre espace de vie \u00e0 l\u2019ext\u00e9rieur et invitant la nature \u00e0 p\u00e9n\u00e9trer dans votre int\u00e9rieur.<\/p>\n                                    <\/div>\n                            <div class=\"info-item fade-in-up\">\n                    <div class=\"info-item-nr\">\n                        <h2>03<\/h2>\n                    <\/div>\n                                            <p>Con\u00e7ues pour une vie \u00e0 l\u2019ann\u00e9e, mais parfaites pour de courts s\u00e9jours.<\/p>\n                                    <\/div>\n                            <div class=\"info-item fade-in-up\">\n                    <div class=\"info-item-nr\">\n                        <h2>04<\/h2>\n                    <\/div>\n                                            <p>Construites selon les normes les plus strictes, avec des solutions de chauffage et de climatisation \u00e0 la pointe pour un confort et une efficacit\u00e9 optimaux.<\/p>\n                                    <\/div>\n                    <\/div>\n    <\/div>\n<\/section>\n\n\n\n\n<section class=\"cta-block text-center\" >\n    <div class=\"small_container\">\n        <div class=\"cta_content\">\n            \n                            <div class=\"cta_text fade-in-up\"><h2>Vous avez le choix entre trois types de villas.<\/h2>\n<\/div>\n            \n                            <a href=\"https:\/\/silveshills.com\/fr\/maisons\/\" \n                    class=\"cta_btn cta-btn btn\" data-cta=\"D\u00e9couvrons\"\n                    target=\"_self\">\n                    D\u00e9couvrons                <\/a>\n                    <\/div>\n    <\/div>\n<\/section>\n\n\n<section class=\"image-block\" >\n            <div class=\"container\">\n    \n    <img decoding=\"async\" class=\"w-100\" src=\"https:\/\/silveshills.com\/wp-content\/uploads\/2025\/11\/Quinta-do-Pateiro_270123-1-11-1-min-1.webp\" width=\"1027\" height=\"652\" alt=\"\" \/>\n\n            <\/div>\n    <\/section>\n\n\n<section class=\"timeline-block-container\">\n    <div class=\"small_container\">\n        <div class=\"timeline-header\">\n                                        <h2>Chronologie<\/h2>\n                    <\/div>\n        \n        <div class=\"timeline\">\n                                                                    <div class=\"timeline-item\">\n                        <div class=\"timeline-box fade-in-up text-uppercase\">D\u00c9MARRAGE DES VILLAS<br \/>\r\nPHASE I<\/div>\n                        <div class=\"timeline-lines position-relative w-100\">\n                            <div class=\"timeline-line mx-auto\"><\/div>\n                            <div class=\"timeline-line-2 position-absolute bottom-0 start-0\"><\/div>\n                            <div class=\"timeline-line-3 position-absolute bottom-0 end-0\"><\/div>\n                        <\/div>\n                        <div class=\"timeline-date\">\n                            <h2 class=\"year d-block\">2026<\/h2>\n                            <span class=\"quarter text-uppercase\"><\/span>\n                        <\/div>\n                    <\/div>\n                                                        <div class=\"timeline-item\">\n                        <div class=\"timeline-box fade-in-up text-uppercase\">D\u00c9MARRAGE DES VILLAS<br \/>\r\nPHASE II<\/div>\n                        <div class=\"timeline-lines position-relative w-100\">\n                            <div class=\"timeline-line mx-auto\"><\/div>\n                            <div class=\"timeline-line-2 position-absolute bottom-0 start-0\"><\/div>\n                            <div class=\"timeline-line-3 position-absolute bottom-0 end-0\"><\/div>\n                        <\/div>\n                        <div class=\"timeline-date\">\n                            <h2 class=\"year d-block\">2027<\/h2>\n                            <span class=\"quarter text-uppercase\"><\/span>\n                        <\/div>\n                    <\/div>\n                                                        <div class=\"timeline-item\">\n                        <div class=\"timeline-box fade-in-up text-uppercase\">D\u00c9MARRAGE DES VILLAS<br \/>\r\nPHASE III<\/div>\n                        <div class=\"timeline-lines position-relative w-100\">\n                            <div class=\"timeline-line mx-auto\"><\/div>\n                            <div class=\"timeline-line-2 position-absolute bottom-0 start-0\"><\/div>\n                            <div class=\"timeline-line-3 position-absolute bottom-0 end-0\"><\/div>\n                        <\/div>\n                        <div class=\"timeline-date\">\n                            <h2 class=\"year d-block\">2028<\/h2>\n                            <span class=\"quarter text-uppercase\"><\/span>\n                        <\/div>\n                    <\/div>\n                                                        <div class=\"timeline-item\">\n                        <div class=\"timeline-box fade-in-up text-uppercase\">ACH\u00c8VEMENT DU<br \/>\r\nD\u00c9VELOPPEMENT<\/div>\n                        <div class=\"timeline-lines position-relative w-100\">\n                            <div class=\"timeline-line mx-auto\"><\/div>\n                            <div class=\"timeline-line-2 position-absolute bottom-0 start-0\"><\/div>\n                            <div class=\"timeline-line-3 position-absolute bottom-0 end-0\"><\/div>\n                        <\/div>\n                        <div class=\"timeline-date\">\n                            <h2 class=\"year d-block\">2031<\/h2>\n                            <span class=\"quarter text-uppercase\">APPROX.<\/span>\n                        <\/div>\n                    <\/div>\n                                    <\/div>\n    <\/div>\n<\/section>\n\n\r\n<section class=\"media-grid-block position-relative\">\r\n    <div class=\"container\">\r\n        <div class=\"row d-md-flex d-none\">\r\n            <div class=\"col-first col col-md col-12\">\r\n                <div class=\"media-first fade-in-up\">\r\n                                            <div class=\"first-image position-relative\">\r\n                            <img decoding=\"async\" class=\"position-absolute top-0 start-0 w-100 h-100 object-fit-cover\" src=\"https:\/\/silveshills.com\/wp-content\/uploads\/2025\/11\/katie-luka-nT3yYHJPv0c-unsplash-1-min-2.webp\" width=\"441\" height=\"662\" alt=\"\" \/>\r\n                        <\/div>\r\n                                    <\/div>\r\n            <\/div>\r\n            <div class=\"col-second col col-md col-12\">\r\n                <div class=\"media-second fade-in-up\">\r\n                                            <div class=\"second-image position-relative\">\r\n                            <img decoding=\"async\" class=\"w-100 h-100 object-fit-cover\" src=\"https:\/\/silveshills.com\/wp-content\/uploads\/2025\/11\/rui-alves-MNn6Z9sGsvQ-unsplash-1-min-1.webp\" width=\"736\" height=\"563\" alt=\"\" \/>\r\n                        <\/div>\r\n                                    <\/div>\r\n                <div class=\"media-third fade-in-up\">\r\n                                            <div class=\"third-image position-relative\">\r\n                            <img decoding=\"async\" class=\"position-absolute top-0 start-0 w-100 h-100 object-fit-cover\" src=\"https:\/\/silveshills.com\/wp-content\/uploads\/2025\/11\/valeriia-petrova-dAoowMLbYcI-unsplash-1-min-1.webp\" width=\"412\" height=\"311\" alt=\"\" \/>\r\n                        <\/div>\r\n                                    <\/div>\r\n            <\/div>\r\n        <\/div>\r\n\r\n        <div class=\"row d-md-none d-flex\">\r\n            <div class=\"col-first col-12\">\r\n                <div class=\"media-second fade-in-up\">\r\n                                            <div class=\"second-image position-relative\">\r\n                            <img decoding=\"async\" class=\"w-100 h-100 object-fit-cover\" src=\"https:\/\/silveshills.com\/wp-content\/uploads\/2025\/11\/rui-alves-MNn6Z9sGsvQ-unsplash-1-min-1.webp\" width=\"736\" height=\"563\" alt=\"\" \/>\r\n                        <\/div>\r\n                                    <\/div>\r\n            <\/div>\r\n        <\/div>\r\n        <div class=\"row d-md-none d-flex\">\r\n            <div class=\"col-first col col-md col-6\">\r\n                <div class=\"media-first fade-in-up\">\r\n                                            <div class=\"first-image position-relative\">\r\n                            <img decoding=\"async\" class=\"position-absolute top-0 start-0 w-100 h-100 object-fit-cover\" src=\"https:\/\/silveshills.com\/wp-content\/uploads\/2025\/11\/katie-luka-nT3yYHJPv0c-unsplash-1-min-2.webp\" width=\"441\" height=\"662\" alt=\"\" \/>\r\n                        <\/div>\r\n                                    <\/div>\r\n            <\/div>\r\n            <div class=\"col-second col col-md col-6\">\r\n                <div class=\"media-third fade-in-up\">\r\n                                            <div class=\"third-image position-relative\">\r\n                            <img decoding=\"async\" class=\"position-absolute top-0 start-0 w-100 h-100 object-fit-cover\" src=\"https:\/\/silveshills.com\/wp-content\/uploads\/2025\/11\/valeriia-petrova-dAoowMLbYcI-unsplash-1-min-1.webp\" width=\"412\" height=\"311\" alt=\"\" \/>\r\n                        <\/div>\r\n                                    <\/div>\r\n            <\/div>\r\n        <\/div>\r\n    <\/div>\r\n<\/section>","protected":false},"excerpt":{"rendered":"","protected":false},"author":1,"featured_media":1816,"parent":0,"menu_order":0,"comment_status":"closed","ping_status":"closed","template":"page-templates\/template-custom-page.php","meta":{"_acf_changed":false,"footnotes":""},"class_list":["post-1818","page","type-page","status-publish","has-post-thumbnail","hentry"],"acf":[],"_links":{"self":[{"href":"https:\/\/silveshills.com\/fr\/wp-json\/wp\/v2\/pages\/1818","targetHints":{"allow":["GET"]}}],"collection":[{"href":"https:\/\/silveshills.com\/fr\/wp-json\/wp\/v2\/pages"}],"about":[{"href":"https:\/\/silveshills.com\/fr\/wp-json\/wp\/v2\/types\/page"}],"author":[{"embeddable":true,"href":"https:\/\/silveshills.com\/fr\/wp-json\/wp\/v2\/users\/1"}],"replies":[{"embeddable":true,"href":"https:\/\/silveshills.com\/fr\/wp-json\/wp\/v2\/comments?post=1818"}],"version-history":[{"count":29,"href":"https:\/\/silveshills.com\/fr\/wp-json\/wp\/v2\/pages\/1818\/revisions"}],"predecessor-version":[{"id":3933,"href":"https:\/\/silveshills.com\/fr\/wp-json\/wp\/v2\/pages\/1818\/revisions\/3933"}],"wp:featuredmedia":[{"embeddable":true,"href":"https:\/\/silveshills.com\/fr\/wp-json\/wp\/v2\/media\/1816"}],"wp:attachment":[{"href":"https:\/\/silveshills.com\/fr\/wp-json\/wp\/v2\/media?parent=1818"}],"curies":[{"name":"wp","href":"https:\/\/api.w.org\/{rel}","templated":true}]}}