{"id":3009,"date":"2025-02-26T11:31:35","date_gmt":"2025-02-26T08:31:35","guid":{"rendered":"https:\/\/silveshills.com\/location\/"},"modified":"2026-02-06T21:13:05","modified_gmt":"2026-02-06T18:13:05","slug":"emplacement","status":"publish","type":"page","link":"https:\/\/silveshills.com\/fr\/emplacement\/","title":{"rendered":"Emplacement"},"content":{"rendered":"\n    <section class=\"hero hero-video-block\">\n        <div class=\"video-wrapper\">\n            <video autoplay muted loop playsinline id=\"bg-video\">\n                <source src=\"https:\/\/silveshills.com\/wp-content\/uploads\/2025\/03\/Location-lehel-esimene-video-paises-1-1.mp4\" type=\"video\/mp4\">\n                Your browser does not support HTML5 video.\n            <\/video>\n        <\/div>\n\n        <div class=\"hero-content\">\n                            <h1>Silves Hills Emplacement<\/h1>\n                    <\/div>\n            <\/section>\n\n\n\n<section id=\"map_background\" class=\"map-background-block\" >\n    <div class=\"container position-relative\">\n        <div class=\"row align-items-center\">\n            <div class=\"map-background-content col col-md-6 col-12 d-flex justify-content-center\">\n                <div class=\"map-background-content-inside text-md-start text-center\">\n                                            <div class=\"subtitle-text\">\n                            <p>SILVES HILLS<\/p>\n                        <\/div>\n                    \n                                            <div class=\"map_bg_text\">\n                            <h2>L\u00e0 o\u00f9 la vie rencontre<br \/>\nla nature<\/h2>\n<p><span style=\"font-weight: 400;\">L\u00e0 o\u00f9 la nature pr\u00e9serv\u00e9e rencontre le c\u0153ur de l\u2019Algarve. Un sanctuaire d\u2019\u00e9quilibre et de bien-\u00eatre \u2013 serein, isol\u00e9, et pourtant parfaitement connect\u00e9.<\/span><\/p>\n                        <\/div>\n                    \n                                            <a href=\"#map-block\" \n                            class=\"btn\"\n                            target=\"_self\">\n                            Explorer l&#039;emplacement                        <\/a>\n                                    <\/div>\n            <\/div>\n                            <div class=\"image-col col col-md-6 col-12\">\n                    <div class=\"image-wrap text-end\">\n                        <img decoding=\"async\" src=\"https:\/\/silveshills.com\/wp-content\/uploads\/2025\/11\/Group-2740-2.svg\" width=\"716\" height=\"973\" alt=\"\" \/>\n                    <\/div>\n                <\/div>\n                    <\/div>\n    <\/div>\n<\/section>\n\n\n<section class=\"video-block\" >\n    <div class=\"video-wrapper\">\n        <video autoplay muted loop playsinline id=\"bg-video\">\n            <source src=\"https:\/\/silveshills.com\/wp-content\/uploads\/2025\/03\/0d55-412e-84de-04af5d0a8a41-1.mp4\" type=\"video\/mp4\">\n            Your browser does not support HTML5 video.\n        <\/video>\n    <\/div>\n\n    <\/section>\n\n\n<section id=\"map-block\" class=\"map-block\">\n    <div class=\"small_container\">\n        <div class=\"map_color_wrap\" data-color=\"#81D78B\">\n            <div class=\"container pt-lg-10 pt-6 pb-lg-7 pb-9\" >\n                <div class=\"map_title_wrapper\">\n                    <p class=\"marked_title\">Depuis votre sanctuaire sur la colline, l\u2019Algarve se d\u00e9ploie : plages dor\u00e9es, vignobles baign\u00e9s de soleil, sentiers de randonn\u00e9e sinueux, parcours de golf de classe mondiale, march\u00e9s anim\u00e9s et villes anciennes sont tous \u00e0 port\u00e9e de main. A\u00e9roports, parcs aquatiques, boutiques et centres de bien-\u00eatre se trouvent juste au-del\u00e0 de l\u2019horizon \u2013 assez proches pour le confort, suffisamment \u00e9loign\u00e9s pour la tranquillit\u00e9.<\/p>                <\/div>\n\n                                    <div class=\"columns row text-center fade-in-up\">\n                                                                                <div class=\"col col-lg col-4 position-relative\">\n                                <div class=\"column_content w100\">\n                                    <h3 class=\"first_value\">1<\/h3>                                    <div class=\"second_value\"><p>MIN<\/p><\/div>                                    <div class=\"third_value\"><p>Plus de 100 sentiers de randonn\u00e9e<\/p><\/div>                                <\/div>\n                            <\/div>\n                                                                                <div class=\"col col-lg col-4 position-relative\">\n                                <div class=\"column_content w100\">\n                                    <h3 class=\"first_value\">5<\/h3>                                    <div class=\"second_value\"><p>MIN<\/p><\/div>                                    <div class=\"third_value\"><p>La ville de Silves<\/p><\/div>                                <\/div>\n                            <\/div>\n                                                                                <div class=\"col col-lg col-4 position-relative\">\n                                <div class=\"column_content w100\">\n                                    <h3 class=\"first_value\">8<\/h3>                                    <div class=\"second_value\"><p>MIN<\/p><\/div>                                    <div class=\"third_value\"><p>Plus de 40 parcours de golf<\/p><\/div>                                <\/div>\n                            <\/div>\n                                                                                <div class=\"col col-lg col-4 position-relative\">\n                                <div class=\"column_content w100\">\n                                    <h3 class=\"first_value\">20<\/h3>                                    <div class=\"second_value\"><p>MIN<\/p><\/div>                                    <div class=\"third_value\"><p>A proximit\u00e9<\/p><\/div>                                <\/div>\n                            <\/div>\n                                                                                <div class=\"col col-lg col-4 position-relative\">\n                                <div class=\"column_content w100\">\n                                    <h3 class=\"first_value\">40<\/h3>                                    <div class=\"second_value\"><p>MIN<\/p><\/div>                                    <div class=\"third_value\"><p>A\u00e9roport de Faro<\/p><\/div>                                <\/div>\n                            <\/div>\n                                                                                <div class=\"col col-lg col-4 position-relative\">\n                                <div class=\"column_content w100\">\n                                    <h3 class=\"first_value\">2.5<\/h3>                                    <div class=\"second_value\"><p>H<\/p><\/div>                                    <div class=\"third_value\"><p>A\u00e9roport de Lisbonne<\/p><\/div>                                <\/div>\n                            <\/div>\n                                            <\/div>\n                            <\/div>\n        <\/div>\n    <\/div>\n    \n    <div class=\"map_image_wrapper fade-in-up\">\n        <div class=\"map_image_container\">\n                            <picture>\n                    <source media=\"(max-width: 767px)\" srcset=\"https:\/\/silveshills.com\/wp-content\/uploads\/2026\/02\/Frame-1-11-2.avif\">\n                    <img decoding=\"async\" src=\"https:\/\/silveshills.com\/wp-content\/uploads\/2026\/02\/Frame-1-10-2.avif\" alt=\"\" class=\"map_image\" \/>\n                <\/picture>\n                        <div class=\"silves-hills-marker\">\n                <div class=\"marker-label\">SILVES HILLS<\/div>\n                <div class=\"marker-tail\"><\/div>\n                <div class=\"marker-dot\"><\/div>\n            <\/div>\n        <\/div>\n    <\/div>\n<\/section>\n\n\n<section  class=\"three-columns-block\">\n    <div class=\"container\">\n                <div class=\"col-row d-flex\">\n                            <div class=\"img-container\">\n                    <div class=\"img-wrapper position-relative h-100 overflow-hidden\">\n                        <img decoding=\"async\" class=\"position-absolute w-100 h-100\" src=\"https:\/\/silveshills.com\/wp-content\/uploads\/2025\/11\/shutterstock_2210367441-1-min-1.webp\" alt=\"\">\n                    <\/div>\n                <\/div>\n                        <div class=\"text-container fade-in-up d-flex align-items-center text-lg-start text-center\">\n                <div class=\"text-wrapper\">\n                                            <div class=\"subtitle-text\">\n                            <p>La distance: \u00e0 votre porte<\/p>\n                        <\/div>\n                    \n                                            <div class=\"column-content d-flex flex-column align-items-lg-start align-items-center\">\n                            <h2>Montagnes de<br \/>\nMonchique<\/h2>\n<p>\u00c0 l\u2019ouest, les montagnes de Monchique s\u2019\u00e9l\u00e8vent dans un calme bois\u00e9, offrant des sentiers pittoresques, des retraites bien-\u00eatre et des sources thermales. \u00c0 proximit\u00e9, \u00e0 Caldas de Monchique, coulent encore les eaux bienfaisantes de l\u2019\u00e9poque romaine coulent encore.<\/p>\n                        <\/div>\n                                    <\/div>\n            <\/div>\n        <\/div>\n                <div class=\"col-row d-flex\">\n                            <div class=\"img-container\">\n                    <div class=\"img-wrapper position-relative h-100 overflow-hidden\">\n                        <img decoding=\"async\" class=\"position-absolute w-100 h-100\" src=\"https:\/\/silveshills.com\/wp-content\/uploads\/2025\/11\/shutterstock_1323132176-1-min-1.webp\" alt=\"\">\n                    <\/div>\n                <\/div>\n                        <div class=\"text-container fade-in-up d-flex align-items-center text-lg-start text-center\">\n                <div class=\"text-wrapper\">\n                                            <div class=\"subtitle-text\">\n                            <p>La distance: 1,8 KM<\/p>\n                        <\/div>\n                    \n                                            <div class=\"column-content d-flex flex-column align-items-lg-start align-items-center\">\n                            <h2>La ville historique<br \/>\nSilves<\/h2>\n<p>\u00c0 quelques minutes seulement s\u2019\u00e9l\u00e8ve Silves, l\u2019ancienne capitale de l\u2019Algarve \u2013 impr\u00e9gn\u00e9e d\u2019histoire mauresque et couronn\u00e9e d\u2019un ch\u00e2teau de pierre rouge. Un mariage parfait de richesse culturelle et de charme discret, \u00e0 deux pas de votre refuge.<\/p>\n                        <\/div>\n                                    <\/div>\n            <\/div>\n        <\/div>\n                <div class=\"col-row d-flex\">\n                            <div class=\"img-container\">\n                    <div class=\"img-wrapper position-relative h-100 overflow-hidden\">\n                        <img decoding=\"async\" class=\"position-absolute w-100 h-100\" src=\"https:\/\/silveshills.com\/wp-content\/uploads\/2025\/03\/fb24a2749665fa4f9cfdf7034d1107bf.webp\" alt=\"\">\n                    <\/div>\n                <\/div>\n                        <div class=\"text-container fade-in-up d-flex align-items-center text-lg-start text-center\">\n                <div class=\"text-wrapper\">\n                                            <div class=\"subtitle-text\">\n                            <p>La distance: 30 KM<\/p>\n                        <\/div>\n                    \n                                            <div class=\"column-content d-flex flex-column align-items-lg-start align-items-center\">\n                            <h2>Plage de<br \/>\nFalesia<\/h2>\n<p>L\u00e0 o\u00f9 les falaises rougeoyantes embrassent l\u2019Atlantique infini, Praia da Fal\u00e9sia s\u2019\u00e9tend sur six kilom\u00e8tres \u2013 un ruban d\u2019or bord\u00e9 de falaises aux teintes de rouille et de pins caress\u00e9s par le vent. Parcourez-la au lever du soleil et sentez-vous l\u2019unique \u00e2me au monde.<\/p>\n                        <\/div>\n                                    <\/div>\n            <\/div>\n        <\/div>\n            <\/div>\n<\/section>\n\n\n<section class=\"cta-block text-center\" >\n    <div class=\"small_container\">\n        <div class=\"cta_content\">\n            \n                            <div class=\"cta_text fade-in-up\"><h2>Vivez l\u2019\u00e9quilibre parfait : nature, bien-\u00eatre et culture r\u00e9unis dans une escapade unique en Algarve.<\/h2>\n<\/div>\n            \n                    <\/div>\n    <\/div>\n<\/section>\n\n\n<section id=\"slider_section\" class=\"slider_wrapper image-boxes-slider-block\" >\n    <div class=\"slider-container\">\n        <div class=\"swiper image-boxes-slider\">\n            <div class=\"swiper-wrapper\">\n                                    <div class=\"swiper-slide\">\n                                                    <div class=\"img_container\">\n                                <img decoding=\"async\" src=\"https:\/\/silveshills.com\/wp-content\/uploads\/2025\/02\/slide4.webp\" alt=\"\">\n                            <\/div>\n                                                <div class=\"slide_content\">\n                                                            <p>Plus de 100 km de sentiers pittoresques de randonn\u00e9e et de v\u00e9lo<\/p>\n                                                    <\/div>\n                    <\/div>\n                                    <div class=\"swiper-slide\">\n                                                    <div class=\"img_container\">\n                                <img decoding=\"async\" src=\"https:\/\/silveshills.com\/wp-content\/uploads\/2025\/02\/f0e99ea5ada2c3d391303311b5e5a273.webp\" alt=\"\">\n                            <\/div>\n                                                <div class=\"slide_content\">\n                                                            <p>Plus de 15 parcours de golf premier plan \u00e0 moins de 15 minutes<\/p>\n                                                    <\/div>\n                    <\/div>\n                                    <div class=\"swiper-slide\">\n                                                    <div class=\"img_container\">\n                                <img decoding=\"async\" src=\"https:\/\/silveshills.com\/wp-content\/uploads\/2025\/02\/slide2.webp\" alt=\"\">\n                            <\/div>\n                                                <div class=\"slide_content\">\n                                                            <p>Terrains de tennis et de padel \u00e0 votre porte<\/p>\n                                                    <\/div>\n                    <\/div>\n                                    <div class=\"swiper-slide\">\n                                                    <div class=\"img_container\">\n                                <img decoding=\"async\" src=\"https:\/\/silveshills.com\/wp-content\/uploads\/2025\/02\/slide3.webp\" alt=\"\">\n                            <\/div>\n                                                <div class=\"slide_content\">\n                                                            <p>Produits locaux frais, vignobles et oliveraies \u00e0 proximit\u00e9<\/p>\n                                                    <\/div>\n                    <\/div>\n                                    <div class=\"swiper-slide\">\n                                                    <div class=\"img_container\">\n                                <img decoding=\"async\" src=\"https:\/\/silveshills.com\/wp-content\/uploads\/2025\/02\/08b807e982e52c687075a1e4d8441ddd.webp\" alt=\"\">\n                            <\/div>\n                                                <div class=\"slide_content\">\n                                                            <p>Une vaste s\u00e9lection de plages sublimes a proximit\u00e9<\/p>\n                                                    <\/div>\n                    <\/div>\n                                    <div class=\"swiper-slide\">\n                                                    <div class=\"img_container\">\n                                <img decoding=\"async\" src=\"https:\/\/silveshills.com\/wp-content\/uploads\/2025\/02\/79eff887d690d84933e15efac2601417.webp\" alt=\"\">\n                            <\/div>\n                                                <div class=\"slide_content\">\n                                                            <p>Clubhouse avec concierge 24\/7, services complets <\/p>\n                                                    <\/div>\n                    <\/div>\n                                    <div class=\"swiper-slide\">\n                                                    <div class=\"img_container\">\n                                <img decoding=\"async\" src=\"https:\/\/silveshills.com\/wp-content\/uploads\/2025\/02\/slide1.webp\" alt=\"\">\n                            <\/div>\n                                                <div class=\"slide_content\">\n                                                            <p>Chaque villa dispose d\u2019une piscine priv\u00e9e chauff\u00e9e<\/p>\n                                                    <\/div>\n                    <\/div>\n                            <\/div>\n        <\/div>\n    <\/div>\n<\/section>\n\n\n\n\n<section class=\"text-block-image-background-block\" \n    style=\"background-image: url('https:\/\/silveshills.com\/wp-content\/uploads\/2025\/03\/Quinta-do-Pateiro_270123-1-23-2-1-1.webp');\">\n    \n        <div class=\"small_container\">\n\n            <div class=\"text-content fade-in-up\">\n                                    <div class=\"subtitle-text\">\n                        <p>Plus qu\u2019une simple destination<\/p>\n                    <\/div>\n                                <h2><span style=\"font-weight: 400;\">Silves Hills est un lieu pour bien vivre, \u00e0 chaque saison de l&rsquo;ann\u00e9e<\/span><\/h2>\n            <\/div>\n\n        <\/div>\n<\/section>\n\n\n<p><\/p>\n","protected":false},"excerpt":{"rendered":"","protected":false},"author":1,"featured_media":0,"parent":0,"menu_order":0,"comment_status":"closed","ping_status":"closed","template":"page-templates\/template-custom-page.php","meta":{"_acf_changed":false,"footnotes":""},"class_list":["post-3009","page","type-page","status-publish","hentry"],"acf":[],"_links":{"self":[{"href":"https:\/\/silveshills.com\/fr\/wp-json\/wp\/v2\/pages\/3009","targetHints":{"allow":["GET"]}}],"collection":[{"href":"https:\/\/silveshills.com\/fr\/wp-json\/wp\/v2\/pages"}],"about":[{"href":"https:\/\/silveshills.com\/fr\/wp-json\/wp\/v2\/types\/page"}],"author":[{"embeddable":true,"href":"https:\/\/silveshills.com\/fr\/wp-json\/wp\/v2\/users\/1"}],"replies":[{"embeddable":true,"href":"https:\/\/silveshills.com\/fr\/wp-json\/wp\/v2\/comments?post=3009"}],"version-history":[{"count":15,"href":"https:\/\/silveshills.com\/fr\/wp-json\/wp\/v2\/pages\/3009\/revisions"}],"predecessor-version":[{"id":5057,"href":"https:\/\/silveshills.com\/fr\/wp-json\/wp\/v2\/pages\/3009\/revisions\/5057"}],"wp:attachment":[{"href":"https:\/\/silveshills.com\/fr\/wp-json\/wp\/v2\/media?parent=3009"}],"curies":[{"name":"wp","href":"https:\/\/api.w.org\/{rel}","templated":true}]}}