{"id":3021,"date":"2025-03-05T04:29:21","date_gmt":"2025-03-05T01:29:21","guid":{"rendered":"https:\/\/silveshills.com\/amenities\/"},"modified":"2025-11-27T12:40:53","modified_gmt":"2025-11-27T09:40:53","slug":"equipements","status":"publish","type":"page","link":"https:\/\/silveshills.com\/fr\/equipements\/","title":{"rendered":"Equipements"},"content":{"rendered":"\n<section class=\"amenities-hero-block\">\n    <div class=\"small_container\">\n        <div class=\"title-container\">\n            <h1 class=\"fade-in-up\">D\u00e9couvrez un art de vivre o\u00f9 l\u2019\u00e9quilibre est primordial.<\/h1>\n        <\/div>\n\n        <div class=\"text-container fade-in-up\">\n            <p>Situ\u00e9 au c\u0153ur de l\u2019Algarve, Silves Hills est bien plus qu\u2019un resort \u2013 c\u2019est une destination lifestyle pens\u00e9e pour ceux en qu\u00eate de l\u2019\u00e9quilibre parfait entre luxe, nature et bien-\u00eatre. Que vous soyez ici pour vous d\u00e9tendre, rester actif ou travailler \u00e0 distance, nos installations de classe mondiale et notre cadre \u00e0 couper le souffle offrent une exp\u00e9rience incomparable.<\/p>\n        <\/div>\n    <\/div>\n<\/section>\n\n\n<section id=\"slider_section\" class=\"slider_wrapper image-boxes-slider-block\" >\n    <div class=\"slider-container\">\n        <div class=\"swiper image-boxes-slider\">\n            <div class=\"swiper-wrapper\">\n                                    <div class=\"swiper-slide\">\n                                                    <div class=\"img_container\">\n                                <img decoding=\"async\" src=\"https:\/\/silveshills.com\/wp-content\/uploads\/2025\/03\/Group-2660.png\" alt=\"\">\n                            <\/div>\n                                                <div class=\"slide_content\">\n                                                            <p>L\u2019aventure vous attend<\/p>\n                                                    <\/div>\n                    <\/div>\n                                    <div class=\"swiper-slide\">\n                                                    <div class=\"img_container\">\n                                <img decoding=\"async\" src=\"https:\/\/silveshills.com\/wp-content\/uploads\/2025\/03\/Group-2659.png\" alt=\"\">\n                            <\/div>\n                                                <div class=\"slide_content\">\n                                                            <p>Jouez au golf au paradis<\/p>\n                                                    <\/div>\n                    <\/div>\n                                    <div class=\"swiper-slide\">\n                                                    <div class=\"img_container\">\n                                <img decoding=\"async\" src=\"https:\/\/silveshills.com\/wp-content\/uploads\/2025\/03\/5738571-uhd_2160_4096_25fps-9.png\" alt=\"\">\n                            <\/div>\n                                                <div class=\"slide_content\">\n                                                            <p>Restez actif et plein d\u2019\u00e9nergie<\/p>\n                                                    <\/div>\n                    <\/div>\n                                    <div class=\"swiper-slide\">\n                                                    <div class=\"img_container\">\n                                <img decoding=\"async\" src=\"https:\/\/silveshills.com\/wp-content\/uploads\/2025\/03\/3596844-uhd_3840_2160_25fps-37.png\" alt=\"\">\n                            <\/div>\n                                                <div class=\"slide_content\">\n                                                            <p>Savourez des saveurs authentiques<\/p>\n                                                    <\/div>\n                    <\/div>\n                                    <div class=\"swiper-slide\">\n                                                    <div class=\"img_container\">\n                                <img decoding=\"async\" src=\"https:\/\/silveshills.com\/wp-content\/uploads\/2025\/03\/3596844-uhd_3840_2160_25fps-39.png\" alt=\"\">\n                            <\/div>\n                                                <div class=\"slide_content\">\n                                                            <p>Embrassez la c\u00f4te de l\u2019algarve<\/p>\n                                                    <\/div>\n                    <\/div>\n                                    <div class=\"swiper-slide\">\n                                                    <div class=\"img_container\">\n                                <img decoding=\"async\" src=\"https:\/\/silveshills.com\/wp-content\/uploads\/2025\/03\/3596844-uhd_3840_2160_25fps-38.png\" alt=\"\">\n                            <\/div>\n                                                <div class=\"slide_content\">\n                                                            <p>Travail et loisirs en parfaite harmonie<\/p>\n                                                    <\/div>\n                    <\/div>\n                                    <div class=\"swiper-slide\">\n                                                    <div class=\"img_container\">\n                                <img decoding=\"async\" src=\"https:\/\/silveshills.com\/wp-content\/uploads\/2025\/03\/3596844-uhd_3840_2160_25fps-41.png\" alt=\"\">\n                            <\/div>\n                                                <div class=\"slide_content\">\n                                                            <p>Con\u00e7u pour les familles<\/p>\n                                                    <\/div>\n                    <\/div>\n                                    <div class=\"swiper-slide\">\n                                                    <div class=\"img_container\">\n                                <img decoding=\"async\" src=\"https:\/\/silveshills.com\/wp-content\/uploads\/2025\/03\/3596844-uhd_3840_2160_25fps-40.png\" alt=\"\">\n                            <\/div>\n                                                <div class=\"slide_content\">\n                                                            <p>Conciergerie et services personnalis\u00e9s<\/p>\n                                                    <\/div>\n                    <\/div>\n                            <\/div>\n        <\/div>\n    <\/div>\n<\/section>\n\n\n\n\n<section class=\"paragraph-block\">\n    <div class=\"small_container\">\n        <div class=\"text-container fade-in-up\">\n            <h2>Votre escapade exclusive vous attend<\/h2>\n<p>Que vous recherchiez une r\u00e9sidence secondaire, une escapade de luxe ou un investissement locatif sans effort, Silves Hills offre un m\u00e9lange exceptionnel de bien-\u00eatre, d\u2019aventure et de s\u00e9r\u00e9nit\u00e9.<\/p>\n        <\/div>\n    <\/div>\n<\/section>\n\n\n<section class=\"video-block\" >\n    <div class=\"video-wrapper\">\n        <video autoplay muted loop playsinline id=\"bg-video\">\n            <source src=\"https:\/\/silveshills.com\/wp-content\/uploads\/2025\/03\/Amenities-leht-sealne-video-1.mp4\" type=\"video\/mp4\">\n            Your browser does not support HTML5 video.\n        <\/video>\n    <\/div>\n\n    <\/section>\n\n\n<section class=\"image-block full-width-image\" >\n    \n    <img decoding=\"async\" class=\"w-100\" src=\"https:\/\/silveshills.com\/wp-content\/uploads\/2025\/11\/Group-2720-min.png\" width=\"2160\" height=\"1083\" alt=\"\" \/>\n\n    <\/section>","protected":false},"excerpt":{"rendered":"","protected":false},"author":1,"featured_media":0,"parent":0,"menu_order":0,"comment_status":"closed","ping_status":"closed","template":"page-templates\/template-custom-page.php","meta":{"_acf_changed":false,"footnotes":""},"class_list":["post-3021","page","type-page","status-publish","hentry"],"acf":[],"_links":{"self":[{"href":"https:\/\/silveshills.com\/fr\/wp-json\/wp\/v2\/pages\/3021","targetHints":{"allow":["GET"]}}],"collection":[{"href":"https:\/\/silveshills.com\/fr\/wp-json\/wp\/v2\/pages"}],"about":[{"href":"https:\/\/silveshills.com\/fr\/wp-json\/wp\/v2\/types\/page"}],"author":[{"embeddable":true,"href":"https:\/\/silveshills.com\/fr\/wp-json\/wp\/v2\/users\/1"}],"replies":[{"embeddable":true,"href":"https:\/\/silveshills.com\/fr\/wp-json\/wp\/v2\/comments?post=3021"}],"version-history":[{"count":4,"href":"https:\/\/silveshills.com\/fr\/wp-json\/wp\/v2\/pages\/3021\/revisions"}],"predecessor-version":[{"id":3419,"href":"https:\/\/silveshills.com\/fr\/wp-json\/wp\/v2\/pages\/3021\/revisions\/3419"}],"wp:attachment":[{"href":"https:\/\/silveshills.com\/fr\/wp-json\/wp\/v2\/media?parent=3021"}],"curies":[{"name":"wp","href":"https:\/\/api.w.org\/{rel}","templated":true}]}}