{"id":3061,"date":"2025-03-05T04:33:20","date_gmt":"2025-03-05T01:33:20","guid":{"rendered":"https:\/\/silveshills.com\/contact\/"},"modified":"2026-03-19T14:27:24","modified_gmt":"2026-03-19T11:27:24","slug":"contact","status":"publish","type":"page","link":"https:\/\/silveshills.com\/fr\/contact\/","title":{"rendered":"Contact"},"content":{"rendered":"\n<section class=\"contact-page-general-info-block\">\n    <div class=\"container\">\n        <div class=\"text-image-wrap d-flex flex-sm-row flex-column align-items-sm-end align-items-center justify-content-center\">\n                            <div class=\"text-wrap position-relative d-flex flex-column align-items-sm-end align-items-center justify-content-sm-end justify-content-center\">\n                    <div class=\"text-content w-100\">\n                        <h2>VISITEZ NOTRE SHOWROOM A SILVES<\/h2>\n<p>Nous serions ravis de vous accueillir dans notre showroom \u00e0 Silves.<br \/>\nContactez-nous pour organiser une visite priv\u00e9e.<\/p>\n<p>Rua Mouzinho de Albuquerque n\u00ba 19 1A<br \/>\n8300-172 Silves<\/p>\n                    <\/div>\n                <\/div>\n                                        <div class=\"image-wrap\">\n                    <div class=\"image-inside\">\n                        <img decoding=\"async\" class=\"w-100 h-100 no-lazy fade-in-up\" src=\"https:\/\/silveshills.com\/wp-content\/uploads\/2026\/03\/olivie-strauss-g1Ic0JKqeIU-unsplash-1-1.png\" width=\"900\" height=\"903\" alt=\"\" \/>\n                    <\/div>\n                <\/div>\n                    <\/div>\n    <\/div>\n<\/section>\n\n\n<section class=\"contact-page-block\">\n    <div class=\"contact_block_wrap\">\n        <div class=\"contact_info_wrap\">\n            <div class=\"content-container\">\n                <h1 class=\"fade-in-up\">Contactez-nous pour en savoir plus<\/h1>\n\n                                <div class=\"sales-info\">\n                                            \n                                                <div class=\"info-section\">\n                            <h2>R\u00c9SERVER UNE MAISON<\/h2>\n                            <p>Nous concluons un accord de r\u00e9servation pour s\u00e9curiser votre parcelle jusqu\u2019\u00e0 la signature du contrat pr\u00e9liminaire conform\u00e9ment \u00e0 la loi.<\/p>\n<p>Cet accord reste valable 4 semaines. Pour confirmer la r\u00e9servation, un acompte de 10 000 \u20ac est requis (remboursable).<\/p>\n                        <\/div>\n                                                                    \n                                                <div class=\"info-section\">\n                            <h2>CONTRAT PR\u00c9LIMINAIRE<\/h2>\n                            <p>Le contrat pr\u00e9liminaire est conclu avec vous, dans lequel tous les d\u00e9tails de la transaction sont d\u00e9finis.<\/p>\n<p>Lors de la signature du contrat, nous vous demandons aimablement 10 % de la valeur de votre maison (d\u00e9duction faite des 10 000 \u20ac vers\u00e9s lors de la r\u00e9servation).<\/p>\n<p>Un autre 20 % est pay\u00e9 en avance au d\u00e9but des travaux d\u2019infrastructure et lors de la construction de votre maison sp\u00e9cifique.<\/p>\n<p>Les 70 % restants ne sont \u00e0 payer qu\u2019\u00e0 l\u2019acte final.<\/p>\n                        <\/div>\n                                                            <\/div>\n                            <\/div>\n\n            <div>\n                <div class=\"pricing-info\">\n                    <div class=\"pricing-column\">\n                        <h2 class=\"fade-in-up\">Le prix comprend<\/h2>\n                        <ul>\n                            <li><span>Villa incluant jardin, terrasse, piscine chauff\u00e9e et place de parking<\/span><\/li><li><span>Int\u00e9rieur : cuisine et appareils \u00e9lectrom\u00e9nagers, sanitaires (salles de bains et toilettes)<\/span><\/li>                        <\/ul>\n                    <\/div>\n\n                    <div class=\"pricing-column\">\n                        <h2 class=\"fade-in-up\">Le prix ne comprend pas<\/h2>\n                        <ul>\n                            <li><span>Frais de notaire et taxes li\u00e9s \u00e0 l\u2019achat<\/span><\/li><li><span>Pack mobilier complet (propos\u00e9 par nos soins)<\/span><\/li>                        <\/ul>\n                    <\/div>\n                <\/div>\n            <\/div>\n        <\/div>\n        <div class=\"contact_people_wrap\">\n            <div class=\"contact_person contact_person_1\">\n                                    <div class=\"profile-image\">\n                        <img decoding=\"async\" src=\"https:\/\/silveshills.com\/wp-content\/uploads\/2025\/02\/de4818751a6c703c5872b38f73625786.webp\" alt=\"Vanessa Debeuf\">\n                    <\/div>\n                                <div class=\"person_info\">\n                                            <h4>Vanessa Debeuf<\/h4>\n                    \n                    <div class=\"info_top\">\n                        Langues: fran\u00e7ais, anglais,\r\nallemand, n\u00e9erlandais, italien                    <\/div>\n\n                    <div class=\"info_btm\">\n                        <a href=\"tel:+ 351 925 855 736\">+ 351 925 855 736<\/a>\r\n<a href=\"tel:+33 66640 4634\">+33 66640 4634<\/a>\r\n<a href=\"mailto:vanessa@silveshills.com\">vanessa@silveshills.com<\/a>                    <\/div>\n                <\/div>\n            <\/div>\n            <div class=\"contact_person contact_person_2\">\n                                    <div class=\"profile-image\">\n                        <img decoding=\"async\" src=\"https:\/\/silveshills.com\/wp-content\/uploads\/2025\/02\/4e3b1c77c527dacd3a5c658b33cc9f65.webp\" alt=\"Sandra Alliksaar\">\n                    <\/div>\n                                <div class=\"person_info\">\n                                            <h4>Sandra Alliksaar<\/h4>\n                    \n                    <div class=\"info_top\">\n                        Langues: anglais, su\u00e9dois,\r\nestonien                    <\/div>\n\n                    <div class=\"info_btm\">\n                        <a href=\"tel:+372 5900 7027\">+372 5900 7027<\/a>\r\n<a href=\"mailto:sandra@invego.ee\">sandra@invego.ee<\/a>                    <\/div>\n                <\/div>\n            <\/div>\n        <\/div>\n\n            <\/div>\n<\/section>\n\n\n<section class=\"contact-form-block\" >\n            <div class=\"video-wrapper position-absolute top-0 start-0 w-100 h-100\">\n            <video autoplay muted loop playsinline id=\"bg-video\" class=\"w-100 h-100 d-block\">\n                <source src=\"https:\/\/silveshills.com\/wp-content\/uploads\/2025\/11\/11955057_3840_2160_25fps-1-1-2.mp4\" type=\"video\/mp4\">\n                Your browser does not support HTML5 video.\n            <\/video>\n        <\/div>\n        \n    <div class=\"video-overlay-1 position-absolute top-0 start-0 w-100 h-100\"><\/div>\n    <div class=\"video-overlay-2 position-absolute top-0 start-0 w-100 h-100\"><\/div>\n\n    <div class=\"small_container small_container-main position-relative without_contacts\">\n        \n        <div class=\"contact-form-section\">\n                            <div class=\"contact-form-subtitle subtitle-text text-center w-100\">\n                    <p>Contactez-nous pour<\/p>\n                <\/div>\n                                        <h2 class=\"text-center w-100\">en savoir plus<\/h2>\n                        \n            \n<div class=\"wpcf7 no-js\" id=\"wpcf7-f3142-o1\" lang=\"fr-FR\" dir=\"ltr\" data-wpcf7-id=\"3142\">\n<div class=\"screen-reader-response\"><p role=\"status\" aria-live=\"polite\" aria-atomic=\"true\"><\/p> <ul><\/ul><\/div>\n<form action=\"\/fr\/wp-json\/wp\/v2\/pages\/3061#wpcf7-f3142-o1\" method=\"post\" class=\"wpcf7-form init\" aria-label=\"Formulaire de contact\" novalidate=\"novalidate\" data-status=\"init\">\n<fieldset class=\"hidden-fields-container\"><input type=\"hidden\" name=\"_wpcf7\" value=\"3142\" \/><input type=\"hidden\" name=\"_wpcf7_version\" value=\"6.1.5\" \/><input type=\"hidden\" name=\"_wpcf7_locale\" value=\"fr_FR\" \/><input type=\"hidden\" name=\"_wpcf7_unit_tag\" value=\"wpcf7-f3142-o1\" \/><input type=\"hidden\" name=\"_wpcf7_container_post\" value=\"0\" \/><input type=\"hidden\" name=\"_wpcf7_posted_data_hash\" value=\"\" \/><input type=\"hidden\" name=\"_wpcf7_recaptcha_response\" value=\"\" \/>\n<\/fieldset>\n<div class=\"form_wrap\">\n<div class=\"form_top\">\n<label for=\"your-name\">Nom<\/label>\n<span class=\"wpcf7-form-control-wrap\" data-name=\"your-name\"><input size=\"40\" maxlength=\"400\" class=\"wpcf7-form-control wpcf7-text wpcf7-validates-as-required\" id=\"your-name\" aria-required=\"true\" aria-invalid=\"false\" placeholder=\"Nom\" value=\"\" type=\"text\" name=\"your-name\" \/><\/span>\n\n<label for=\"your-phone\">Num\u00e9ro de t\u00e9l\u00e9phone<\/label>\n<span class=\"wpcf7-form-control-wrap\" data-name=\"your-phone\"><input size=\"40\" class=\"wpcf7-form-control wpcf7-phonetext wpcf7-validates-as-required wpcf7-text wpcf7-validates-as-phonetext\" autocomplete=\"phone\" aria-required=\"true\" aria-invalid=\"false\" placeholder=\"Num\u00e9ro de t\u00e9l\u00e9phone\" value=\"\" type=\"text\" name=\"your-phone\" \/><input type=\"hidden\" name=\"your-phone-country-code\" class=\"wpcf7-phonetext-country-code\" \/><\/span>\n\n<label for=\"your-email\">E-mail<\/label>\n<span class=\"wpcf7-form-control-wrap\" data-name=\"your-email\"><input size=\"40\" maxlength=\"400\" class=\"wpcf7-form-control wpcf7-email wpcf7-validates-as-required wpcf7-text wpcf7-validates-as-email\" id=\"your-email\" aria-required=\"true\" aria-invalid=\"false\" placeholder=\"E-mail\" value=\"\" type=\"email\" name=\"your-email\" \/><\/span>\n<\/div>\n<div class=\"form_btm\">\n<label for=\"your-message\">Votre message (optionnel)<\/label>\n<span class=\"wpcf7-form-control-wrap\" data-name=\"your-message\"><textarea cols=\"40\" rows=\"10\" maxlength=\"2000\" class=\"wpcf7-form-control wpcf7-textarea\" id=\"your-message\" aria-invalid=\"false\" placeholder=\"Votre message (optionnel)\" name=\"your-message\"><\/textarea><\/span>\n\n<div class=\"cf7-consent-and-submit\">\n    <div class=\"cf7-consent\">\n        <span class=\"wpcf7-form-control-wrap\" data-name=\"acceptance-257\"><span class=\"wpcf7-form-control wpcf7-acceptance\"><span class=\"wpcf7-list-item\"><label><input type=\"checkbox\" name=\"acceptance-257\" value=\"1\" aria-invalid=\"false\" \/><span class=\"wpcf7-list-item-label\">J\u2019accepte les <a href=\"https:\/\/invego.ee\/en\/privacy-policy\/\" target=\"_blank\" rel=\"noopener\">conditions de traitement des donn\u00e9es.<\/a><\/span><\/label><\/span><\/span><\/span>\n    <\/div>\n\n    <input class=\"wpcf7-form-control wpcf7-submit has-spinner cf7-submit\" type=\"submit\" value=\"ENVOYEZ\" \/>\n<\/div>\n<input class=\"wpcf7-form-control wpcf7-hidden\" value=\"\" type=\"hidden\" name=\"your-house\" \/>\n<\/div>\n<\/div><div class=\"wpcf7-response-output\" aria-hidden=\"true\"><\/div>\n<\/form>\n<\/div>\n        <\/div>\n    <\/div>\n    \n    \r\n<div class=\"social-media-section pt-lg-96 pt-56\">\r\n    <div class=\"small_container position-relative\">\r\n        <div class=\"social-media-inner d-flex align-items-center justify-content-center flex-lg-row flex-column\">\r\n            <div class=\"social-media-title text-center\">\r\n                <p>Suivez-nous sur les r\u00e9seaux sociaux.<\/p>\r\n            <\/div>\r\n            <div class=\"social-media-links d-flex align-items-center flex-wrap\">\r\n                                    <a class=\"d-block\" href=\"https:\/\/www.facebook.com\/profile.php?id=61576689576532\" target=\"_blank\" rel=\"noopener\">\r\n                                                    <svg xmlns=\"http:\/\/www.w3.org\/2000\/svg\" width=\"9\" height=\"17\" viewBox=\"0 0 9 17\" fill=\"none\">\r\n                                <g clip-path=\"url(#clip0_9368_85)\">\r\n                                    <path d=\"M0.0429086 6.37499C0.240134 6.36619 0.395733 6.35447 0.551333 6.35447C1.10634 6.35251 1.66134 6.35544 2.21635 6.35153C2.3551 6.35153 2.50376 6.38183 2.63557 6.2802C2.71883 6.14144 2.68414 5.98216 2.68513 5.82972C2.68909 5.06361 2.69801 4.2975 2.68315 3.53139C2.67324 3.01349 2.81 2.54346 3.07066 2.10178C3.5216 1.34056 4.15193 0.760111 4.92695 0.328198C5.29563 0.12299 5.70792 0.0721766 6.11823 0.0340666C6.71684 -0.0216326 8.04093 -0.0245642 8.94083 0.145465C8.95867 0.220708 8.99732 0.307677 8.99831 0.394646C9.00327 1.09822 9.00227 1.80178 9.00029 2.50535C9.00029 2.58157 8.98047 2.65779 8.9656 2.75649C8.85361 2.77115 8.74757 2.79558 8.64152 2.79655C8.13409 2.80046 7.62666 2.79851 7.11922 2.79851C6.99236 2.79851 6.8655 2.79655 6.73865 2.79851C6.03894 2.81512 5.69999 3.11316 5.68116 3.78937C5.66035 4.57014 5.67819 5.35286 5.68116 6.1346C5.68116 6.17955 5.70297 6.22352 5.71288 6.26261C5.83478 6.38574 5.98543 6.34958 6.12319 6.35056C6.83676 6.35447 7.55034 6.35056 8.26392 6.35349C8.41853 6.35349 8.57413 6.36912 8.7545 6.3789C8.75054 6.89289 8.63557 7.36292 8.56521 7.83489C8.49385 8.3098 8.45817 8.79448 8.32636 9.24496C8.15589 9.3378 7.99435 9.30848 7.83875 9.30946C7.2996 9.31337 6.76045 9.30946 6.2213 9.31239C6.0657 9.31337 5.90317 9.28112 5.74558 9.38372C5.66828 9.71401 5.71982 10.059 5.7109 10.4C5.70198 10.744 5.70891 11.0879 5.70891 11.4319C5.70891 11.7759 5.70891 12.1198 5.70891 12.4638V15.5126C5.70891 15.8556 5.70891 16.1996 5.70891 16.5435C5.64251 16.5885 5.59692 16.6403 5.54142 16.6559C4.71189 16.8816 3.86749 17.0057 3.00624 17.0008C2.92993 17.0008 2.85262 16.9803 2.78027 16.9696C2.66927 16.7995 2.71486 16.6227 2.71486 16.4566C2.7109 14.2989 2.71288 12.1413 2.71189 9.98371C2.71189 9.79903 2.70396 9.61434 2.699 9.40522C2.56719 9.38763 2.46214 9.36223 2.35708 9.36125C1.7545 9.35734 1.15193 9.36125 0.549351 9.35832C0.393751 9.35832 0.238151 9.34659 0.0617392 9.33877C-0.039351 8.84041 0.0171406 8.35769 0.0131762 7.87984C0.00921192 7.39809 -0.0205205 6.91439 0.0438997 6.37596L0.0429086 6.37499Z\" fill=\"#707A45\"\/>\r\n                                <\/g>\r\n                                <defs>\r\n                                    <clipPath id=\"clip0_9368_85\">\r\n                                        <rect width=\"9\" height=\"17\" fill=\"white\"\/>\r\n                                    <\/clipPath>\r\n                                <\/defs>\r\n                            <\/svg>\r\n                                            <\/a>\r\n                                    <a class=\"d-block\" href=\"https:\/\/www.instagram.com\/silves_hills\/\" target=\"_blank\" rel=\"noopener\">\r\n                                                    <svg xmlns=\"http:\/\/www.w3.org\/2000\/svg\" width=\"18\" height=\"17\" viewBox=\"0 0 18 17\" fill=\"none\">\r\n                                <g clip-path=\"url(#clip0_9368_87)\">\r\n                                    <path d=\"M8.97387 16.994C7.77183 16.994 6.56852 16.9699 5.36775 16.9988C3.11791 17.053 0.591464 15.5432 0.0675639 12.8114C0.0204001 12.567 0.0051037 12.3142 0.0051037 12.0649C4.91197e-06 9.69674 0.00255431 7.32975 4.91208e-06 4.96275C-0.00381918 2.40673 2.22563 0.113173 5.09497 0.0072238C5.17655 0.00481586 5.25813 0 5.33971 0C7.78458 0 10.2295 0 12.6756 0C13.5704 0 14.4194 0.193839 15.1918 0.612819C16.9305 1.55673 17.8904 2.975 17.9771 4.87847C18.0179 5.78145 17.9924 6.68683 17.9924 7.59221C17.9924 9.07429 17.986 10.5564 17.986 12.0373C17.986 14.2128 16.3123 16.4847 13.4939 16.9386C13.1944 16.9868 12.8846 16.9892 12.58 16.9904C11.378 16.9964 10.1759 16.9928 8.97387 16.9928V16.994ZM9.00192 1.69639C7.75781 1.69639 6.51371 1.7 5.2696 1.69639C3.83429 1.69278 2.30083 2.64873 1.89293 4.23916C1.80753 4.57146 1.78458 4.92543 1.78331 5.26976C1.77438 7.42727 1.77821 9.58477 1.77948 11.7411C1.77948 11.8759 1.78841 12.0108 1.79223 12.1456C1.82537 13.352 2.73296 14.8028 4.49331 15.2085C4.88337 15.2988 5.30147 15.3084 5.70682 15.3096C7.88911 15.3193 10.0714 15.3144 12.2524 15.3132C12.4563 15.3132 12.6603 15.3048 12.8642 15.2988C14.1644 15.2615 15.6227 14.3693 16.0714 12.8487C16.1772 12.4899 16.1989 12.1288 16.1989 11.7627C16.1989 9.58598 16.1989 7.40921 16.1989 5.23364C16.1989 5.11806 16.1989 5.00248 16.1925 4.8869C16.1504 4.02004 15.7948 3.28081 15.146 2.6728C14.464 2.0335 13.638 1.7 12.673 1.69759C11.4493 1.69398 10.2256 1.69759 9.00192 1.69759V1.69639Z\" fill=\"#707A45\"\/>\r\n                                    <path d=\"M9.03251 4.10352C11.6584 4.1601 13.6813 6.11775 13.638 8.57023C13.5947 11.0323 11.5245 12.9202 8.94711 12.8925C6.24602 12.8624 4.29574 10.8301 4.34035 8.43177C4.38751 5.9203 6.51243 4.10954 9.03251 4.10352ZM6.12493 8.41492C6.07266 9.8982 7.35373 11.1816 8.92926 11.2069C10.3569 11.2298 11.7782 10.2329 11.8483 8.58708C11.9108 7.11825 10.7024 5.83963 9.05036 5.80111C7.51562 5.76499 6.21033 6.87745 6.12493 8.41492Z\" fill=\"#707A45\"\/>\r\n                                    <path d=\"M12.5787 4.10065C12.5902 3.51552 13.058 3.09052 13.6813 3.09775C14.2842 3.10497 14.7737 3.56729 14.7724 4.13075C14.7724 4.70986 14.2307 5.19626 13.6188 5.17098C13.1319 5.15051 12.5481 4.78089 12.5774 4.10065H12.5787Z\" fill=\"#707A45\"\/>\r\n                                <\/g>\r\n                                <defs>\r\n                                    <clipPath id=\"clip0_9368_87\">\r\n                                    <rect width=\"18\" height=\"17\" fill=\"white\"\/>\r\n                                    <\/clipPath>\r\n                                <\/defs>\r\n                            <\/svg>\r\n                                            <\/a>\r\n                                    <a class=\"d-block\" href=\"https:\/\/www.linkedin.com\/company\/silves-hills\/?viewAsMember=true\" target=\"_blank\" rel=\"noopener\">\r\n                                                    <svg xmlns=\"http:\/\/www.w3.org\/2000\/svg\" width=\"17\" height=\"16\" viewBox=\"0 0 17 16\" fill=\"none\">\r\n                                <g clip-path=\"url(#clip0_9368_81)\">\r\n                                    <path d=\"M6.05252 5.40191C6.56311 5.29409 8.69036 5.28318 9.31927 5.38252C9.45946 5.76777 9.30255 6.20269 9.43374 6.66548C9.53406 6.57946 9.59708 6.53949 9.6408 6.48618C10.5437 5.36314 11.7809 4.97425 13.2227 5.05906C13.7345 5.08934 14.2413 5.16567 14.7274 5.34618C15.4682 5.62118 16.0187 6.08518 16.3852 6.74907C16.7724 7.45173 16.8997 8.21375 16.9756 8.98788C17 9.23866 17.0013 9.49065 17.0013 9.74263C17.0039 11.6398 17.0026 13.5382 17.0013 15.4354C17.0013 15.5892 16.9859 15.7419 16.9781 15.9054C16.6116 16.0629 16.2386 15.9745 15.8772 15.989C15.4875 16.0036 15.0965 15.9987 14.7056 15.9902C14.339 15.9818 13.9686 16.0338 13.6034 15.9442C13.4863 15.731 13.5326 15.5141 13.5313 15.307C13.5262 13.8544 13.5352 12.4018 13.5249 10.9505C13.5223 10.5059 13.4837 10.0613 13.4439 9.61785C13.4272 9.42644 13.3783 9.23503 13.3178 9.05209C13.1082 8.41728 12.6619 8.04778 11.9468 7.96782C11.57 7.92542 11.206 7.96176 10.8523 8.06716C10.4459 8.18831 10.1334 8.43182 9.92504 8.7892C9.72312 9.13447 9.61508 9.50518 9.58164 9.89528C9.55849 10.1654 9.55078 10.4368 9.55078 10.707C9.5482 12.2177 9.54949 13.7284 9.54949 15.2379V15.88C9.4466 15.9224 9.37458 15.9769 9.30255 15.9769C8.29552 15.983 7.28848 15.9817 6.28145 15.9793C6.22357 15.9793 6.16569 15.9478 6.07181 15.92C6.05895 15.8182 6.03322 15.708 6.03322 15.5977C6.03065 12.3061 6.03194 9.01332 6.03322 5.72174C6.03322 5.62603 6.04608 5.53153 6.05509 5.40191H6.05252Z\" fill=\"#707A45\"\/>\r\n                                    <path d=\"M3.74263 15.9248C3.64489 15.9478 3.56772 15.9818 3.48926 15.983C2.52338 15.9866 1.5575 15.9866 0.591625 15.983C0.514458 15.983 0.43729 15.9454 0.342117 15.9212C0.326683 15.7807 0.302247 15.6474 0.299675 15.5153C0.23151 12.718 0.267522 5.98464 0.356264 5.38859C0.438576 5.36921 0.532463 5.32681 0.627637 5.3256C1.57294 5.32075 2.51824 5.32196 3.46354 5.32439C3.542 5.32439 3.62045 5.35104 3.72848 5.37042C3.7452 5.50611 3.77607 5.63574 3.77607 5.76536C3.77864 9.01697 3.77864 12.2686 3.77607 15.5214C3.77607 15.6535 3.75421 15.7855 3.74134 15.926L3.74263 15.9248Z\" fill=\"#707A45\"\/>\r\n                                    <path d=\"M4.05644 1.91053C4.05644 2.98633 3.15486 3.82709 2.01664 3.82467C1.04562 3.82225 0 3.11111 0 1.87904C0 0.838376 0.911863 0.00609006 2.01922 3.26647e-05C3.16387 -0.00602473 4.05644 0.831107 4.05644 1.91053Z\" fill=\"#707A45\"\/>\r\n                                <\/g>\r\n                                <defs>\r\n                                    <clipPath id=\"clip0_9368_81\">\r\n                                        <rect width=\"17\" height=\"16\" fill=\"white\"\/>\r\n                                    <\/clipPath>\r\n                                <\/defs>\r\n                            <\/svg>\r\n                                            <\/a>\r\n                            <\/div>\r\n        <\/div>\r\n    <\/div>\r\n<\/div><\/section>","protected":false},"excerpt":{"rendered":"","protected":false},"author":1,"featured_media":0,"parent":0,"menu_order":0,"comment_status":"closed","ping_status":"closed","template":"page-templates\/template-custom-page.php","meta":{"_acf_changed":false,"footnotes":""},"class_list":["post-3061","page","type-page","status-publish","hentry"],"acf":[],"_links":{"self":[{"href":"https:\/\/silveshills.com\/fr\/wp-json\/wp\/v2\/pages\/3061","targetHints":{"allow":["GET"]}}],"collection":[{"href":"https:\/\/silveshills.com\/fr\/wp-json\/wp\/v2\/pages"}],"about":[{"href":"https:\/\/silveshills.com\/fr\/wp-json\/wp\/v2\/types\/page"}],"author":[{"embeddable":true,"href":"https:\/\/silveshills.com\/fr\/wp-json\/wp\/v2\/users\/1"}],"replies":[{"embeddable":true,"href":"https:\/\/silveshills.com\/fr\/wp-json\/wp\/v2\/comments?post=3061"}],"version-history":[{"count":9,"href":"https:\/\/silveshills.com\/fr\/wp-json\/wp\/v2\/pages\/3061\/revisions"}],"predecessor-version":[{"id":6343,"href":"https:\/\/silveshills.com\/fr\/wp-json\/wp\/v2\/pages\/3061\/revisions\/6343"}],"wp:attachment":[{"href":"https:\/\/silveshills.com\/fr\/wp-json\/wp\/v2\/media?parent=3061"}],"curies":[{"name":"wp","href":"https:\/\/api.w.org\/{rel}","templated":true}]}}