{"id":3574,"date":"2025-11-27T15:09:11","date_gmt":"2025-11-27T12:09:11","guid":{"rendered":"https:\/\/silveshills.com\/sustainability\/"},"modified":"2026-03-25T12:18:15","modified_gmt":"2026-03-25T09:18:15","slug":"durabilite","status":"publish","type":"page","link":"https:\/\/silveshills.com\/fr\/durabilite\/","title":{"rendered":"Durabilit\u00e9"},"content":{"rendered":"\n<section class=\"text-image-block\">\n    <div class=\"container fade-in-up\">\n                    <div class=\"text_wrapper-full mx-auto\">\n                <svg class=\"svg_slash mx-auto\" xmlns=\"http:\/\/www.w3.org\/2000\/svg\" width=\"35\" height=\"23\" viewBox=\"0 0 35 23\" fill=\"none\">\n                    <path d=\"M30.3642 0L0 23H4.63576L35 0H30.3642Z\" fill=\"#6E6E6E\" \/>\n                <\/svg>\n                <h2 style=\"text-align: center;\">Durabilit\u00e9<\/h2>\n<p style=\"text-align: center;\">A Silves Hills, le top architecture rencontre a durabilit\u00e9 &#8211; non pas comme<br \/>\nune caract\u00e9ristique, mais comme une fondation.<br \/>\nDe la r\u00e9cup\u00e9ration d\u2019\u00e9nergie aux toits verts en passant par les paysages pr\u00e9serv\u00e9s,<br \/>\nchaque d\u00e9tail respecte la nature et am\u00e9liore votre qualit\u00e9 de vie.<\/p>\n            <\/div>\n        \n        <div class=\"row align-items-center flex-row-reverse\">\n            <div class=\"text col col-md-6 col-12\">\n                                    <div class=\"list mx-auto d-flex flex-column align-items-center justify-content-center text-center\">\n                                                    <p>Silves Hills est con\u00e7u en\r\nharmonie avec la nature<\/p>\n                                                                                                            <div class=\"list-item d-flex flex-column align-items-center justify-content-center\">\n                                    <svg xmlns=\"http:\/\/www.w3.org\/2000\/svg\" width=\"18\" height=\"12\" viewBox=\"0 0 18 12\" fill=\"none\">\n                                        <path d=\"M15.6159 0L0 12H2.38411L18 0H15.6159Z\" fill=\"#6E6E6E\"\/>\n                                    <\/svg>\n                                    <p>Syst\u00e8me de ventilation avec r\u00e9cup\u00e9ration d\u2019\u00e9nergie fournit de l\u2019air frais 24h\/24 tout en r\u00e9cup\u00e9rant plus de 80% de chaleur.<\/p>\n                                <\/div>\n                                                                                                                <div class=\"list-item d-flex flex-column align-items-center justify-content-center\">\n                                    <svg xmlns=\"http:\/\/www.w3.org\/2000\/svg\" width=\"18\" height=\"12\" viewBox=\"0 0 18 12\" fill=\"none\">\n                                        <path d=\"M15.6159 0L0 12H2.38411L18 0H15.6159Z\" fill=\"#6E6E6E\"\/>\n                                    <\/svg>\n                                    <p>Les syst\u00e8mes de pompe \u00e0 chaleur assurent un chauffage et un refroidissement efficaces \u00e0 faible impact.<\/p>\n                                <\/div>\n                                                                                                                <div class=\"list-item d-flex flex-column align-items-center justify-content-center\">\n                                    <svg xmlns=\"http:\/\/www.w3.org\/2000\/svg\" width=\"18\" height=\"12\" viewBox=\"0 0 18 12\" fill=\"none\">\n                                        <path d=\"M15.6159 0L0 12H2.38411L18 0H15.6159Z\" fill=\"#6E6E6E\"\/>\n                                    <\/svg>\n                                    <p>L\u2019architecture int\u00e8gre l\u2019ombrage, la masse thermique et le vitrage protecteur du soleil. <\/p>\n                                <\/div>\n                                                                        <\/div>\n                            <\/div>\n\n            <div class=\"image col col-md-6 col-12\">\n                <img decoding=\"async\" src=\"https:\/\/silveshills.com\/wp-content\/uploads\/2025\/11\/Rectangle-411-min.webp\" width=\"1170\" height=\"1300\" alt=\"\" \/>\n            <\/div>\n        <\/div>\n    <\/div>\n<\/section>\n\n\n<section class=\"text-image-block\">\n    <div class=\"container fade-in-up\">\n                    <div class=\"text_wrapper-full mx-auto\">\n                <svg class=\"svg_slash mx-auto\" xmlns=\"http:\/\/www.w3.org\/2000\/svg\" width=\"35\" height=\"23\" viewBox=\"0 0 35 23\" fill=\"none\">\n                    <path d=\"M30.3642 0L0 23H4.63576L35 0H30.3642Z\" fill=\"#6E6E6E\" \/>\n                <\/svg>\n                            <\/div>\n        \n        <div class=\"row align-items-center\">\n            <div class=\"text col col-md-6 col-12\">\n                                    <div class=\"list mx-auto d-flex flex-column align-items-center justify-content-center text-center\">\n                                                                                                            <div class=\"list-item d-flex flex-column align-items-center justify-content-center\">\n                                    <svg xmlns=\"http:\/\/www.w3.org\/2000\/svg\" width=\"18\" height=\"12\" viewBox=\"0 0 18 12\" fill=\"none\">\n                                        <path d=\"M15.6159 0L0 12H2.38411L18 0H15.6159Z\" fill=\"#6E6E6E\"\/>\n                                    <\/svg>\n                                    <p>Les toits verts am\u00e9liorent \u00e0 la fois la performance \u00e9nerg\u00e9tique et les vues.<\/p>\n                                <\/div>\n                                                                                                                <div class=\"list-item d-flex flex-column align-items-center justify-content-center\">\n                                    <svg xmlns=\"http:\/\/www.w3.org\/2000\/svg\" width=\"18\" height=\"12\" viewBox=\"0 0 18 12\" fill=\"none\">\n                                        <path d=\"M15.6159 0L0 12H2.38411L18 0H15.6159Z\" fill=\"#6E6E6E\"\/>\n                                    <\/svg>\n                                    <p>L\u2019am\u00e9nagement paysager avec des plantes locales r\u00e9duit la consommation d\u2019eau, l\u2019entretien et l\u2019impact environnemental <\/p>\n                                <\/div>\n                                                                                                                <div class=\"list-item d-flex flex-column align-items-center justify-content-center\">\n                                    <svg xmlns=\"http:\/\/www.w3.org\/2000\/svg\" width=\"18\" height=\"12\" viewBox=\"0 0 18 12\" fill=\"none\">\n                                        <path d=\"M15.6159 0L0 12H2.38411L18 0H15.6159Z\" fill=\"#6E6E6E\"\/>\n                                    <\/svg>\n                                    <p>Seulement 7 sur 64 hectares sont d\u00e9velopp\u00e9s, pr\u00e9servant ainsi le paysage naturel tout autour. <\/p>\n                                <\/div>\n                                                                        <\/div>\n                            <\/div>\n\n            <div class=\"image col col-md-6 col-12\">\n                <img decoding=\"async\" src=\"https:\/\/silveshills.com\/wp-content\/uploads\/2025\/11\/Rectangle-411-1-min.webp\" width=\"1170\" height=\"1300\" alt=\"\" \/>\n            <\/div>\n        <\/div>\n    <\/div>\n<\/section>\n\n\n<section class=\"post-image-block full-width-image\" >\n    <div class=\"post-image-wrapper fade-in-up\">\n        <img decoding=\"async\" src=\"https:\/\/silveshills.com\/wp-content\/uploads\/2025\/11\/Group-2735-min-scaled-1.webp\" width=\"2560\" height=\"1097\" alt=\"\" \/>\n    <\/div>\n<\/section>","protected":false},"excerpt":{"rendered":"","protected":false},"author":1,"featured_media":0,"parent":0,"menu_order":0,"comment_status":"closed","ping_status":"closed","template":"page-templates\/template-no-title.php","meta":{"_acf_changed":false,"footnotes":""},"class_list":["post-3574","page","type-page","status-publish","hentry"],"acf":[],"_links":{"self":[{"href":"https:\/\/silveshills.com\/fr\/wp-json\/wp\/v2\/pages\/3574","targetHints":{"allow":["GET"]}}],"collection":[{"href":"https:\/\/silveshills.com\/fr\/wp-json\/wp\/v2\/pages"}],"about":[{"href":"https:\/\/silveshills.com\/fr\/wp-json\/wp\/v2\/types\/page"}],"author":[{"embeddable":true,"href":"https:\/\/silveshills.com\/fr\/wp-json\/wp\/v2\/users\/1"}],"replies":[{"embeddable":true,"href":"https:\/\/silveshills.com\/fr\/wp-json\/wp\/v2\/comments?post=3574"}],"version-history":[{"count":3,"href":"https:\/\/silveshills.com\/fr\/wp-json\/wp\/v2\/pages\/3574\/revisions"}],"predecessor-version":[{"id":6350,"href":"https:\/\/silveshills.com\/fr\/wp-json\/wp\/v2\/pages\/3574\/revisions\/6350"}],"wp:attachment":[{"href":"https:\/\/silveshills.com\/fr\/wp-json\/wp\/v2\/media?parent=3574"}],"curies":[{"name":"wp","href":"https:\/\/api.w.org\/{rel}","templated":true}]}}