{"id":5441,"date":"2025-03-05T04:29:21","date_gmt":"2025-03-05T01:29:21","guid":{"rendered":"https:\/\/silveshills.com\/comodidades\/"},"modified":"2026-02-16T18:43:34","modified_gmt":"2026-02-16T15:43:34","slug":"comodidades","status":"publish","type":"page","link":"https:\/\/silveshills.com\/pt\/comodidades\/","title":{"rendered":"Comodidades"},"content":{"rendered":"\n<section class=\"amenities-hero-block\">\n    <div class=\"small_container\">\n        <div class=\"title-container\">\n            <h1 class=\"fade-in-up\">Descubra um estilo de vida em que o equil\u00edbrio \u00e9 o elemento essencial<\/h1>\n        <\/div>\n\n        <div class=\"text-container fade-in-up\">\n            <p>Escondido no cora\u00e7\u00e3o do Algarve, Silves Hills \u00e9 muito mais do que um Resort. \u00c9 um local concebido para um estilo de vida que procura o equil\u00edbrio perfeito entre o luxo, a natureza e o bem estar. Quer esteja aqui para relaxar, manter-se em forma ou trabalhar remotamente, as nossas comodidades, de n\u00edvel e &#8216;standard&#8217; mundial, oferecem-lhe uma experiencia inigual\u00e1vel em ambiente deslumbrante.<\/p>\n        <\/div>\n    <\/div>\n<\/section>\n\n\n<section id=\"slider_section\" class=\"slider_wrapper image-boxes-slider-block\" >\n    <div class=\"slider-container\">\n        <div class=\"swiper image-boxes-slider\">\n            <div class=\"swiper-wrapper\">\n                                    <div class=\"swiper-slide\">\n                                                    <div class=\"img_container\">\n                                <img decoding=\"async\" src=\"https:\/\/silveshills.com\/wp-content\/uploads\/2025\/03\/Group-2660.png\" alt=\"\">\n                            <\/div>\n                                                <div class=\"slide_content\">\n                                                            <p>A Aventura espera por si<\/p>\n                                                    <\/div>\n                    <\/div>\n                                    <div class=\"swiper-slide\">\n                                                    <div class=\"img_container\">\n                                <img decoding=\"async\" src=\"https:\/\/silveshills.com\/wp-content\/uploads\/2025\/03\/Group-2659.png\" alt=\"\">\n                            <\/div>\n                                                <div class=\"slide_content\">\n                                                            <p>Jogar golf no para\u00edso<\/p>\n                                                    <\/div>\n                    <\/div>\n                                    <div class=\"swiper-slide\">\n                                                    <div class=\"img_container\">\n                                <img decoding=\"async\" src=\"https:\/\/silveshills.com\/wp-content\/uploads\/2025\/03\/5738571-uhd_2160_4096_25fps-9.png\" alt=\"\">\n                            <\/div>\n                                                <div class=\"slide_content\">\n                                                            <p>Mantenha-se activo e cheio de energia <\/p>\n                                                    <\/div>\n                    <\/div>\n                                    <div class=\"swiper-slide\">\n                                                    <div class=\"img_container\">\n                                <img decoding=\"async\" src=\"https:\/\/silveshills.com\/wp-content\/uploads\/2025\/03\/3596844-uhd_3840_2160_25fps-37.png\" alt=\"\">\n                            <\/div>\n                                                <div class=\"slide_content\">\n                                                            <p>Desfrute de sabores aut\u00eanticos<\/p>\n                                                    <\/div>\n                    <\/div>\n                                    <div class=\"swiper-slide\">\n                                                    <div class=\"img_container\">\n                                <img decoding=\"async\" src=\"https:\/\/silveshills.com\/wp-content\/uploads\/2025\/03\/3596844-uhd_3840_2160_25fps-39.png\" alt=\"\">\n                            <\/div>\n                                                <div class=\"slide_content\">\n                                                            <p>V\u00e1 \u00e0 descoberta da costa algarvia<\/p>\n                                                    <\/div>\n                    <\/div>\n                                    <div class=\"swiper-slide\">\n                                                    <div class=\"img_container\">\n                                <img decoding=\"async\" src=\"https:\/\/silveshills.com\/wp-content\/uploads\/2025\/03\/3596844-uhd_3840_2160_25fps-38.png\" alt=\"\">\n                            <\/div>\n                                                <div class=\"slide_content\">\n                                                            <p>Trabalho e prazer em perfeita harmonia<\/p>\n                                                    <\/div>\n                    <\/div>\n                                    <div class=\"swiper-slide\">\n                                                    <div class=\"img_container\">\n                                <img decoding=\"async\" src=\"https:\/\/silveshills.com\/wp-content\/uploads\/2025\/03\/3596844-uhd_3840_2160_25fps-41.png\" alt=\"\">\n                            <\/div>\n                                                <div class=\"slide_content\">\n                                                            <p>Concebido e desenhado para fam\u00edias<\/p>\n                                                    <\/div>\n                    <\/div>\n                                    <div class=\"swiper-slide\">\n                                                    <div class=\"img_container\">\n                                <img decoding=\"async\" src=\"https:\/\/silveshills.com\/wp-content\/uploads\/2025\/03\/3596844-uhd_3840_2160_25fps-40.png\" alt=\"\">\n                            <\/div>\n                                                <div class=\"slide_content\">\n                                                            <p>Servi\u00e7os personalizados e de concierge<\/p>\n                                                    <\/div>\n                    <\/div>\n                            <\/div>\n        <\/div>\n    <\/div>\n<\/section>\n\n\n\n\n<section class=\"paragraph-block\">\n    <div class=\"small_container\">\n        <div class=\"text-container fade-in-up\">\n            <h2>O seu ref\u00fagio exclusivo espera por si<\/h2>\n<p>Quer se pretenda uma segunda casa, um ref\u00fagio de luxo ou um investimento seguro para renda , Silves Hills \u00e9 uma combina\u00e7\u00e3o de bem estar, aventura e tranquilidade.<\/p>\n        <\/div>\n    <\/div>\n<\/section>\n\n\n<section class=\"video-block\" >\n    <div class=\"video-wrapper\">\n        <video autoplay muted loop playsinline id=\"bg-video\">\n            <source src=\"https:\/\/silveshills.com\/wp-content\/uploads\/2025\/03\/Amenities-leht-sealne-video-1.mp4\" type=\"video\/mp4\">\n            Your browser does not support HTML5 video.\n        <\/video>\n    <\/div>\n\n    <\/section>\n\n\n<section class=\"image-block full-width-image\" >\n    \n    <img decoding=\"async\" class=\"w-100\" src=\"https:\/\/silveshills.com\/wp-content\/uploads\/2026\/01\/Portugal-scaled.png\" width=\"2560\" height=\"1284\" alt=\"\" \/>\n\n    <\/section>","protected":false},"excerpt":{"rendered":"","protected":false},"author":1,"featured_media":0,"parent":0,"menu_order":0,"comment_status":"closed","ping_status":"closed","template":"page-templates\/template-custom-page.php","meta":{"_acf_changed":false,"footnotes":""},"class_list":["post-5441","page","type-page","status-publish","hentry"],"acf":[],"_links":{"self":[{"href":"https:\/\/silveshills.com\/pt\/wp-json\/wp\/v2\/pages\/5441","targetHints":{"allow":["GET"]}}],"collection":[{"href":"https:\/\/silveshills.com\/pt\/wp-json\/wp\/v2\/pages"}],"about":[{"href":"https:\/\/silveshills.com\/pt\/wp-json\/wp\/v2\/types\/page"}],"author":[{"embeddable":true,"href":"https:\/\/silveshills.com\/pt\/wp-json\/wp\/v2\/users\/1"}],"replies":[{"embeddable":true,"href":"https:\/\/silveshills.com\/pt\/wp-json\/wp\/v2\/comments?post=5441"}],"version-history":[{"count":1,"href":"https:\/\/silveshills.com\/pt\/wp-json\/wp\/v2\/pages\/5441\/revisions"}],"predecessor-version":[{"id":5514,"href":"https:\/\/silveshills.com\/pt\/wp-json\/wp\/v2\/pages\/5441\/revisions\/5514"}],"wp:attachment":[{"href":"https:\/\/silveshills.com\/pt\/wp-json\/wp\/v2\/media?parent=5441"}],"curies":[{"name":"wp","href":"https:\/\/api.w.org\/{rel}","templated":true}]}}