{"id":5446,"date":"2025-02-26T11:31:35","date_gmt":"2025-02-26T08:31:35","guid":{"rendered":"https:\/\/silveshills.com\/localizacao\/"},"modified":"2026-03-10T16:42:07","modified_gmt":"2026-03-10T13:42:07","slug":"localizacao","status":"publish","type":"page","link":"https:\/\/silveshills.com\/pt\/localizacao\/","title":{"rendered":"Localiza\u00e7\u00e3o"},"content":{"rendered":"\n    <section class=\"hero hero-video-block\">\n        <div class=\"video-wrapper\">\n            <video autoplay muted loop playsinline id=\"bg-video\">\n                <source src=\"https:\/\/silveshills.com\/wp-content\/uploads\/2025\/03\/Location-lehel-esimene-video-paises-1-1.mp4\" type=\"video\/mp4\">\n                Your browser does not support HTML5 video.\n            <\/video>\n        <\/div>\n\n        <div class=\"hero-content\">\n                            <h1>Silves Hills Localiza\u00e7\u00e3o<\/h1>\n                    <\/div>\n            <\/section>\n\n\n\n<section id=\"map_background\" class=\"map-background-block\" >\n    <div class=\"container position-relative\">\n        <div class=\"row align-items-center\">\n            <div class=\"map-background-content col col-md-6 col-12 d-flex justify-content-center\">\n                <div class=\"map-background-content-inside text-md-start text-center\">\n                                            <div class=\"subtitle-text\">\n                            <p>SILVES HILLS<\/p>\n                        <\/div>\n                    \n                                            <div class=\"map_bg_text\">\n                            <h2>Onde a vida se encontra<br \/>\ncom a natureza<\/h2>\n<p>No cora\u00e7\u00e3o do Algarve, o Silves Hills ocupa 65 hectares de encosta em propriedade plena, oferecendo espa\u00e7o, serenidade e um verdadeiro sentido de perten\u00e7a. Da sua casa na encosta, maravilhe-se com vistas deslumbrantes das montanhas de Monchique, desfrute de acesso direto a trilhos de caminhada e ciclismo, e esteja a poucos minutos das melhores praias, campos de golfe e comodidades da regi\u00e3o.<\/p>\n                        <\/div>\n                    \n                                            <a href=\"#map-block\" \n                            class=\"btn\"\n                            target=\"_self\">\n                            Vamos explorar a regi\u00e3o                        <\/a>\n                                    <\/div>\n            <\/div>\n                            <div class=\"image-col col col-md-6 col-12\">\n                    <div class=\"image-wrap text-end\">\n                        <img decoding=\"async\" src=\"https:\/\/silveshills.com\/wp-content\/uploads\/2025\/11\/Group-2740.svg\" width=\"716\" height=\"973\" alt=\"\" \/>\n                    <\/div>\n                <\/div>\n                    <\/div>\n    <\/div>\n<\/section>\n\n\n<section class=\"video-block\" >\n    <div class=\"video-wrapper\">\n        <video autoplay muted loop playsinline id=\"bg-video\">\n            <source src=\"https:\/\/silveshills.com\/wp-content\/uploads\/2025\/03\/0d55-412e-84de-04af5d0a8a41-1.mp4\" type=\"video\/mp4\">\n            Your browser does not support HTML5 video.\n        <\/video>\n    <\/div>\n\n    <\/section>\n\n\n<section id=\"map-block\" class=\"map-block\">\n    <div class=\"small_container\">\n        <div class=\"map_color_wrap\" data-color=\"#81D78B\">\n            <div class=\"container pt-lg-10 pt-6 pb-lg-7 pb-9\" >\n                <div class=\"map_title_wrapper\">\n                    <p class=\"marked_title\">Fora do Santu\u00e1rio, sobre a colina e perfeitamente ao seu alcance, encontram-se as praias douradas, as vinhas banhadas pelo sol, os trilhos sinuosos para caminhadas, campos de golfe de n\u00edvel mundial, mercados coloridos e cidades de antiguidade not\u00e1vel. Aeroportos, parques aqu\u00e1ticos, boutiques e centros de &#8216;beleza e bem estar&#8217; est\u00e3o suficientemente perto se tal  for conveniente e suficientemente longe caso a tranquilidade seja mais importante para si.<\/p>                <\/div>\n\n                                    <div class=\"columns row text-center fade-in-up\">\n                                                                                <div class=\"col col-lg col-4 position-relative\">\n                                <div class=\"column_content w100\">\n                                    <h3 class=\"first_value\">1<\/h3>                                    <div class=\"second_value\"><p>MIN<\/p><\/div>                                    <div class=\"third_value\"><p>Mais de 100 trilhos de caminhada<\/p><\/div>                                <\/div>\n                            <\/div>\n                                                                                <div class=\"col col-lg col-4 position-relative\">\n                                <div class=\"column_content w100\">\n                                    <h3 class=\"first_value\">5<\/h3>                                    <div class=\"second_value\"><p>MIN<\/p><\/div>                                    <div class=\"third_value\"><p>Cidade de Silves<\/p><\/div>                                <\/div>\n                            <\/div>\n                                                                                <div class=\"col col-lg col-4 position-relative\">\n                                <div class=\"column_content w100\">\n                                    <h3 class=\"first_value\">8<\/h3>                                    <div class=\"second_value\"><p>MIN<\/p><\/div>                                    <div class=\"third_value\"><p>Mais de 40 campos de golfe<\/p><\/div>                                <\/div>\n                            <\/div>\n                                                                                <div class=\"col col-lg col-4 position-relative\">\n                                <div class=\"column_content w100\">\n                                    <h3 class=\"first_value\">20<\/h3>                                    <div class=\"second_value\"><p>MIN<\/p><\/div>                                    <div class=\"third_value\"><p>Praia mais pr\u00f3xima<\/p><\/div>                                <\/div>\n                            <\/div>\n                                                                                <div class=\"col col-lg col-4 position-relative\">\n                                <div class=\"column_content w100\">\n                                    <h3 class=\"first_value\">40<\/h3>                                    <div class=\"second_value\"><p>MIN<\/p><\/div>                                    <div class=\"third_value\"><p>Aeroporto de Faro<\/p><\/div>                                <\/div>\n                            <\/div>\n                                                                                <div class=\"col col-lg col-4 position-relative\">\n                                <div class=\"column_content w100\">\n                                    <h3 class=\"first_value\">2.5<\/h3>                                    <div class=\"second_value\"><p>H<\/p><\/div>                                    <div class=\"third_value\"><p>Aeroporto de Lisboa<\/p><\/div>                                <\/div>\n                            <\/div>\n                                            <\/div>\n                            <\/div>\n        <\/div>\n    <\/div>\n    \n    <div class=\"map_image_wrapper fade-in-up\">\n        <div class=\"map_image_container\">\n                            <picture>\n                    <source media=\"(max-width: 767px)\" srcset=\"https:\/\/silveshills.com\/wp-content\/uploads\/2026\/02\/Frame-1-11-4.avif\">\n                    <img decoding=\"async\" src=\"https:\/\/silveshills.com\/wp-content\/uploads\/2026\/02\/Frame-1-10-4.avif\" alt=\"\" class=\"map_image\" \/>\n                <\/picture>\n                        <div class=\"silves-hills-marker\">\n                <div class=\"marker-label\">SILVES HILLS<\/div>\n                <div class=\"marker-tail\"><\/div>\n                <div class=\"marker-dot\"><\/div>\n            <\/div>\n        <\/div>\n    <\/div>\n<\/section>\n\n\n<section  class=\"three-columns-block\">\n    <div class=\"container\">\n                <div class=\"col-row d-flex\">\n                            <div class=\"img-container\">\n                    <div class=\"img-wrapper position-relative h-100 overflow-hidden\">\n                        <img decoding=\"async\" class=\"position-absolute w-100 h-100\" src=\"https:\/\/silveshills.com\/wp-content\/uploads\/2025\/12\/shutterstock_2210367441-1-min-1-2.webp\" alt=\"\">\n                    <\/div>\n                <\/div>\n                        <div class=\"text-container fade-in-up d-flex align-items-center text-lg-start text-center\">\n                <div class=\"text-wrapper\">\n                                            <div class=\"subtitle-text\">\n                            <p>\u00c0 dist\u00e2ncia da sua porta<\/p>\n                        <\/div>\n                    \n                                            <div class=\"column-content d-flex flex-column align-items-lg-start align-items-center\">\n                            <h2>Serra de<br \/>\nMonchique<\/h2>\n<p>A oeste, a Serra de Monchique, em plena e total serenidade,  oferece trilhos panor\u00e2micos,  retiros de bem estar e nascentes de  \u00e1gua termal. Bem perto, nas Caldas de Monchique, correm \u00e1guas curativas como na era romana<\/p>\n                        <\/div>\n                                    <\/div>\n            <\/div>\n        <\/div>\n                <div class=\"col-row d-flex\">\n                            <div class=\"img-container\">\n                    <div class=\"img-wrapper position-relative h-100 overflow-hidden\">\n                        <img decoding=\"async\" class=\"position-absolute w-100 h-100\" src=\"https:\/\/silveshills.com\/wp-content\/uploads\/2025\/12\/shutterstock_1323132176-1-min.png\" alt=\"\">\n                    <\/div>\n                <\/div>\n                        <div class=\"text-container fade-in-up d-flex align-items-center text-lg-start text-center\">\n                <div class=\"text-wrapper\">\n                                            <div class=\"subtitle-text\">\n                            <p>\u00c0 dist\u00e2ncia de 1.8 Km<\/p>\n                        <\/div>\n                    \n                                            <div class=\"column-content d-flex flex-column align-items-lg-start align-items-center\">\n                            <h2>Cidade hist\u00f3rica<br \/>\nde Sives<\/h2>\n<p>Apenas a alguns minutos encontra-se Silves, a primeira capital do Algarve, imersa em hist\u00f3ria mourisca e coroada por um castelo de pedra vermelha. \u00c9 a combina\u00e7\u00e3o perfeita entre a profundidade da cultura e o charme da tranquilidade, mesmo a poucos momentos do seu ref\u00fagio.<\/p>\n                        <\/div>\n                                    <\/div>\n            <\/div>\n        <\/div>\n                <div class=\"col-row d-flex\">\n                            <div class=\"img-container\">\n                    <div class=\"img-wrapper position-relative h-100 overflow-hidden\">\n                        <img decoding=\"async\" class=\"position-absolute w-100 h-100\" src=\"https:\/\/silveshills.com\/wp-content\/uploads\/2025\/03\/fb24a2749665fa4f9cfdf7034d1107bf.webp\" alt=\"\">\n                    <\/div>\n                <\/div>\n                        <div class=\"text-container fade-in-up d-flex align-items-center text-lg-start text-center\">\n                <div class=\"text-wrapper\">\n                                            <div class=\"subtitle-text\">\n                            <p>\u00c0 dist\u00e2ncia de 30 Km<\/p>\n                        <\/div>\n                    \n                                            <div class=\"column-content d-flex flex-column align-items-lg-start align-items-center\">\n                            <h2>Praia da<br \/>\nFal\u00e9sia<\/h2>\n<p>Onde os penhascos de rocha firme e de cor vermelha se encontram com a imensidade do Atlantico, a Praia da Fal\u00e9sia estende-se por 6 Km de faixa dourada de areia ladeada por fal\u00e9sias de cor ferro e pinheiros balan\u00e7ados pelo vento. Fa\u00e7a uma caminhada ao nascer do sol e sentir-se-\u00e1 como a \u00fanica alma ao cimo da terra.<\/p>\n                        <\/div>\n                                    <\/div>\n            <\/div>\n        <\/div>\n            <\/div>\n<\/section>\n\n\n<section class=\"cta-block text-center\" >\n    <div class=\"small_container\">\n        <div class=\"cta_content\">\n            \n                            <div class=\"cta_text fade-in-up\"><h2>Alcance o equil\u00edbrio perfeito: natureza e bem estar em ambiente cultural num exclusivo ref\u00fagio algarvio<\/h2>\n<\/div>\n            \n                    <\/div>\n    <\/div>\n<\/section>\n\n\n<section id=\"slider_section\" class=\"slider_wrapper image-boxes-slider-block\" >\n    <div class=\"slider-container\">\n        <div class=\"swiper image-boxes-slider\">\n            <div class=\"swiper-wrapper\">\n                                    <div class=\"swiper-slide\">\n                                                    <div class=\"img_container\">\n                                <img decoding=\"async\" src=\"https:\/\/silveshills.com\/wp-content\/uploads\/2025\/02\/slide4.webp\" alt=\"\">\n                            <\/div>\n                                                <div class=\"slide_content\">\n                                                            <p>Mais de 100 Km de trilhos panor\u00e2micos para ciclismo e caminhadas<\/p>\n                                                    <\/div>\n                    <\/div>\n                                    <div class=\"swiper-slide\">\n                                                    <div class=\"img_container\">\n                                <img decoding=\"async\" src=\"https:\/\/silveshills.com\/wp-content\/uploads\/2025\/02\/f0e99ea5ada2c3d391303311b5e5a273.webp\" alt=\"\">\n                            <\/div>\n                                                <div class=\"slide_content\">\n                                                            <p>Mais de 15 campos de golf de  n\u00edvel elevado apenas a 15 minutos de distancia<\/p>\n                                                    <\/div>\n                    <\/div>\n                                    <div class=\"swiper-slide\">\n                                                    <div class=\"img_container\">\n                                <img decoding=\"async\" src=\"https:\/\/silveshills.com\/wp-content\/uploads\/2025\/02\/slide2.webp\" alt=\"\">\n                            <\/div>\n                                                <div class=\"slide_content\">\n                                                            <p>Courts de Tenis e Padel mesmo \u00e0 sua porta<\/p>\n                                                    <\/div>\n                    <\/div>\n                                    <div class=\"swiper-slide\">\n                                                    <div class=\"img_container\">\n                                <img decoding=\"async\" src=\"https:\/\/silveshills.com\/wp-content\/uploads\/2025\/02\/slide3.webp\" alt=\"\">\n                            <\/div>\n                                                <div class=\"slide_content\">\n                                                            <p>Produtos locais frescos, vinhedos e olivais nas proximidades<\/p>\n                                                    <\/div>\n                    <\/div>\n                                    <div class=\"swiper-slide\">\n                                                    <div class=\"img_container\">\n                                <img decoding=\"async\" src=\"https:\/\/silveshills.com\/wp-content\/uploads\/2025\/02\/08b807e982e52c687075a1e4d8441ddd.webp\" alt=\"\">\n                            <\/div>\n                                                <div class=\"slide_content\">\n                                                            <p>Com diversas praias deslumbrantes \u00e0 sua escolha e bem perto de si.<\/p>\n                                                    <\/div>\n                    <\/div>\n                                    <div class=\"swiper-slide\">\n                                                    <div class=\"img_container\">\n                                <img decoding=\"async\" src=\"https:\/\/silveshills.com\/wp-content\/uploads\/2025\/02\/79eff887d690d84933e15efac2601417.webp\" alt=\"\">\n                            <\/div>\n                                                <div class=\"slide_content\">\n                                                            <p>Clubhouse com servi\u00e7o de concierge completo e a 24\/7<\/p>\n                                                    <\/div>\n                    <\/div>\n                                    <div class=\"swiper-slide\">\n                                                    <div class=\"img_container\">\n                                <img decoding=\"async\" src=\"https:\/\/silveshills.com\/wp-content\/uploads\/2025\/02\/slide1.webp\" alt=\"\">\n                            <\/div>\n                                                <div class=\"slide_content\">\n                                                            <p>Cada vila disp\u00f5e duma piscina privada e aquecida<\/p>\n                                                    <\/div>\n                    <\/div>\n                            <\/div>\n        <\/div>\n    <\/div>\n<\/section>\n\n\n\n\n<section class=\"text-block-image-background-block\" \n    style=\"background-image: url('https:\/\/silveshills.com\/wp-content\/uploads\/2025\/03\/Quinta-do-Pateiro_270123-1-23-2-1-1.webp');\">\n    \n        <div class=\"small_container\">\n\n            <div class=\"text-content fade-in-up\">\n                                    <div class=\"subtitle-text\">\n                        <p>Mais do que um destino<\/p>\n                    <\/div>\n                                <h2>Silves Hills \u00e9 um local para viver bem em qualquer que seja a esta\u00e7\u00e3o do ano<\/h2>\n            <\/div>\n\n        <\/div>\n<\/section>\n\n\n<p><\/p>\n","protected":false},"excerpt":{"rendered":"","protected":false},"author":1,"featured_media":0,"parent":0,"menu_order":0,"comment_status":"closed","ping_status":"closed","template":"page-templates\/template-custom-page.php","meta":{"_acf_changed":false,"footnotes":""},"class_list":["post-5446","page","type-page","status-publish","hentry"],"acf":[],"_links":{"self":[{"href":"https:\/\/silveshills.com\/pt\/wp-json\/wp\/v2\/pages\/5446","targetHints":{"allow":["GET"]}}],"collection":[{"href":"https:\/\/silveshills.com\/pt\/wp-json\/wp\/v2\/pages"}],"about":[{"href":"https:\/\/silveshills.com\/pt\/wp-json\/wp\/v2\/types\/page"}],"author":[{"embeddable":true,"href":"https:\/\/silveshills.com\/pt\/wp-json\/wp\/v2\/users\/1"}],"replies":[{"embeddable":true,"href":"https:\/\/silveshills.com\/pt\/wp-json\/wp\/v2\/comments?post=5446"}],"version-history":[{"count":3,"href":"https:\/\/silveshills.com\/pt\/wp-json\/wp\/v2\/pages\/5446\/revisions"}],"predecessor-version":[{"id":6284,"href":"https:\/\/silveshills.com\/pt\/wp-json\/wp\/v2\/pages\/5446\/revisions\/6284"}],"wp:attachment":[{"href":"https:\/\/silveshills.com\/pt\/wp-json\/wp\/v2\/media?parent=5446"}],"curies":[{"name":"wp","href":"https:\/\/api.w.org\/{rel}","templated":true}]}}