{"id":5448,"date":"2020-09-17T18:31:54","date_gmt":"2020-09-17T15:31:54","guid":{"rendered":"https:\/\/silveshills.com\/home\/"},"modified":"2026-03-10T14:51:37","modified_gmt":"2026-03-10T11:51:37","slug":"home","status":"publish","type":"page","link":"https:\/\/silveshills.com\/pt\/","title":{"rendered":"Silves Hills"},"content":{"rendered":"\n    <section class=\"hero hero-video-block\">\n        <div class=\"video-wrapper\">\n            <video autoplay muted loop playsinline id=\"bg-video\">\n                <source src=\"https:\/\/silveshills.com\/wp-content\/uploads\/2026\/03\/Silves-Hills_BALANCE_PT_UUS.mp4\" type=\"video\/mp4\">\n                Your browser does not support HTML5 video.\n            <\/video>\n        <\/div>\n\n        <div class=\"hero-content\">\n                            <h1>Silves Hills<\/h1>\n                    <\/div>\n            <\/section>\n\n\n\n<section class=\"cta-block text-center\" >\n    <div class=\"small_container\">\n        <div class=\"cta_content\">\n                            <div class=\"subtitle-text\">\n                    <p>Encontre o seu equil\u00edbrio<\/p>\n                <\/div>\n            \n                            <div class=\"cta_text fade-in-up\"><h2>Vilas sustent\u00e1veis no cora\u00e7\u00e3o<br \/>\neterno do Algarve<\/h2>\n<p>Viva um estilo de vida pensado para o bem-estar duradouro. No cora\u00e7\u00e3o da aut\u00eantica Silves,\u00a0Silves Hills\u00a0apresenta uma cole\u00e7\u00e3o exclusiva de vilas eco-conscientes com piscinas privadas, telhados verdes e vistas panor\u00e2micas deslumbrantes. Uma comunidade onde a natureza, a sa\u00fade, a felicidade e a conex\u00e3o est\u00e3o sempre em primeiro lugar.<\/p>\n<\/div>\n            \n                            <a href=\"https:\/\/silveshills.com\/pt\/casas\/\" \n                    class=\"cta_btn cta-btn btn\" data-cta=\"Encontre a sua vila\"\n                    target=\"_self\">\n                    Encontre a sua vila                <\/a>\n                    <\/div>\n    <\/div>\n<\/section>\n\n\n<section class=\"boxes-grid-block\"  \n    style=\"background-color: #ffffff;\">\n    <div class=\"container-fluid px-0\">\n        <div class=\"boxes_grid_content\">\n                                            <div class=\"box_item fade-in-up\">\n                                            <div class=\"box_image\">\n                            <img decoding=\"async\" class=\"w-100 h-100\" src=\"https:\/\/silveshills.com\/wp-content\/uploads\/2025\/11\/pexels-mali-68468-3-min.png\" width=\"472\" height=\"543\" alt=\"\" \/>\n                        <\/div>\n                                                                <h3 class=\"box_title\">Casa<\/h3>\n                                                                <div class=\"box_text mx-auto\"><p>Desenho escandinavo adaptado \u00e0 forma portuguesa de viver<\/p>\n<\/div>\n                                    <\/div>\n                                            <div class=\"box_item fade-in-up\">\n                                            <div class=\"box_image\">\n                            <img decoding=\"async\" class=\"w-100 h-100\" src=\"https:\/\/silveshills.com\/wp-content\/uploads\/2025\/11\/Rectangle-min.png\" width=\"472\" height=\"543\" alt=\"\" \/>\n                        <\/div>\n                                                                <h3 class=\"box_title\">Tran-quilidade<\/h3>\n                                                                <div class=\"box_text mx-auto\"><p>Um santu\u00e1rio para a alma<\/p>\n<\/div>\n                                    <\/div>\n                                            <div class=\"box_item fade-in-up\">\n                                            <div class=\"box_image\">\n                            <img decoding=\"async\" class=\"w-100 h-100\" src=\"https:\/\/silveshills.com\/wp-content\/uploads\/2025\/11\/pexels-mali-68468-5-min.png\" width=\"480\" height=\"543\" alt=\"\" \/>\n                        <\/div>\n                                                                <h3 class=\"box_title\">Natureza<\/h3>\n                                                                <div class=\"box_text mx-auto\"><p>Serenidade absoluta \u00e0 sua porta<\/p>\n<\/div>\n                                    <\/div>\n                    <\/div>\n    <\/div>\n<\/section>\n\n\n<section id=\"map_background\" class=\"map-background-block\" >\n    <div class=\"container position-relative\">\n        <div class=\"row align-items-center\">\n            <div class=\"map-background-content col col-md-6 col-12 d-flex justify-content-center\">\n                <div class=\"map-background-content-inside text-md-start text-center\">\n                                            <div class=\"subtitle-text\">\n                            <p>SILVES HILLS<\/p>\n                        <\/div>\n                    \n                                            <div class=\"map_bg_text\">\n                            <h2>Onde a vida se encontra<br \/>\ncom a natureza<\/h2>\n<div class=\"map_bg_text\">\n<p>No cora\u00e7\u00e3o do Algarve, o Silves Hills ocupa 65 hectares de encosta em propriedade plena, oferecendo espa\u00e7o, serenidade e um verdadeiro sentido de perten\u00e7a. Da sua casa na encosta, maravilhe-se com vistas deslumbrantes das montanhas de Monchique, desfrute de acesso direto a trilhos de caminhada e ciclismo, e esteja a poucos minutos das melhores praias, campos de golfe e comodidades da regi\u00e3o.<\/p>\n<\/div>\n                        <\/div>\n                    \n                                            <a href=\"\/pt\/localizacao\/\" \n                            class=\"btn\"\n                            target=\"_self\">\n                            Vamos explorar a regi\u00e3o                        <\/a>\n                                    <\/div>\n            <\/div>\n                            <div class=\"image-col col col-md-6 col-12\">\n                    <div class=\"image-wrap text-end\">\n                        <img decoding=\"async\" src=\"https:\/\/silveshills.com\/wp-content\/uploads\/2025\/11\/Group-2740.svg\" width=\"716\" height=\"973\" alt=\"\" \/>\n                    <\/div>\n                <\/div>\n                    <\/div>\n    <\/div>\n<\/section>\n\n\n<section  class=\"three-columns-block\">\n    <div class=\"container\">\n                <div class=\"col-row d-flex\">\n                            <div class=\"img-container\">\n                    <div class=\"img-wrapper position-relative h-100 overflow-hidden\">\n                        <img decoding=\"async\" class=\"position-absolute w-100 h-100\" src=\"https:\/\/silveshills.com\/wp-content\/uploads\/2025\/11\/shutterstock_2210367441-1-min.png\" alt=\"\">\n                    <\/div>\n                <\/div>\n                        <div class=\"text-container fade-in-up d-flex align-items-center text-lg-start text-center\">\n                <div class=\"text-wrapper\">\n                                            <div class=\"subtitle-text\">\n                            <p>\u00c0 dist\u00e2ncia da sua porta<\/p>\n                        <\/div>\n                    \n                                            <div class=\"column-content d-flex flex-column align-items-lg-start align-items-center\">\n                            <h2>Serra<br \/>\nde Monchique<\/h2>\n<p>A oeste, a Serra de Monchique ergue-se em plena serenidade verde, oferecendo trilhos panor\u00e2micos, ref\u00fagios de bem-estar e fontes termais relaxantes. Em Caldas de Monchique, nas proximidades, as \u00e1guas curativas da era romana continuam a fluir, convidando a momentos de puro rejuvenescimento.<\/p>\n                        <\/div>\n                                    <\/div>\n            <\/div>\n        <\/div>\n                <div class=\"col-row d-flex\">\n                            <div class=\"img-container\">\n                    <div class=\"img-wrapper position-relative h-100 overflow-hidden\">\n                        <img decoding=\"async\" class=\"position-absolute w-100 h-100\" src=\"https:\/\/silveshills.com\/wp-content\/uploads\/2025\/11\/shutterstock_1323132176-1-min.png\" alt=\"\">\n                    <\/div>\n                <\/div>\n                        <div class=\"text-container fade-in-up d-flex align-items-center text-lg-start text-center\">\n                <div class=\"text-wrapper\">\n                                            <div class=\"subtitle-text\">\n                            <p>\u00c0 dist\u00e2ncia de 1.8 Km<\/p>\n                        <\/div>\n                    \n                                            <div class=\"column-content d-flex flex-column align-items-lg-start align-items-center\">\n                            <h2>Cidade hist\u00f3rica<br \/>\nde Silves<\/h2>\n<p>A apenas alguns minutos, Silves, antiga capital do Algarve, revela toda a sua hist\u00f3ria mourisca e orgulha-se do imponente castelo de pedra vermelha. Uma combina\u00e7\u00e3o perfeita de riqueza cultural e charme sereno, a poucos passos do seu ref\u00fagio.<\/p>\n                        <\/div>\n                                    <\/div>\n            <\/div>\n        <\/div>\n                <div class=\"col-row d-flex\">\n                            <div class=\"img-container\">\n                    <div class=\"img-wrapper position-relative h-100 overflow-hidden\">\n                        <img decoding=\"async\" class=\"position-absolute w-100 h-100\" src=\"https:\/\/silveshills.com\/wp-content\/uploads\/2025\/03\/fb24a2749665fa4f9cfdf7034d1107bf.webp\" alt=\"\">\n                    <\/div>\n                <\/div>\n                        <div class=\"text-container fade-in-up d-flex align-items-center text-lg-start text-center\">\n                <div class=\"text-wrapper\">\n                                            <div class=\"subtitle-text\">\n                            <p>\u00c0 dist\u00e2ncia de 30 Km<\/p>\n                        <\/div>\n                    \n                                            <div class=\"column-content d-flex flex-column align-items-lg-start align-items-center\">\n                            <h2>Praia da<br \/>\nFalesia<\/h2>\n<p>Onde os penhascos vermelho-fogo se encontram com o infinito Atl\u00e2ntico, a Praia da Fal\u00e9sia desenrola-se por 6 km \u2013 uma faixa dourada de areia, protegida por fal\u00e9sias cor de ferrugem e pinheiros moldados pelo vento. Caminhe ao nascer do sol e sinta-se como se fosse a \u00fanica alma na Terra.<\/p>\n                        <\/div>\n                                    <\/div>\n            <\/div>\n        <\/div>\n            <\/div>\n<\/section>\n\n\n<section class=\"location-concept-block bg-white text-center\">\n    <div class=\"small_container fade-in-up\">\n                    <div class=\"subtitle-text d-flex align-items-center justify-content-center mx-auto\">\n                <p>Perspectiva do Promotor<\/p>\n            <\/div>\n                            <div class=\"block-text d-flex flex-column align-items-center justify-content-center mx-auto\">\n                <h2 style=\"text-align: center;\">O conceito por<br \/>\ntr\u00e1s do local<\/h2>\n<p style=\"text-align: center;\">Silves Hills foi concebido para os que, acima de tudo,  valorizam o equil\u00edbrio <\/p>\n<p style=\"text-align: center;\">Num mundo em que os empreendimentos competem para ser os maiores, os mais movimentados e os mais pr\u00f3ximos da costa, Silves Hills prima por tomar uma trajet\u00f3ria diferente. Fica situado numa regi\u00e3o de parque natural protegido no Algarve, com uma paisagem onde a  tranquilidade n\u00e3o \u00e9 uma mais valia de luxo mas a verdadeira essencia da sua existencia. <\/p>\n            <\/div>\n        \n                    <a class=\"btn d-inline-block\" href=\"https:\/\/silveshills.com\/pt\/a-visao-por-tras-de-um-conceito-unico-entrevista-com-kristjan-thor-vahi\/\" target=\"_self\">LEIA MAIS<\/a>\n        \n                    <div class=\"image-wrap-author\">\n                                    <img decoding=\"async\" src=\"https:\/\/silveshills.com\/wp-content\/uploads\/2025\/11\/Group-2723.svg\" width=\"334\" height=\"83\" alt=\"\" \/>\n                                                    <div class=\"image-wrap-author-text\">\n                        <p>Kristjan-Thor V\u00e4hi<br \/>\r\nFundador e CEO da INVEGO<\/p>\n                    <\/div>\n                            <\/div>\n        \n                    <div class=\"image-wrap\">\n                <img decoding=\"async\" src=\"https:\/\/silveshills.com\/wp-content\/uploads\/2025\/11\/Rectangle-402-min.png\" width=\"1024\" height=\"571\" alt=\"\" \/>\n            <\/div>\n            <\/div>\n<\/section>\n\n\n<section class=\"cta-block text-center\" >\n    <div class=\"small_container\">\n        <div class=\"cta_content\">\n                            <div class=\"subtitle-text\">\n                    <p>Desenhado e concebido para viver durante todo o ano<\/p>\n                <\/div>\n            \n                            <div class=\"cta_text fade-in-up\"><h2>Prolongando a \u00e9poca de f\u00e9rias<br \/>\npara mais de 365 dias por ano<\/h2>\n<\/div>\n            \n                    <\/div>\n    <\/div>\n<\/section>\n\n\n<section class=\"image-block full-width-image\" >\n    \n    <img decoding=\"async\" class=\"w-100\" src=\"https:\/\/silveshills.com\/wp-content\/uploads\/2025\/11\/Quinta-do-Pateiro_270123-1-16-1-min.png\" width=\"1440\" height=\"830\" alt=\"\" \/>\n\n    <\/section>\n\n\n<section class=\"info-boxes-grid-block\" >\n    <div class=\"small_container\">\n        <div class=\"columns_wrapper\">\n                            <div class=\"info-item fade-in-up\">\n                    <div class=\"info-item-nr\">\n                        <h2>01<\/h2>\n                    <\/div>\n                                            <p>Cada vila disp\u00f5e de uma piscina privada aquecida, exclusiva, para desfrutar durante todo o ano.<\/p>\n                                    <\/div>\n                            <div class=\"info-item fade-in-up\">\n                    <div class=\"info-item-nr\">\n                        <h2>02<\/h2>\n                    <\/div>\n                                            <p>Janelas do ch\u00e3o ao teto abrem-se de forma fluida, estendendo a sua \u00e1rea de estar para o exterior e trazendo a natureza para dentro de casa.<\/p>\n                                    <\/div>\n                            <div class=\"info-item fade-in-up\">\n                    <div class=\"info-item-nr\">\n                        <h2>03<\/h2>\n                    <\/div>\n                                            <p>Projetadas para viver todo o ano, mas perfeitas tamb\u00e9m para f\u00e9rias mais curtas.<\/p>\n                                    <\/div>\n                            <div class=\"info-item fade-in-up\">\n                    <div class=\"info-item-nr\">\n                        <h2>04<\/h2>\n                    <\/div>\n                                            <p>Constru\u00eddas segundo os mais altos padr\u00f5es, com solu\u00e7\u00f5es de aquecimento e arrefecimento de \u00faltima gera\u00e7\u00e3o para conforto e efici\u00eancia m\u00e1ximos.<\/p>\n                                    <\/div>\n                    <\/div>\n    <\/div>\n<\/section>\n\n\n\n\n<section class=\"cta-block text-center\" >\n    <div class=\"small_container\">\n        <div class=\"cta_content\">\n            \n                            <div class=\"cta_text fade-in-up\"><h2>Disponibilizamos tr\u00eas tipos de vila \u00e0 sua escolha.<\/h2>\n<\/div>\n            \n                            <a href=\"https:\/\/silveshills.com\/pt\/casas\/\" \n                    class=\"cta_btn cta-btn btn\" data-cta=\"Vamos explorar\"\n                    target=\"_self\">\n                    Vamos explorar                <\/a>\n                    <\/div>\n    <\/div>\n<\/section>\n\n\n<section class=\"image-block\" >\n            <div class=\"container\">\n    \n    <img decoding=\"async\" class=\"w-100\" src=\"https:\/\/silveshills.com\/wp-content\/uploads\/2025\/11\/Quinta-do-Pateiro_270123-1-11-1-min.png\" width=\"1027\" height=\"652\" alt=\"\" \/>\n\n            <\/div>\n    <\/section>\n\n\n<section class=\"timeline-block-container\">\n    <div class=\"small_container\">\n        <div class=\"timeline-header\">\n                            <div class=\"subtitle-text d-flex align-items-center justify-content-center mx-auto\">\n                    <p>SILVES HILLS<\/p>\n                <\/div>\n                                        <h2>Cronologia<\/h2>\n                    <\/div>\n        \n        <div class=\"timeline\">\n                                                                    <div class=\"timeline-item\">\n                        <div class=\"timeline-box fade-in-up text-uppercase\">In\u00edcio das vilas <br \/>\r\nda Fase I<\/div>\n                        <div class=\"timeline-lines position-relative w-100\">\n                            <div class=\"timeline-line mx-auto\"><\/div>\n                            <div class=\"timeline-line-2 position-absolute bottom-0 start-0\"><\/div>\n                            <div class=\"timeline-line-3 position-absolute bottom-0 end-0\"><\/div>\n                        <\/div>\n                        <div class=\"timeline-date\">\n                            <h2 class=\"year d-block\">2026<\/h2>\n                            <span class=\"quarter text-uppercase\"><\/span>\n                        <\/div>\n                    <\/div>\n                                                        <div class=\"timeline-item\">\n                        <div class=\"timeline-box fade-in-up text-uppercase\">In\u00edcio das vilas <br \/>\r\nda Fase II<\/div>\n                        <div class=\"timeline-lines position-relative w-100\">\n                            <div class=\"timeline-line mx-auto\"><\/div>\n                            <div class=\"timeline-line-2 position-absolute bottom-0 start-0\"><\/div>\n                            <div class=\"timeline-line-3 position-absolute bottom-0 end-0\"><\/div>\n                        <\/div>\n                        <div class=\"timeline-date\">\n                            <h2 class=\"year d-block\">2027<\/h2>\n                            <span class=\"quarter text-uppercase\"><\/span>\n                        <\/div>\n                    <\/div>\n                                                        <div class=\"timeline-item\">\n                        <div class=\"timeline-box fade-in-up text-uppercase\">In\u00edcio das vilas <br \/>\r\nda Fase III<\/div>\n                        <div class=\"timeline-lines position-relative w-100\">\n                            <div class=\"timeline-line mx-auto\"><\/div>\n                            <div class=\"timeline-line-2 position-absolute bottom-0 start-0\"><\/div>\n                            <div class=\"timeline-line-3 position-absolute bottom-0 end-0\"><\/div>\n                        <\/div>\n                        <div class=\"timeline-date\">\n                            <h2 class=\"year d-block\">2028<\/h2>\n                            <span class=\"quarter text-uppercase\"><\/span>\n                        <\/div>\n                    <\/div>\n                                                        <div class=\"timeline-item\">\n                        <div class=\"timeline-box fade-in-up text-uppercase\">Conclus\u00e3o do <br \/>\r\nempreendimento<\/div>\n                        <div class=\"timeline-lines position-relative w-100\">\n                            <div class=\"timeline-line mx-auto\"><\/div>\n                            <div class=\"timeline-line-2 position-absolute bottom-0 start-0\"><\/div>\n                            <div class=\"timeline-line-3 position-absolute bottom-0 end-0\"><\/div>\n                        <\/div>\n                        <div class=\"timeline-date\">\n                            <h2 class=\"year d-block\">2031<\/h2>\n                            <span class=\"quarter text-uppercase\">APPROX.<\/span>\n                        <\/div>\n                    <\/div>\n                                    <\/div>\n    <\/div>\n<\/section>\n\n\r\n<section class=\"media-grid-block position-relative\">\r\n    <div class=\"container\">\r\n        <div class=\"row d-md-flex d-none\">\r\n            <div class=\"col-first col col-md col-12\">\r\n                <div class=\"media-first fade-in-up\">\r\n                                            <div class=\"first-image position-relative\">\r\n                            <img decoding=\"async\" class=\"position-absolute top-0 start-0 w-100 h-100 object-fit-cover\" src=\"https:\/\/silveshills.com\/wp-content\/uploads\/2025\/11\/katie-luka-nT3yYHJPv0c-unsplash-1-min.png\" width=\"441\" height=\"662\" alt=\"\" \/>\r\n                        <\/div>\r\n                                    <\/div>\r\n            <\/div>\r\n            <div class=\"col-second col col-md col-12\">\r\n                <div class=\"media-second fade-in-up\">\r\n                                            <div class=\"second-image position-relative\">\r\n                            <img decoding=\"async\" class=\"w-100 h-100 object-fit-cover\" src=\"https:\/\/silveshills.com\/wp-content\/uploads\/2025\/11\/rui-alves-MNn6Z9sGsvQ-unsplash-1-min.png\" width=\"736\" height=\"563\" alt=\"\" \/>\r\n                        <\/div>\r\n                                    <\/div>\r\n                <div class=\"media-third fade-in-up\">\r\n                                            <div class=\"third-image position-relative\">\r\n                            <img decoding=\"async\" class=\"position-absolute top-0 start-0 w-100 h-100 object-fit-cover\" src=\"https:\/\/silveshills.com\/wp-content\/uploads\/2025\/11\/valeriia-petrova-dAoowMLbYcI-unsplash-1-min.png\" width=\"412\" height=\"311\" alt=\"\" \/>\r\n                        <\/div>\r\n                                    <\/div>\r\n            <\/div>\r\n        <\/div>\r\n\r\n        <div class=\"row d-md-none d-flex\">\r\n            <div class=\"col-first col-12\">\r\n                <div class=\"media-second fade-in-up\">\r\n                                            <div class=\"second-image position-relative\">\r\n                            <img decoding=\"async\" class=\"w-100 h-100 object-fit-cover\" src=\"https:\/\/silveshills.com\/wp-content\/uploads\/2025\/11\/rui-alves-MNn6Z9sGsvQ-unsplash-1-min.png\" width=\"736\" height=\"563\" alt=\"\" \/>\r\n                        <\/div>\r\n                                    <\/div>\r\n            <\/div>\r\n        <\/div>\r\n        <div class=\"row d-md-none d-flex\">\r\n            <div class=\"col-first col col-md col-6\">\r\n                <div class=\"media-first fade-in-up\">\r\n                                            <div class=\"first-image position-relative\">\r\n                            <img decoding=\"async\" class=\"position-absolute top-0 start-0 w-100 h-100 object-fit-cover\" src=\"https:\/\/silveshills.com\/wp-content\/uploads\/2025\/11\/katie-luka-nT3yYHJPv0c-unsplash-1-min.png\" width=\"441\" height=\"662\" alt=\"\" \/>\r\n                        <\/div>\r\n                                    <\/div>\r\n            <\/div>\r\n            <div class=\"col-second col col-md col-6\">\r\n                <div class=\"media-third fade-in-up\">\r\n                                            <div class=\"third-image position-relative\">\r\n                            <img decoding=\"async\" class=\"position-absolute top-0 start-0 w-100 h-100 object-fit-cover\" src=\"https:\/\/silveshills.com\/wp-content\/uploads\/2025\/11\/valeriia-petrova-dAoowMLbYcI-unsplash-1-min.png\" width=\"412\" height=\"311\" alt=\"\" \/>\r\n                        <\/div>\r\n                                    <\/div>\r\n            <\/div>\r\n        <\/div>\r\n    <\/div>\r\n<\/section>","protected":false},"excerpt":{"rendered":"","protected":false},"author":1,"featured_media":5450,"parent":0,"menu_order":0,"comment_status":"closed","ping_status":"closed","template":"page-templates\/template-custom-page.php","meta":{"_acf_changed":false,"footnotes":""},"class_list":["post-5448","page","type-page","status-publish","has-post-thumbnail","hentry"],"acf":[],"_links":{"self":[{"href":"https:\/\/silveshills.com\/pt\/wp-json\/wp\/v2\/pages\/5448","targetHints":{"allow":["GET"]}}],"collection":[{"href":"https:\/\/silveshills.com\/pt\/wp-json\/wp\/v2\/pages"}],"about":[{"href":"https:\/\/silveshills.com\/pt\/wp-json\/wp\/v2\/types\/page"}],"author":[{"embeddable":true,"href":"https:\/\/silveshills.com\/pt\/wp-json\/wp\/v2\/users\/1"}],"replies":[{"embeddable":true,"href":"https:\/\/silveshills.com\/pt\/wp-json\/wp\/v2\/comments?post=5448"}],"version-history":[{"count":12,"href":"https:\/\/silveshills.com\/pt\/wp-json\/wp\/v2\/pages\/5448\/revisions"}],"predecessor-version":[{"id":6282,"href":"https:\/\/silveshills.com\/pt\/wp-json\/wp\/v2\/pages\/5448\/revisions\/6282"}],"wp:featuredmedia":[{"embeddable":true,"href":"https:\/\/silveshills.com\/pt\/wp-json\/wp\/v2\/media\/5450"}],"wp:attachment":[{"href":"https:\/\/silveshills.com\/pt\/wp-json\/wp\/v2\/media?parent=5448"}],"curies":[{"name":"wp","href":"https:\/\/api.w.org\/{rel}","templated":true}]}}