{"id":6270,"date":"2025-11-27T15:09:11","date_gmt":"2025-11-27T12:09:11","guid":{"rendered":"https:\/\/silveshills.com\/sustainability\/"},"modified":"2026-03-25T12:21:22","modified_gmt":"2026-03-25T09:21:22","slug":"sustentabilidade","status":"publish","type":"page","link":"https:\/\/silveshills.com\/pt\/sustentabilidade\/","title":{"rendered":"Sustentabilidade"},"content":{"rendered":"\n<section class=\"text-image-block\">\n    <div class=\"container fade-in-up\">\n                    <div class=\"text_wrapper-full mx-auto\">\n                <svg class=\"svg_slash mx-auto\" xmlns=\"http:\/\/www.w3.org\/2000\/svg\" width=\"35\" height=\"23\" viewBox=\"0 0 35 23\" fill=\"none\">\n                    <path d=\"M30.3642 0L0 23H4.63576L35 0H30.3642Z\" fill=\"#6E6E6E\" \/>\n                <\/svg>\n                <h2 style=\"text-align: center;\">Sustentabilidade<\/h2>\n<p style=\"text-align: center;\">Em Silves Hills a arquitectura de topo vive em sintonia com a sustentabilidade &#8211; n\u00e3o como mera  &#8216; caracter\u00edstica&#8217; mas como ess\u00eancia de base.  Desde a recupera\u00e7\u00e3o de energia e telhados verdes \u00e0 paisagem protegida e preservada, todos os detalhes respeitam a natureza e melhoram a sua  qualidade de vida.<\/p>\n            <\/div>\n        \n        <div class=\"row align-items-center flex-row-reverse\">\n            <div class=\"text col col-md-6 col-12\">\n                                    <div class=\"list mx-auto d-flex flex-column align-items-center justify-content-center text-center\">\n                                                    <p>O resort Silves Hills \u00e9 constru\u00eddo \r\nsempre tendo em mente a natureza<\/p>\n                                                                                                            <div class=\"list-item d-flex flex-column align-items-center justify-content-center\">\n                                    <svg xmlns=\"http:\/\/www.w3.org\/2000\/svg\" width=\"18\" height=\"12\" viewBox=\"0 0 18 12\" fill=\"none\">\n                                        <path d=\"M15.6159 0L0 12H2.38411L18 0H15.6159Z\" fill=\"#6E6E6E\"\/>\n                                    <\/svg>\n                                    <p>O sistema de ventila\u00e7\u00e3o com recupera\u00e7\u00e3o de energia fornece ar fresco 24 \/7, recuperando mais de 80% de calor<\/p>\n                                <\/div>\n                                                                                                                <div class=\"list-item d-flex flex-column align-items-center justify-content-center\">\n                                    <svg xmlns=\"http:\/\/www.w3.org\/2000\/svg\" width=\"18\" height=\"12\" viewBox=\"0 0 18 12\" fill=\"none\">\n                                        <path d=\"M15.6159 0L0 12H2.38411L18 0H15.6159Z\" fill=\"#6E6E6E\"\/>\n                                    <\/svg>\n                                    <p>Os sistemas de bomba de aquecimento produzem aquecimento e arrefecimento eficiente e  de baixo impacto<\/p>\n                                <\/div>\n                                                                                                                <div class=\"list-item d-flex flex-column align-items-center justify-content-center\">\n                                    <svg xmlns=\"http:\/\/www.w3.org\/2000\/svg\" width=\"18\" height=\"12\" viewBox=\"0 0 18 12\" fill=\"none\">\n                                        <path d=\"M15.6159 0L0 12H2.38411L18 0H15.6159Z\" fill=\"#6E6E6E\"\/>\n                                    <\/svg>\n                                    <p>A arquitectura incorpora sombreamento, massa t\u00e9rmica e vidros de protec\u00e7\u00e3o solar<\/p>\n                                <\/div>\n                                                                        <\/div>\n                            <\/div>\n\n            <div class=\"image col col-md-6 col-12\">\n                <img decoding=\"async\" src=\"https:\/\/silveshills.com\/wp-content\/uploads\/2025\/11\/Rectangle-411-min.webp\" width=\"1170\" height=\"1300\" alt=\"\" \/>\n            <\/div>\n        <\/div>\n    <\/div>\n<\/section>\n\n\n<section class=\"text-image-block\">\n    <div class=\"container fade-in-up\">\n                    <div class=\"text_wrapper-full mx-auto\">\n                <svg class=\"svg_slash mx-auto\" xmlns=\"http:\/\/www.w3.org\/2000\/svg\" width=\"35\" height=\"23\" viewBox=\"0 0 35 23\" fill=\"none\">\n                    <path d=\"M30.3642 0L0 23H4.63576L35 0H30.3642Z\" fill=\"#6E6E6E\" \/>\n                <\/svg>\n                            <\/div>\n        \n        <div class=\"row align-items-center\">\n            <div class=\"text col col-md-6 col-12\">\n                                    <div class=\"list mx-auto d-flex flex-column align-items-center justify-content-center text-center\">\n                                                                                                            <div class=\"list-item d-flex flex-column align-items-center justify-content-center\">\n                                    <svg xmlns=\"http:\/\/www.w3.org\/2000\/svg\" width=\"18\" height=\"12\" viewBox=\"0 0 18 12\" fill=\"none\">\n                                        <path d=\"M15.6159 0L0 12H2.38411L18 0H15.6159Z\" fill=\"#6E6E6E\"\/>\n                                    <\/svg>\n                                    <p>Os telhados verdes melhoram tanto o desempenho energ\u00e9tico como a beleza da paisagem.<\/p>\n                                <\/div>\n                                                                                                                <div class=\"list-item d-flex flex-column align-items-center justify-content-center\">\n                                    <svg xmlns=\"http:\/\/www.w3.org\/2000\/svg\" width=\"18\" height=\"12\" viewBox=\"0 0 18 12\" fill=\"none\">\n                                        <path d=\"M15.6159 0L0 12H2.38411L18 0H15.6159Z\" fill=\"#6E6E6E\"\/>\n                                    <\/svg>\n                                    <p>A paisagem de plantas nativas reduz o consumo de \u00e1gua, a necessidade de manuten\u00e7\u00e3o  e o impacto ambiental<\/p>\n                                <\/div>\n                                                                                                                <div class=\"list-item d-flex flex-column align-items-center justify-content-center\">\n                                    <svg xmlns=\"http:\/\/www.w3.org\/2000\/svg\" width=\"18\" height=\"12\" viewBox=\"0 0 18 12\" fill=\"none\">\n                                        <path d=\"M15.6159 0L0 12H2.38411L18 0H15.6159Z\" fill=\"#6E6E6E\"\/>\n                                    <\/svg>\n                                    <p>S\u00f3 7 dos 64 hectares s\u00e3o urbanizados, preservando a paisagem circundante.<\/p>\n                                <\/div>\n                                                                        <\/div>\n                            <\/div>\n\n            <div class=\"image col col-md-6 col-12\">\n                <img decoding=\"async\" src=\"https:\/\/silveshills.com\/wp-content\/uploads\/2025\/11\/Rectangle-411-1-min.webp\" width=\"1170\" height=\"1300\" alt=\"\" \/>\n            <\/div>\n        <\/div>\n    <\/div>\n<\/section>\n\n\n<section class=\"post-image-block full-width-image\" >\n    <div class=\"post-image-wrapper fade-in-up\">\n        <img decoding=\"async\" src=\"https:\/\/silveshills.com\/wp-content\/uploads\/2025\/11\/Group-2735-min-scaled-1.webp\" width=\"2560\" height=\"1097\" alt=\"\" \/>\n    <\/div>\n<\/section>\n\n\n<p><\/p>\n","protected":false},"excerpt":{"rendered":"","protected":false},"author":1,"featured_media":0,"parent":0,"menu_order":0,"comment_status":"closed","ping_status":"closed","template":"page-templates\/template-no-title.php","meta":{"_acf_changed":false,"footnotes":""},"class_list":["post-6270","page","type-page","status-publish","hentry"],"acf":[],"_links":{"self":[{"href":"https:\/\/silveshills.com\/pt\/wp-json\/wp\/v2\/pages\/6270","targetHints":{"allow":["GET"]}}],"collection":[{"href":"https:\/\/silveshills.com\/pt\/wp-json\/wp\/v2\/pages"}],"about":[{"href":"https:\/\/silveshills.com\/pt\/wp-json\/wp\/v2\/types\/page"}],"author":[{"embeddable":true,"href":"https:\/\/silveshills.com\/pt\/wp-json\/wp\/v2\/users\/1"}],"replies":[{"embeddable":true,"href":"https:\/\/silveshills.com\/pt\/wp-json\/wp\/v2\/comments?post=6270"}],"version-history":[{"count":3,"href":"https:\/\/silveshills.com\/pt\/wp-json\/wp\/v2\/pages\/6270\/revisions"}],"predecessor-version":[{"id":6353,"href":"https:\/\/silveshills.com\/pt\/wp-json\/wp\/v2\/pages\/6270\/revisions\/6353"}],"wp:attachment":[{"href":"https:\/\/silveshills.com\/pt\/wp-json\/wp\/v2\/media?parent=6270"}],"curies":[{"name":"wp","href":"https:\/\/api.w.org\/{rel}","templated":true}]}}