{"id":6430,"date":"2026-05-12T11:03:26","date_gmt":"2026-05-12T08:03:26","guid":{"rendered":"https:\/\/silveshills.com\/privacy-policy\/"},"modified":"2026-05-12T12:27:49","modified_gmt":"2026-05-12T09:27:49","slug":"privacy-policy","status":"publish","type":"page","link":"https:\/\/silveshills.com\/pt\/privacy-policy\/","title":{"rendered":"Privacy Policy"},"content":{"rendered":"\n<h1 class=\"wp-block-heading has-text-align-center\">Nota de Privacidade da Invego<\/h1>\n\n\n\n<p>Neste Aviso de Privacidade, descrevemos como a INVEGO O\u00dc, com o c\u00f3digo de registo 11790620 ( a seguir designada por INVEGO), enquanto respons\u00e1vel pelo tratamento de dados, processa os seus dados pessoais. Deve saber que dados pessoais se referem a informa\u00e7\u00e3o relativa a uma pessoa singular identificada ou identific\u00e1vel (isto \u00e9: nome, email, c\u00f3digo de identifica\u00e7\u00e3o pessoal) e que o tratamento de dados pessoais \u00e9 toda e qualquer atividade (por ex. altera\u00e7\u00e3o, visualiza\u00e7\u00e3o, elimina\u00e7\u00e3o, armazenamento) que seja realizada sobre dados pessoais.<\/p>\n\n\n\n<p>A INVEGO processa dados pessoais de acordo com as leis aplic\u00e1veis \u00e0 protec\u00e7\u00e3o de dados, incluindo a regulamenta\u00e7\u00e3o da Comiss\u00e3o Europeia sobre a protec\u00e7\u00e3o geral de dados (GDPR).<\/p>\n\n\n\n<p><strong>Este Aviso de Privacidade aplica-se se:<\/strong><\/p>\n\n\n\n<ol class=\"wp-block-list\">\n<li>Voc\u00ea candidata-se a trabalhar para n\u00f3s<\/li>\n\n\n\n<li>Voc\u00ea gostaria de receber uma proposta dos nossos servi\u00e7os<\/li>\n\n\n\n<li>Voc\u00ea \u00e9 um dos nossos clientes privados<\/li>\n\n\n\n<li>Voc\u00ea \u00e9 representante ou pessoa contacto do nosso fornecedor, s\u00f3cio parceiro ou cliente<\/li>\n\n\n\n<li>N\u00f3s enviamos-lhe not\u00edcias e notifica\u00e7\u00f5es sobre as nossas atividades bem como coment\u00e1rios de satisfa\u00e7\u00e3o<\/li>\n\n\n\n<li>Voc\u00ea regista-se e participa nos nossos eventos<\/li>\n\n\n\n<li>Voc\u00ea contacta-nos<\/li>\n\n\n\n<li>Voc\u00ea visita o nosso site<\/li>\n\n\n\n<li>Voc\u00ea est\u00e1 ligado \u00e0 nossa empresa por uma das situa\u00e7\u00f5es acima mencionadas<\/li>\n<\/ol>\n\n\n\n<p><strong>1. Que tipo de dados pessoais devemos processar, para que efeitos e por durante quanto tempo?<\/strong><\/p>\n\n\n\n<p><strong>1.1. Voc\u00ea candidata-se a trabalhar na nossa empresa<\/strong><\/p>\n\n\n\n<p>Se se candidatar a um emprego na INVEGO, processaremos os dados pessoais que forneceu na sua candidatura ou CV. Al\u00e9m disso recolhemos dados pessoais do prestador de servi\u00e7os de pesquisa direccionada e proveniente de fontes p\u00fablicas ( por ex: informa\u00e7\u00f5es do perfil Linkedn). Tamb\u00e9m podemos entrar em contacto com as referencias indicadas para recolher mais informa\u00e7\u00e3o.<\/p>\n\n\n\n<p>Processamos dados pessoais dos candidatos para:<\/p>\n\n\n\n<ul class=\"wp-block-list\">\n<li>Identific\u00e1-lo, contact\u00e1-lo e, no caso de selec\u00e7\u00e3o com sucesso, preparar o contracto (primeiro nome e sobrenome, contactos tais como telefone, endere\u00e7o de email e endere\u00e7o postal);<\/li>\n\n\n\n<li>Avaliar a sua adequa\u00e7\u00e3o (educa\u00e7\u00e3o, qualifica\u00e7\u00f5es e experiencia anterior, detalhes no CV, informa\u00e7\u00f5es fornecidas na carta de motiva\u00e7\u00e3o, detalhes enviados no question\u00e1rio do prestador de servi\u00e7os de pesquisa direccionada, dados recolhidos durante entrevistas, por ex: competencias e qualidades , informa\u00e7\u00f5es recolhidas de fontes p\u00fablicas);<\/li>\n\n\n\n<li>Gerir o processo de candidatura, recolher informa\u00e7\u00e3o adicional e inform\u00e1-lo das decis\u00f5es (contactos, informa\u00e7\u00e3o de comunica\u00e7\u00e3o).<\/li>\n<\/ul>\n\n\n\n<p>A base jur\u00eddica para o tratamento de dados pessoais \u00e9 o nosso interesse leg\u00edtimo em encontrar um candidato adequado \u00e0 vaga em aberto, considerando a adequa\u00e7\u00e3o dos candidatos como parte do processo de candidatura e sua gest\u00e3o (GDPR Artigo 6 (1) (f). Para preparar o contrato do candidato seleccionado, processaremos os dados pessoais necess\u00e1rios \u00e0 realiza\u00e7\u00e3o do contrato (GDPR Artigo 6 (1) (b)).<\/p>\n\n\n\n<p>Guardamos os dados pessoais dos candidatos durante o tempo necess\u00e1rio at\u00e9 tomar uma decis\u00e3o e informar sobre a mesma. Ap\u00f3s a notifica\u00e7\u00e3o da decis\u00e3o manteremos os dados ainda durante um ano. Os dados do candidato seleccionado ser\u00e3o guardados em arquivo de acordo com as regras aplic\u00e1veis aos funcion\u00e1rios. Se a sua candidatura n\u00e3o for aceite mas queira ser notificado sobre poss\u00edveis futuras oportunidades, manteremos os seus dados durante um per\u00edodo mais longo (nesse caso solicitaremos o seu consentimento para este efeito).<\/p>\n\n\n\n<p><strong>1.2. Voc\u00ea gostaria de receber uma proposta nossa<\/strong><\/p>\n\n\n\n<p>Se solicitar uma proposta \u00e0 INVEGO e, para esse efeito, nos tiver enviado um pedido de informa\u00e7\u00e3o atrav\u00e9s do nosso site ou tiver contactado um dos nossos consultores de vendas, trataremos dos dados pessoais que nos forneceu nesse pedido de informa\u00e7\u00e3o e na comunica\u00e7\u00e3o relacionada com a oferta.<\/p>\n\n\n\n<p>Processamos os dados pessoais para:<\/p>\n\n\n\n<ul class=\"wp-block-list\">\n<li>O identificar (primeiro nome e apelido)<\/li>\n\n\n\n<li>O contactar (detalhes de contacto, nr\u00ba de telefone, endere\u00e7o de email)<\/li>\n\n\n\n<li>Fazer-lhe uma proposta adequada (com informa\u00e7\u00e3o sobre o produto em que est\u00e1 interessado &#8211; por ex: nr\u00ba de quartos, pre\u00e7o, tamanho, preferencias de desenho interior).<\/li>\n<\/ul>\n\n\n\n<p>A base jur\u00eddica para o tratamento de dados pessoais \u00e9 a necessidade de lhe apresentar uma proposta, a seu pedido, para a prepara\u00e7\u00e3o e celebra\u00e7\u00e3o de um contrato (GDPR Artigo 6 (1)(b)).<\/p>\n\n\n\n<p>Mantemos os dados pessoais durante o tempo necess\u00e1rio para fazer uma proposta para celebra\u00e7\u00e3o de contrato. Caso celebremos um contrato manteremos os dados pessoais por um per\u00edodo adicional, em conformidade com as regras aplic\u00e1veis ao tratamento de dados pessoais dos clientes. Se , na sequencia do inqu\u00e9rito, n\u00e3o for celebrado qualquer contrato, podemos continuar a tratar os seus dados pessoais de acordo com as regras aplic\u00e1veis ao tratamento de dados para efeitos de envio de not\u00edcias e notifica\u00e7\u00f5es.<\/p>\n\n\n\n<p>\u00a0<strong>1.3. Voc\u00ea deseja participar numa campanha especial<br><\/strong><br>Se desejar participar na campanha organizada pela INVEGO e nos tiver enviado um inqu\u00e9rito, trataremos dos dados pessoais fornecidos no seu pedido de informa\u00e7\u00e3o e nas comunica\u00e7\u00f5es relativas \u00e0 campanha. Trataremos destes dados para verificar o cumprimento dos termos da campanha. Relativamente \u00e0s campanhas &#8216;EST\u00d3NIA PRECISA DE MAIS CRIAN\u00c7AS&#8217; e a &#8216;LET\u00d3NIA PRECISA DE MAIS CRIAN\u00c7AS&#8217;, os dados pessoais a serem tratados incluem informa\u00e7\u00f5es sobre as vossas crian\u00e7as (nr\u00ba de crian\u00e7as e nome das crian\u00e7as).<br>A base jur\u00eddica para o tratamento de dados pessoais \u00e9 a necessidade de preparar um contrato (GDPR Art\u00ba 6(1)(b)).Em geral mantemos estes dados durante 7 dias para verificar o cumprimento dos termos da campanha.<br>Tamb\u00e9m partilharemos os dados pessoais relacionados com a campanha com a entidade relevante do projecto de desenvolvimento em que estiver interessado.<\/p>\n\n\n\n<p><strong>1.4. Voc\u00ea \u00e9 um dos nossos clientes privados<\/strong><\/p>\n\n\n\n<p>Se for um cliente privado da INVEGO, trataremos dos dados pessoais fornecidos para, antes da celebra\u00e7\u00e3o do contrato, fazer proposta que corresponda \u00e0 nossa relac\u00e3o com o cliente ou no \u00e2mbito dos contratos estabelecidos ou dos servi\u00e7os que lhe foram prestados.<\/p>\n\n\n\n<p>Processamos dados pessoais para:<\/p>\n\n\n\n<ul class=\"wp-block-list\">\n<li>O identificar (primeiro nome e apelido, c\u00f3digo de identifica\u00e7\u00e3o e data de nascimento)<\/li>\n\n\n\n<li>O poder contactar (detalhes de contacto, nr\u00ba de telefone e endere\u00e7o de email).<\/li>\n\n\n\n<li>Prestar-lhe o servi\u00e7o, executar o contrato celebrado e gerir a rela\u00e7\u00e3o contratual (dados relacionados com os servi\u00e7os e o objecto do contrato, detalhes para pagamento, informa\u00e7\u00f5es relativas \u00e0 execu\u00e7\u00e3o do contrato e dados de comunica\u00e7\u00e3o)<\/li>\n<\/ul>\n\n\n\n<p>A base jur\u00eddica para o tratamento de dados pessoais \u00e9 a necessidade de preparar e executar o contrato celebrado (GDPR Artigo 6(1)(b) e o nosso leg\u00edtimo interesse na gest\u00e3o da rela\u00e7\u00e3o contratual e na organiza\u00e7\u00e3o da gest\u00e3o de servi\u00e7os (GDPR Artigo 6(1)(f). Para al\u00e9m disso a necessidade de cumprir as nossas obriga\u00e7\u00f5es fiscais e contabil\u00edsticas (GDPR Artigo 6(1)(c))..<\/p>\n\n\n\n<p>Mantemos os dados pessoais do cliente durante o per\u00edodo de rela\u00e7\u00e3o contratual e durante mais cinco anos ap\u00f3s o fim da rela\u00e7\u00e3o contratual.<\/p>\n\n\n\n<p><strong>1.5. Voc\u00ea \u00e9 o representante ou pessoa contacto do nosso fornecedor de servi\u00e7os, parceiro ou cliente<\/strong><\/p>\n\n\n\n<p>Caso represente uma firma relacionada com a sua liga\u00e7\u00e3o \u00e0 INVEGO (i.e. voc\u00ea \u00e9 um empregado ou representante da empresa), n\u00f3s processaremos os dados pessoais que nos forneceu ou que entretanto foram fornecidos pela empresa relacionada consigo.<\/p>\n\n\n\n<p>Processamos dados pessoais, tais como nome pr\u00f3prio e apelido, dados de contacto profissionais, fun\u00e7\u00e3o e, se necess\u00e1rio , dados relacionados com o direito de representa\u00e7\u00e3o para estabelecer e gerir a rela\u00e7\u00e3o contratual estabelecida com a empresa (incluindo o estabelecimento de contacto)<\/p>\n\n\n\n<p>A base jur\u00eddica para o tratamento de dados pessoais \u00e9 a necessidade de executar ou gerir o contrato celebrado com a empresa ou a necessidade de cooperar de outras formas (GDPR Artigo 681)(f)).<\/p>\n\n\n\n<p>Mantemos os dados pessoais de representantes ou pessoas contacto durante a vig\u00eancia do relacionamento contratual e por 5 anos ap\u00f3s a rescis\u00e3o do relacionamento contratual.<\/p>\n\n\n\n<p><strong>1.6. Enviamos-lhe not\u00edcias e notifica\u00e7\u00f5es sobre quaisquer actividades ou inqu\u00e9rios de satisfa\u00e7\u00e3o<\/strong><\/p>\n\n\n\n<p>Nos convites para eventos da INVEGO e inqu\u00e9ritos de satisfa\u00e7\u00e3o, utilizamos os dados pessoais que nos forneceu quando utilizou os nossos servi\u00e7os ou neles demonstrou interesse por consulta ou por formul\u00e1rio durante o nosso evento.<\/p>\n\n\n\n<p>Pocessamos dados pessoais , tais como nome e sobrenome, endere\u00e7o de e-mail e endere\u00e7o postal onde queira receber a nossa informa\u00e7\u00e3o acerca das nossas atividades ou eventos. Podemos tamb\u00e9m usar essa informa\u00e7\u00e3o para enviar os nossos inqu\u00e9ritos de satisfa\u00e7\u00e3o acerca dos nossos servi\u00e7os. Baseamo-nos nesta informa\u00e7\u00e3o para assegurar a qualidade e melhoria dos nossos servi\u00e7os.<\/p>\n\n\n\n<p>A base legal para o processamento de dados \u00e9 nosso leg\u00edtimo interesse (GDPR Artigo 6(1)(f)) sujeito \u00e0s restri\u00e7\u00f5es aplic\u00e1veis ao marketing directo por meios electr\u00f3nicos. Poder\u00e1 sempre optar por receber not\u00edcias e notifica\u00e7\u00f5es no momento da recolha de informa\u00e7\u00e3o para o contracto ou por receber not\u00edcias e notifica\u00e7\u00f5es de acordo com as instru\u00e7\u00f5es no final do e-mail.<\/p>\n\n\n\n<p>Mantemos dados pessoais com o objectivo de lhe enviar not\u00edcias e notifica\u00e7\u00f5es at\u00e9 que voc\u00ea decida n\u00e3o utilizar os seus dados para esse efeito.<\/p>\n\n\n\n<p><strong>1.7. Voc\u00ea regista-se e participa nos nossos eventos<\/strong><\/p>\n\n\n\n<p>Quando se registar nos nossos &#8216;dias do cliente&#8217; ou eventos p\u00fablicos, manteremos os seus dados pessoais que foram fornecidos por si ou por empresa relacionada consigo.<\/p>\n\n\n\n<p>Quando se registrar para participa\u00e7\u00e3o em eventos, processaremos o seu primeiro nome, apelido e email, para melhor organizar o evento e possibilitar a sua participa\u00e7\u00e3o no evento.<\/p>\n\n\n\n<p>A base jur\u00eddica para o tratamento de dados pessoais \u00e9 o nosso leg\u00edtimo interesse em possibilitar a sua participa\u00e7\u00e3o no evento, caso assim o queira e para garantir o sucesso do evento (GDPR Artigo 6(1)(f)).<\/p>\n\n\n\n<p>Por vezes os eventos da INVEGO s\u00e3o fotografados ou filmados. O objectivo \u00e9 criar um registo agrad\u00e1vel para circularmos informa\u00e7\u00e3o das nossas actividades para al\u00e9m dos canais internos da INVEGO (social-media, canais media e nosso website). Caso se verifiquem fotos ou filmagens inform\u00e1-lo-emos antes e durante o evento. Ter\u00e1 sempre o direito de recusar ser filmado informando para isso a pessoa que est\u00e1 a realizar a filmagem. A base legal neste caso \u00e9 o nosso interesse leg\u00edtimo em obter grava\u00e7\u00f5es de eventos que organizamos (GDPR Artigo 6(1)(f) ou &amp; 11 da Acta de Protec\u00e7\u00e3o de Dado Pessoais (PDPA)).<\/p>\n\n\n\n<p>Mantemos os dados pessoais pelo tempo que for necess\u00e1rio com a finalidade de conduzir e documentar o evento.<\/p>\n\n\n\n<p><strong>1.8. Voc\u00ea entra em contacto conosco<\/strong><\/p>\n\n\n\n<p>Quando nos contactar (por ex: por e-mail, carta ou telefone), processaremos os dados pessoais fornecidos (primeiro nome e apelido, detalhes de contacto, detalhes do conte\u00fado do inqu\u00e9rito) para dar resposta ao seu inqu\u00e9rito.<\/p>\n\n\n\n<p>A base jur\u00eddica para o tratamento de dados pessoais \u00e9 o seu consentimento (GDPR Artigo 5(1) (a)) e \/ou o nosso leg\u00edtimo interesse em responder e\/ou resolver o seu inqu\u00e9rito (GDPR Artigo 6(1)(f)).<\/p>\n\n\n\n<p>Mantemos os dados pesoais pelo tempo que for necess\u00e1rio para gerir e responder a inqu\u00e9ritos ou tomar as medidas necess\u00e1rias relacionadas com a consulta.<\/p>\n\n\n\n<p><strong>1.9. Voc\u00ea visita o nosso site<\/strong><\/p>\n\n\n\n<p>Utilizamos uma s\u00e9rie de cookies no nosso site, atrav\u00e9s dos quais recolhemos tamb\u00e9m dados pessoais. Dependendo do objectivo em recolher dados pessoais, a base legal para o processamento \u00e9 o nosso leg\u00edtimo interesse em garantir a funcionalidade do site (GDPR artigo 6(19(f) ou o seu consentimento ( GDPR Artigo 6(1)(a)).<\/p>\n\n\n\n<p>Pode-se encontrar mais informa\u00e7\u00e3o sobre cookies no painel de preferencias de cookies apresentado quando se entra no site da INVEGO. Pode-se abrir mais tarde este painel clicando no cookie rotulado de &#8216;preferencias consentidas&#8217; localizado no canto do site.<\/p>\n\n\n\n<p><strong>1.10.<\/strong> <strong>Est\u00e1 ligado \u00e0 nossa empresa por qualquer uma das situa\u00e7\u00f5es acima referidas<\/strong><\/p>\n\n\n\n<p>Para al\u00e9m dos prop\u00f3sitos acima referidos, podemos precisar de processar dados pessoais para proteger os nossos direitos ( por ex. numa disputa legal entre n\u00f3s) ou para resolver um pedido que tenha submetido para exerc\u00edcio dos seus direios relacionados com os seus dados pessoais.<\/p>\n\n\n\n<p>A base legal para o processamento de dados pessoais, em casos em que \u00e9 necess\u00e1rio proteger direitos, \u00e9 o nosso leg\u00edtimo interesse da\u00ed resultante (GDPR Artigo 6(1)(f)). \u00c9 obrigat\u00f3rio solucionar um pedido relacionado a dados pessoais (conforme GDPR), sendo por isso que processamos dados para o cumprimento de obriga\u00e7\u00f5es legais (GDPR artigo 6(1)(c)).<\/p>\n\n\n\n<p>Mantemos dados pessoais pelo tempo que for necess\u00e1rio para proteger os nossos direitos ou cumprir com as nossas obriga\u00e7\u00f5es legais<\/p>\n\n\n\n<p><strong>Armazenamento de dados pessoais para a protec\u00e7\u00e3o de direitos e cumprimento de obriga\u00e7\u00f5es legais.<\/strong><\/p>\n\n\n\n<p>Para al\u00e9m de guardar dados pessoais com o principal prop\u00f3sito de recolha e processamento, podemos por vezes ter de guardar dados pessoais mesmo para al\u00e9m desse prop\u00f3sito e com o fim de proteger os nossos direitos (por regra durante 3 anos baseado no prazo m\u00ednimo de tempo para reclama\u00e7\u00f5es) e de cumprir obriga\u00e7\u00f5es decorrentes (para respeitar obriga\u00e7\u00f5es fiscais, mantemos dados relacionados com pagamento durante 7 anos a partir do ano fiscal relevante).<\/p>\n\n\n\n<p><strong>2. Com quem partilhamos informa\u00e7\u00e3o de dados pessoais?<\/strong><\/p>\n\n\n\n<p>No decurso das nossas atividades podemos tamb\u00e9m de necessitar de partilhar dados pessoais com terceiros que processam dados pessoais, como nossos processadores ou de forma independente. Por exemplo podemos aceder a dados pessoais no curso da presta\u00e7\u00e3o de servi\u00e7os pelo nosso servi\u00e7o de IT, pelo fornecedor de servi\u00e7o de gest\u00e3o rela\u00e7\u00e3o cliente, fonecedor de servi\u00e7o contabil\u00edstico, os nossos auditores, fornecedores de servi\u00e7o legal, not\u00e1rios, constru\u00e7\u00e3o, parceiros de gest\u00e3o e manuten\u00e7\u00e3o, parceiros de garantias, servi\u00e7os de marketing e fornecedores de servi\u00e7os de seguros.<\/p>\n\n\n\n<p>Tamb\u00e9m podemos necessitar de fornecer acesso a dados pessoais, quando isso for apropriado e esteja relacionado com restrutura\u00e7\u00e3o, fus\u00e3o, aquisi\u00e7\u00e3o, venda ou outra transac\u00e7\u00e3o da INVEGO ou em rela\u00e7\u00e3o a cess\u00e3o de reclama\u00e7\u00f5es.<\/p>\n\n\n\n<p>S\u00f3 partilhamos dados pessoais com terceiros quando tivermos uma base legal para assim proceder.<\/p>\n\n\n\n<p>Geralmente a INVEGO n\u00e3o processa dados pessoais fora do espa\u00e7o econ\u00f3mico europeu. No entanto se algum dos nossos prestadores de servi\u00e7os o fizer, celebramos os respectivos acordos contratuais e implementamos medidas de protec\u00e7\u00e3o que sejam consistentes com o GDPR para garantir que os seus dados pessoais estejam protegidos.<\/p>\n\n\n\n<p><strong>3. Quais s\u00e3o os seus direitos relativamente aos seus dados pessoais ?<\/strong><\/p>\n\n\n\n<p>Se tiver alguma d\u00favida sobre o processamento dos seus dados pessoais ou se desejar exercer os seus direitos entre em contacto conosco pelo e.mail <a href=\"mailto:info@invego.ee\">info@invego.ee<\/a><\/p>\n\n\n\n<p>Os seus direitos, relativamente aos seus dados pessoais, n\u00e3o s\u00e3o absolutos e nem sempre seremos obrigados ou capazes de tomar a ac\u00e7\u00e3o que nos solicitou.<\/p>\n\n\n\n<p>Ao processar dados pessoais com base em interesse leg\u00edtimo, realiz\u00e1mos pr\u00e9viamente a pondera\u00e7\u00e3o de outros interesses opostos, durante o qual avali\u00e1mos se o nosso interesse em processar dados supera os seus interesses, direitos e liberdades, sendo os seus dados pessoais sempre protegidos. Voc\u00ea tem sempre o direito de se opor a tal processamento.<\/p>\n\n\n\n<p>Se processarmos dados pessoais com base no seu consentimento. voc\u00ea tem o direito de retirar o consentimento dado. No entanto, deve-se observar que a retirada do consentimento nao afecta a legalidade do processamento de dados pessoais j\u00e1 realizado com o seu consentimento.<\/p>\n\n\n\n<p>Adicionalmente tambem tem o direito de:<\/p>\n\n\n\n<ul class=\"wp-block-list\">\n<li>Solicitar que forne\u00e7amos todos os dados pessoais que processamos sobre voc\u00ea. Para isto solicitamos que esclare\u00e7a se deseja a confirma\u00e7\u00e3o dos dados pessoais que mantemos sobre voc\u00ea ou se deseja c\u00f3pia dos seus dados pessoais.<\/li>\n\n\n\n<li>Solicitar a rectifica\u00e7\u00e3o dos seus dados pessoais. O exerc\u00edcio do direito de rectificar dados pessoais requer que os mesmos estejam incorrectos ou incompletos. Se este for o caso, iremos rectifcar ou completar os dados pessoais. Para isso pedimos que especifique no pedido quais os dados pessoais que precisam de ser rectificados.<\/li>\n\n\n\n<li>A solicita\u00e7\u00e3o da restri\u00e7\u00e3o do processamento do seus dados pessoais aplica-se se : (I) os seus dados pessoais est\u00e3o incorrectos e estamos a verificar a sua precis\u00e3o. (II) se o processamento de dados for il\u00edcito mas voc\u00ea n\u00e3o desejar que os dados sejam apagados e, em vez disso , solicita a limita\u00e7\u00e3o do processamento. (III) n\u00e3o precisamos mais dos seus dados pessoais para fins de processamento mas voc\u00ea e\/ou a sua empresa precisam deles para a defini\u00e7\u00e3o, exerc\u00edcio ou defesa das suas reclama\u00e7\u00f5es legais; (IV) voc\u00ea op\u00f4s-se ao processamento de dados pessoais e n\u00f3s verificamos se os fundamentos leg\u00edtimos ao processamento superam os motivos apresentados para interromper o processamento. Mesmo que o processamento de dados pessoais tenha sido restringido, podemos processar os dados pessoais se : (I) voc\u00ea tenha garantido o seu consentimento para o processamento; (II) precisamos dos dados para defini\u00e7\u00e3o ou exerc\u00edcio de reivindica\u00e7\u00f5es legais ou para defesa das nossas reivindica\u00e7\u00f5es; (III) precisamos dos dados para a protec\u00e7\u00e3o dos direitos de uma pessoa singular ou jur\u00eddica; (IV) os dados devem ser processados por raz\u00f5es de interesse p\u00fablico importante.<\/li>\n\n\n\n<li>Solicitar a exclus\u00e3o dos seus dados pessoais. Pode solicitar a exclus\u00e3o dos seus dados pessoais se: (I) n\u00e3o precisamos mais dos seus dados pessoais para a finalidade para os quais foram recolhidos; (II) voc\u00ea deseja retirar o seu consentimento para o processamento de dados pessoais sem que tenhamos outra base legal para continuar o processamento dos dados;(III) voc\u00ea op\u00f5e-se ao processamento dos seus dados pessoais e n\u00f3s n\u00e3o temos quaisquer outros motivos legais para continuar.(IV) n\u00f3s process\u00e1mos os dados ilegalmente;(V) a elimina\u00e7\u00e3o \u00e9 necess\u00e1ria para cumprir uma obriga\u00e7\u00e3o legal. No entanto, apesar do exposto, se precisarmos de continuar a processar os dados pessoais para cumprir a nossa obriga\u00e7\u00e3o legal ou proteger os nossos direitos, pode n\u00e3o ser poss\u00edvel apagar os seus dados pessoais. De qualquer forma, explicaremos porque n\u00e3o somos capazes de apagar os dados pessoais.<\/li>\n\n\n\n<li>Solicitar a restri\u00e7\u00e3o do processamento dos seus dados pessoais. Isto aplica-se se :(I)os seus dados pessoais est\u00e3o incorrectos e estamos a verificar a sua exatid\u00e3o;(II)o processamento de dados \u00e9 ilegal mas voc\u00ea n\u00e3o pretende que os dados sejam apagados e, em vez disso, solicita a restri\u00e7\u00e3o do processamento; (III) n\u00f3s j\u00e1 n\u00e3o precisamos dos seus dados pessoais mas voc\u00ea e\/ou a sua empresa os exigem para o exerc\u00edcio do estabelecimento ou defesa das suas reivindica\u00e7\u00f5es legais; (IV) voc\u00ea op\u00f4s-se ao processamento de dados pessoais e estamos a verificar se os nossos fundamentos legais para processamento superam os motivos apresentados para interromper o processamento. Mesmo que o processamento de dados tenha sido restrito, podemos processar dados se : (I)voc\u00ea garantiu o seu consentimento para o processamento;(II) precisamos dos dados para estabelecimento ou exerc\u00edcio de reivindica\u00e7\u00f5es legais ou para a defesa das reivindica\u00e7\u00f5es apresentadas por n\u00f3s;(III)precisamos dos dados para a protec\u00e7\u00e3o dos direitos de uma pessoa singular ou juridica; ou(IV) os dados devem ser processados por raz\u00f5es de importante interesse p\u00fablico.<\/li>\n\n\n\n<li>Solicitar a transferencia do seus dados pessoais. Pode solicitar a disponibiliza\u00e7\u00e3o dos seus dados num formato estruturado, de uso comum, de formato leg\u00edvel e transferir os dados para outro controlador de dados (ou solicitar que n\u00f3s fa\u00e7amos a transferencia dos dados), caso o processamento for baseado no seu consentimento ou em contrato conosco, e o processamento de dados seja realizado por meios autom\u00e1ticos.<\/li>\n<\/ul>\n\n\n\n<p>Responderemos \u00e0 sua solicita\u00e7\u00e3o dentro de um m\u00eas, a menos que existam circunstancias que requeiram tempo adicional para fornecer uma resposta. Em qualquer caso inform\u00e1-lo-emos dentro de um m\u00eas.<\/p>\n\n\n\n<p>Pode tamb\u00e9m apresentar queixa \u00e0 Inspec\u00e7\u00e3o de Protec\u00e7\u00e3o de Dados da Est\u00f3nia se achar que o tratamento dos seus dados pessoais n\u00e3o decorreu de acordo com as leis aplic\u00e1veis \u00e0 protec\u00e7\u00e3o de dados e que os seus diteitos foram de alguma forma violados (endere\u00e7o da Inspec\u00e7\u00e3o de Protec\u00e7\u00e3o de dados : Tatari 39, 10134 Tallinn, telefone +372 627 4135, e.mail :info@aki.ee) . Caso a sua residencia permanente, local de trabalho ou local de infrac\u00e7\u00e3o seja num outro Estado Membro, voc\u00ea tem o direito de apresentar queixa \u00e0 Autoridade Supervisora de Protec\u00e7\u00e3o de Dados desse pa\u00eds. Contudo, em caso de qualquer quest\u00e3o recomendamos que sempre contacte a INVEGO em primeiro lugar.<\/p>\n\n\n\n<p><strong>4. Altera\u00e7\u00f5es \u00e0 Nota de Privacidade<\/strong><\/p>\n\n\n\n<p>Caso necessitemos de alterar os termos da Nota de Privacidade, notificaremos sempre sobre essas altera\u00e7\u00f5es atrav\u00e9s do nosso site <a href=\"https:\/\/invego.ee\/\" target=\"_blank\" rel=\"noopener\">https:\/\/invego.ee\/<\/a>.<\/p>\n\n\n\n<p>\u00daltima atualiza\u00e7\u00e3o da Nota de Privacidade em 2 de Dezembro 2024<\/p>\n","protected":false},"excerpt":{"rendered":"Nota de Privacidade da Invego Neste Aviso de Privacidade, descrevemos como a INVEGO O\u00dc, com o c\u00f3digo de registo 11790620 ( a seguir designada por INVEGO), enquanto respons\u00e1vel pelo tratamento de dados, processa os seus dados pessoais. Deve saber que dados pessoais se referem a informa\u00e7\u00e3o relativa a uma pessoa singular identificada ou identific\u00e1vel (isto [&hellip;]","protected":false},"author":1,"featured_media":0,"parent":0,"menu_order":0,"comment_status":"closed","ping_status":"closed","template":"page-templates\/template-policy.php","meta":{"_acf_changed":false,"footnotes":""},"class_list":["post-6430","page","type-page","status-publish","hentry"],"acf":[],"_links":{"self":[{"href":"https:\/\/silveshills.com\/pt\/wp-json\/wp\/v2\/pages\/6430","targetHints":{"allow":["GET"]}}],"collection":[{"href":"https:\/\/silveshills.com\/pt\/wp-json\/wp\/v2\/pages"}],"about":[{"href":"https:\/\/silveshills.com\/pt\/wp-json\/wp\/v2\/types\/page"}],"author":[{"embeddable":true,"href":"https:\/\/silveshills.com\/pt\/wp-json\/wp\/v2\/users\/1"}],"replies":[{"embeddable":true,"href":"https:\/\/silveshills.com\/pt\/wp-json\/wp\/v2\/comments?post=6430"}],"version-history":[{"count":1,"href":"https:\/\/silveshills.com\/pt\/wp-json\/wp\/v2\/pages\/6430\/revisions"}],"predecessor-version":[{"id":6432,"href":"https:\/\/silveshills.com\/pt\/wp-json\/wp\/v2\/pages\/6430\/revisions\/6432"}],"wp:attachment":[{"href":"https:\/\/silveshills.com\/pt\/wp-json\/wp\/v2\/media?parent=6430"}],"curies":[{"name":"wp","href":"https:\/\/api.w.org\/{rel}","templated":true}]}}